{"id":8212,"date":"2026-05-05T07:01:47","date_gmt":"2026-05-05T07:01:47","guid":{"rendered":"https:\/\/masterpiel.com\/?page_id=8212"},"modified":"2026-05-05T08:22:03","modified_gmt":"2026-05-05T08:22:03","slug":"novedades-masterpiel","status":"publish","type":"page","link":"https:\/\/masterpiel.com\/cat\/novedades-masterpiel\/","title":{"rendered":"Novedades"},"content":{"rendered":"<div data-elementor-type=\"wp-page\" data-elementor-id=\"8212\" class=\"elementor elementor-8212\" data-elementor-post-type=\"page\">\n\t\t\t\t\t\t<section class=\"elementor-section elementor-top-section elementor-element elementor-element-8734332 elementor-section-boxed elementor-section-height-default elementor-section-height-default\" data-id=\"8734332\" data-element_type=\"section\" data-e-type=\"section\">\n\t\t\t\t\t\t<div class=\"elementor-container elementor-column-gap-default\">\n\t\t\t\t\t<div class=\"elementor-column elementor-col-100 elementor-top-column elementor-element elementor-element-b689cce\" data-id=\"b689cce\" data-element_type=\"column\" data-e-type=\"column\">\n\t\t\t<div class=\"elementor-widget-wrap elementor-element-populated\">\n\t\t\t\t\t\t<div class=\"elementor-element elementor-element-3945154 elementor-widget elementor-widget-heading\" data-id=\"3945154\" data-element_type=\"widget\" data-e-type=\"widget\" data-widget_type=\"heading.default\">\n\t\t\t\t<div class=\"elementor-widget-container\">\n\t\t\t\t\t<h1 class=\"elementor-heading-title elementor-size-default\">Novedades Masterpiel<\/h1>\t\t\t\t<\/div>\n\t\t\t\t<\/div>\n\t\t\t\t<div class=\"elementor-element elementor-element-4d4c767 elementor-widget elementor-widget-spacer\" data-id=\"4d4c767\" data-element_type=\"widget\" data-e-type=\"widget\" data-widget_type=\"spacer.default\">\n\t\t\t\t<div class=\"elementor-widget-container\">\n\t\t\t\t\t\t\t<div class=\"elementor-spacer\">\n\t\t\t<div class=\"elementor-spacer-inner\"><\/div>\n\t\t<\/div>\n\t\t\t\t\t\t<\/div>\n\t\t\t\t<\/div>\n\t\t\t\t\t<\/div>\n\t\t<\/div>\n\t\t\t\t\t<\/div>\n\t\t<\/section>\n\t\t\t\t<section class=\"elementor-section elementor-top-section elementor-element elementor-element-07d2fa3 elementor-section-full_width elementor-section-height-default elementor-section-height-default\" data-id=\"07d2fa3\" data-element_type=\"section\" data-e-type=\"section\">\n\t\t\t\t\t\t<div class=\"elementor-container elementor-column-gap-default\">\n\t\t\t\t\t<div class=\"elementor-column elementor-col-100 elementor-top-column elementor-element elementor-element-073d78f\" data-id=\"073d78f\" data-element_type=\"column\" data-e-type=\"column\">\n\t\t\t<div class=\"elementor-widget-wrap elementor-element-populated\">\n\t\t\t\t\t\t<div class=\"elementor-element elementor-element-a55c97b elementor-widget elementor-widget-image\" data-id=\"a55c97b\" data-element_type=\"widget\" data-e-type=\"widget\" data-widget_type=\"image.default\">\n\t\t\t\t<div class=\"elementor-widget-container\">\n\t\t\t\t\t\t\t\t\t\t\t\t\t\t\t<img fetchpriority=\"high\" decoding=\"async\" width=\"1024\" height=\"487\" src=\"https:\/\/masterpiel.com\/wp-content\/uploads\/2026\/05\/novedades-banner-1024x487.webp\" class=\"attachment-large size-large wp-image-8214\" alt=\"\" srcset=\"https:\/\/masterpiel.com\/wp-content\/uploads\/2026\/05\/novedades-banner-1024x487.webp 1024w, https:\/\/masterpiel.com\/wp-content\/uploads\/2026\/05\/novedades-banner-300x143.webp 300w, https:\/\/masterpiel.com\/wp-content\/uploads\/2026\/05\/novedades-banner-768x365.webp 768w, https:\/\/masterpiel.com\/wp-content\/uploads\/2026\/05\/novedades-banner-18x9.webp 18w, https:\/\/masterpiel.com\/wp-content\/uploads\/2026\/05\/novedades-banner-350x167.webp 350w, https:\/\/masterpiel.com\/wp-content\/uploads\/2026\/05\/novedades-banner-680x324.webp 680w, https:\/\/masterpiel.com\/wp-content\/uploads\/2026\/05\/novedades-banner.webp 1402w\" sizes=\"(max-width: 1024px) 100vw, 1024px\" title=\"\">\t\t\t\t\t\t\t\t\t\t\t\t\t\t\t<\/div>\n\t\t\t\t<\/div>\n\t\t\t\t\t<\/div>\n\t\t<\/div>\n\t\t\t\t\t<\/div>\n\t\t<\/section>\n\t\t\t\t<section class=\"elementor-section elementor-top-section elementor-element elementor-element-8d2c768 elementor-section-boxed elementor-section-height-default elementor-section-height-default\" data-id=\"8d2c768\" data-element_type=\"section\" data-e-type=\"section\">\n\t\t\t\t\t\t<div class=\"elementor-container elementor-column-gap-default\">\n\t\t\t\t\t<div class=\"elementor-column elementor-col-16 elementor-top-column elementor-element elementor-element-42a08bc\" data-id=\"42a08bc\" data-element_type=\"column\" data-e-type=\"column\">\n\t\t\t<div class=\"elementor-widget-wrap\">\n\t\t\t\t\t\t\t<\/div>\n\t\t<\/div>\n\t\t\t\t<div class=\"elementor-column elementor-col-66 elementor-top-column elementor-element elementor-element-bedb56e\" data-id=\"bedb56e\" data-element_type=\"column\" data-e-type=\"column\">\n\t\t\t<div class=\"elementor-widget-wrap elementor-element-populated\">\n\t\t\t\t\t\t<div class=\"elementor-element elementor-element-e3f2abc elementor-widget elementor-widget-text-editor\" data-id=\"e3f2abc\" data-element_type=\"widget\" data-e-type=\"widget\" data-widget_type=\"text-editor.default\">\n\t\t\t\t<div class=\"elementor-widget-container\">\n\t\t\t\t\t\t\t\t\t<p>Bienvenido a nuestro espacio de inspiraci\u00f3n <strong>MASTERPIEL<\/strong>. Aqu\u00ed, el dise\u00f1o se encuentra con la funcionalidad para transformar tus ambientes en lugares \u00fanicos. Hemos curado cuidadosamente nuestras \u00faltimas incorporaciones, pensando en quienes buscan elevar la est\u00e9tica de su hogar sin sacrificar la comodidad.<\/p>\t\t\t\t\t\t\t\t<\/div>\n\t\t\t\t<\/div>\n\t\t\t\t<div class=\"elementor-element elementor-element-6c1fb58 elementor-widget elementor-widget-spacer\" data-id=\"6c1fb58\" data-element_type=\"widget\" data-e-type=\"widget\" data-widget_type=\"spacer.default\">\n\t\t\t\t<div class=\"elementor-widget-container\">\n\t\t\t\t\t\t\t<div class=\"elementor-spacer\">\n\t\t\t<div class=\"elementor-spacer-inner\"><\/div>\n\t\t<\/div>\n\t\t\t\t\t\t<\/div>\n\t\t\t\t<\/div>\n\t\t\t\t\t<\/div>\n\t\t<\/div>\n\t\t\t\t<div class=\"elementor-column elementor-col-16 elementor-top-column elementor-element elementor-element-e1bb223\" data-id=\"e1bb223\" data-element_type=\"column\" data-e-type=\"column\">\n\t\t\t<div class=\"elementor-widget-wrap\">\n\t\t\t\t\t\t\t<\/div>\n\t\t<\/div>\n\t\t\t\t\t<\/div>\n\t\t<\/section>\n\t\t\t\t<section class=\"elementor-section elementor-top-section elementor-element elementor-element-f7c45e8 elementor-section-boxed elementor-section-height-default elementor-section-height-default\" data-id=\"f7c45e8\" data-element_type=\"section\" data-e-type=\"section\">\n\t\t\t\t\t\t<div class=\"elementor-container elementor-column-gap-default\">\n\t\t\t\t\t<div class=\"elementor-column elementor-col-100 elementor-top-column elementor-element elementor-element-e4c8633\" data-id=\"e4c8633\" data-element_type=\"column\" data-e-type=\"column\">\n\t\t\t<div class=\"elementor-widget-wrap elementor-element-populated\">\n\t\t\t\t\t\t<div class=\"elementor-element elementor-element-c660df7 elementor-grid-3 elementor-grid-tablet-2 elementor-grid-mobile-1 elementor-posts--thumbnail-top elementor-card-shadow-yes elementor-posts__hover-gradient elementor-widget elementor-widget-posts\" data-id=\"c660df7\" data-element_type=\"widget\" data-e-type=\"widget\" data-settings=\"{&quot;cards_masonry&quot;:&quot;yes&quot;,&quot;cards_columns&quot;:&quot;3&quot;,&quot;cards_columns_tablet&quot;:&quot;2&quot;,&quot;cards_columns_mobile&quot;:&quot;1&quot;,&quot;cards_row_gap&quot;:{&quot;unit&quot;:&quot;px&quot;,&quot;size&quot;:35,&quot;sizes&quot;:[]},&quot;cards_row_gap_tablet&quot;:{&quot;unit&quot;:&quot;px&quot;,&quot;size&quot;:&quot;&quot;,&quot;sizes&quot;:[]},&quot;cards_row_gap_mobile&quot;:{&quot;unit&quot;:&quot;px&quot;,&quot;size&quot;:&quot;&quot;,&quot;sizes&quot;:[]}}\" data-widget_type=\"posts.cards\">\n\t\t\t\t<div class=\"elementor-widget-container\">\n\t\t\t\t\t\t\t<div class=\"elementor-posts-container elementor-posts elementor-posts--skin-cards elementor-grid\" role=\"list\">\n\t\t\t\t<article class=\"elementor-post elementor-grid-item post-8285 post type-post status-publish format-standard has-post-thumbnail hentry category-sillones tag-sofas\" role=\"listitem\">\n\t\t\t<div class=\"elementor-post__card\">\n\t\t\t\t<a class=\"elementor-post__thumbnail__link\" href=\"https:\/\/masterpiel.com\/cat\/2026\/05\/05\/sillon-mayfair-stressless\/\" tabindex=\"-1\" target=\"_blank\"><div class=\"elementor-post__thumbnail\"><img decoding=\"async\" width=\"300\" height=\"200\" src=\"https:\/\/masterpiel.com\/wp-content\/uploads\/2026\/05\/MAYFAIR-AMB-MOBLES-MOBENIA-300x200.webp\" class=\"attachment-medium size-medium wp-image-8278\" alt=\"\" srcset=\"https:\/\/masterpiel.com\/wp-content\/uploads\/2026\/05\/MAYFAIR-AMB-MOBLES-MOBENIA-300x200.webp 300w, https:\/\/masterpiel.com\/wp-content\/uploads\/2026\/05\/MAYFAIR-AMB-MOBLES-MOBENIA-1024x683.webp 1024w, https:\/\/masterpiel.com\/wp-content\/uploads\/2026\/05\/MAYFAIR-AMB-MOBLES-MOBENIA-768x512.webp 768w, https:\/\/masterpiel.com\/wp-content\/uploads\/2026\/05\/MAYFAIR-AMB-MOBLES-MOBENIA-18x12.webp 18w, https:\/\/masterpiel.com\/wp-content\/uploads\/2026\/05\/MAYFAIR-AMB-MOBLES-MOBENIA-350x233.webp 350w, https:\/\/masterpiel.com\/wp-content\/uploads\/2026\/05\/MAYFAIR-AMB-MOBLES-MOBENIA-680x453.webp 680w, https:\/\/masterpiel.com\/wp-content\/uploads\/2026\/05\/MAYFAIR-AMB-MOBLES-MOBENIA.webp 1536w\" sizes=\"(max-width: 300px) 100vw, 300px\" title=\"\"><\/div><\/a>\n\t\t\t\t<div class=\"elementor-post__badge\">Butaques<\/div>\n\t\t\t\t<div class=\"elementor-post__text\">\n\t\t\t\t<h3 class=\"elementor-post__title\">\n\t\t\t<a href=\"https:\/\/masterpiel.com\/cat\/2026\/05\/05\/sillon-mayfair-stressless\/\" target=\"&quot;_blank&quot;\">\n\t\t\t\tSill\u00f3n MAYFAIR Stressless\t\t\t<\/a>\n\t\t<\/h3>\n\t\t\t\t<div class=\"elementor-post__excerpt\">\n\t\t\t<p>Sill\u00f3n MAYFAIR Stressless Sal\u00f3n moderno y luminoso que transmite una sensaci\u00f3n de calma y confort absoluto. En el centro de la composici\u00f3n, sobre una pared<\/p>\n\t\t<\/div>\n\t\t\n\t\t<a class=\"elementor-post__read-more\" href=\"https:\/\/masterpiel.com\/cat\/2026\/05\/05\/sillon-mayfair-stressless\/\" aria-label=\"Read more about Sill\u00f3n MAYFAIR Stressless\" tabindex=\"-1\" target=\"_blank\">\n\t\t\tLeer m\u00e1s \u00bb\t\t<\/a>\n\n\t\t\t\t<\/div>\n\t\t\t\t<div class=\"elementor-post__meta-data\">\n\t\t\t\t\t<span class=\"elementor-post-date\">\n\t\t\tmaig 5, 2026\t\t<\/span>\n\t\t\t\t<\/div>\n\t\t\t\t\t<\/div>\n\t\t<\/article>\n\t\t\t\t<article class=\"elementor-post elementor-grid-item post-8270 post type-post status-publish format-standard has-post-thumbnail hentry category-sofass tag-sofas\" role=\"listitem\">\n\t\t\t<div class=\"elementor-post__card\">\n\t\t\t\t<a class=\"elementor-post__thumbnail__link\" href=\"https:\/\/masterpiel.com\/cat\/2026\/05\/05\/sofa-clear-masterpiel\/\" tabindex=\"-1\" target=\"_blank\"><div class=\"elementor-post__thumbnail\"><img decoding=\"async\" width=\"300\" height=\"225\" src=\"https:\/\/masterpiel.com\/wp-content\/uploads\/2026\/05\/CLEAR-TREKU-DECORAT-300x225.webp\" class=\"attachment-medium size-medium wp-image-8281\" alt=\"\" srcset=\"https:\/\/masterpiel.com\/wp-content\/uploads\/2026\/05\/CLEAR-TREKU-DECORAT-300x225.webp 300w, https:\/\/masterpiel.com\/wp-content\/uploads\/2026\/05\/CLEAR-TREKU-DECORAT-1024x768.webp 1024w, https:\/\/masterpiel.com\/wp-content\/uploads\/2026\/05\/CLEAR-TREKU-DECORAT-768x576.webp 768w, https:\/\/masterpiel.com\/wp-content\/uploads\/2026\/05\/CLEAR-TREKU-DECORAT-16x12.webp 16w, https:\/\/masterpiel.com\/wp-content\/uploads\/2026\/05\/CLEAR-TREKU-DECORAT-350x263.webp 350w, https:\/\/masterpiel.com\/wp-content\/uploads\/2026\/05\/CLEAR-TREKU-DECORAT-680x510.webp 680w, https:\/\/masterpiel.com\/wp-content\/uploads\/2026\/05\/CLEAR-TREKU-DECORAT.webp 1448w\" sizes=\"(max-width: 300px) 100vw, 300px\" title=\"\"><\/div><\/a>\n\t\t\t\t<div class=\"elementor-post__badge\">Sof\u00e0s<\/div>\n\t\t\t\t<div class=\"elementor-post__text\">\n\t\t\t\t<h3 class=\"elementor-post__title\">\n\t\t\t<a href=\"https:\/\/masterpiel.com\/cat\/2026\/05\/05\/sofa-clear-masterpiel\/\" target=\"&quot;_blank&quot;\">\n\t\t\t\tSof\u00e1 CLEAR Masterpiel\t\t\t<\/a>\n\t\t<\/h3>\n\t\t\t\t<div class=\"elementor-post__excerpt\">\n\t\t\t<p>Sof\u00e1 CLEAR Masterpiel El sof\u00e1 modelo Clear de la colecci\u00f3n Masterpiel, tapizado en piel natural de alta calidad, es la combinaci\u00f3n perfecta de elegancia, confort<\/p>\n\t\t<\/div>\n\t\t\n\t\t<a class=\"elementor-post__read-more\" href=\"https:\/\/masterpiel.com\/cat\/2026\/05\/05\/sofa-clear-masterpiel\/\" aria-label=\"Read more about Sof\u00e1 CLEAR Masterpiel\" tabindex=\"-1\" target=\"_blank\">\n\t\t\tLeer m\u00e1s \u00bb\t\t<\/a>\n\n\t\t\t\t<\/div>\n\t\t\t\t<div class=\"elementor-post__meta-data\">\n\t\t\t\t\t<span class=\"elementor-post-date\">\n\t\t\tmaig 5, 2026\t\t<\/span>\n\t\t\t\t<\/div>\n\t\t\t\t\t<\/div>\n\t\t<\/article>\n\t\t\t\t<article class=\"elementor-post elementor-grid-item post-8249 post type-post status-publish format-standard has-post-thumbnail hentry category-salones tag-salon\" role=\"listitem\">\n\t\t\t<div class=\"elementor-post__card\">\n\t\t\t\t<a class=\"elementor-post__thumbnail__link\" href=\"https:\/\/masterpiel.com\/cat\/2026\/05\/05\/salon-masterpiel-mobenia-stressless-2\/\" tabindex=\"-1\" target=\"_blank\"><div class=\"elementor-post__thumbnail\"><img loading=\"lazy\" decoding=\"async\" width=\"300\" height=\"240\" src=\"https:\/\/masterpiel.com\/wp-content\/uploads\/2026\/05\/sofa-star-kendo-jazz-calla-y-claire-1-300x240.webp\" class=\"attachment-medium size-medium wp-image-8280\" alt=\"\" srcset=\"https:\/\/masterpiel.com\/wp-content\/uploads\/2026\/05\/sofa-star-kendo-jazz-calla-y-claire-1-300x240.webp 300w, https:\/\/masterpiel.com\/wp-content\/uploads\/2026\/05\/sofa-star-kendo-jazz-calla-y-claire-1-1024x819.webp 1024w, https:\/\/masterpiel.com\/wp-content\/uploads\/2026\/05\/sofa-star-kendo-jazz-calla-y-claire-1-768x615.webp 768w, https:\/\/masterpiel.com\/wp-content\/uploads\/2026\/05\/sofa-star-kendo-jazz-calla-y-claire-1-15x12.webp 15w, https:\/\/masterpiel.com\/wp-content\/uploads\/2026\/05\/sofa-star-kendo-jazz-calla-y-claire-1-350x280.webp 350w, https:\/\/masterpiel.com\/wp-content\/uploads\/2026\/05\/sofa-star-kendo-jazz-calla-y-claire-1-680x544.webp 680w, https:\/\/masterpiel.com\/wp-content\/uploads\/2026\/05\/sofa-star-kendo-jazz-calla-y-claire-1.webp 1402w\" sizes=\"(max-width: 300px) 100vw, 300px\" title=\"\"><\/div><\/a>\n\t\t\t\t<div class=\"elementor-post__badge\">salones<\/div>\n\t\t\t\t<div class=\"elementor-post__text\">\n\t\t\t\t<h3 class=\"elementor-post__title\">\n\t\t\t<a href=\"https:\/\/masterpiel.com\/cat\/2026\/05\/05\/salon-masterpiel-mobenia-stressless-2\/\" target=\"&quot;_blank&quot;\">\n\t\t\t\tSal\u00f3n  comedor Masterpiel &#8211; Mobenia &#8211; Calligaris\t\t\t<\/a>\n\t\t<\/h3>\n\t\t\t\t<div class=\"elementor-post__excerpt\">\n\t\t\t<p>Sal\u00f3n Masterpiel +Mobenia + Calligaris La imagen muestra un sal\u00f3n-comedor de estilo contempor\u00e1neo y elegante, con una cuidada selecci\u00f3n de mobiliario de alta gama y<\/p>\n\t\t<\/div>\n\t\t\n\t\t<a class=\"elementor-post__read-more\" href=\"https:\/\/masterpiel.com\/cat\/2026\/05\/05\/salon-masterpiel-mobenia-stressless-2\/\" aria-label=\"Read more about Sal\u00f3n  comedor Masterpiel &#8211; Mobenia &#8211; Calligaris\" tabindex=\"-1\" target=\"_blank\">\n\t\t\tLeer m\u00e1s \u00bb\t\t<\/a>\n\n\t\t\t\t<\/div>\n\t\t\t\t<div class=\"elementor-post__meta-data\">\n\t\t\t\t\t<span class=\"elementor-post-date\">\n\t\t\tmaig 5, 2026\t\t<\/span>\n\t\t\t\t<\/div>\n\t\t\t\t\t<\/div>\n\t\t<\/article>\n\t\t\t\t<article class=\"elementor-post elementor-grid-item post-8224 post type-post status-publish format-standard has-post-thumbnail hentry category-salones tag-salon\" role=\"listitem\">\n\t\t\t<div class=\"elementor-post__card\">\n\t\t\t\t<a class=\"elementor-post__thumbnail__link\" href=\"https:\/\/masterpiel.com\/cat\/2026\/05\/05\/salon-masterpiel-mobenia-stressless\/\" tabindex=\"-1\" target=\"_blank\"><div class=\"elementor-post__thumbnail\"><img loading=\"lazy\" decoding=\"async\" width=\"300\" height=\"240\" src=\"https:\/\/masterpiel.com\/wp-content\/uploads\/2026\/05\/clear-decorat-amb-un-stressless-1-300x240.webp\" class=\"attachment-medium size-medium wp-image-8279\" alt=\"\" srcset=\"https:\/\/masterpiel.com\/wp-content\/uploads\/2026\/05\/clear-decorat-amb-un-stressless-1-300x240.webp 300w, https:\/\/masterpiel.com\/wp-content\/uploads\/2026\/05\/clear-decorat-amb-un-stressless-1-1024x819.webp 1024w, https:\/\/masterpiel.com\/wp-content\/uploads\/2026\/05\/clear-decorat-amb-un-stressless-1-768x615.webp 768w, https:\/\/masterpiel.com\/wp-content\/uploads\/2026\/05\/clear-decorat-amb-un-stressless-1-15x12.webp 15w, https:\/\/masterpiel.com\/wp-content\/uploads\/2026\/05\/clear-decorat-amb-un-stressless-1-350x280.webp 350w, https:\/\/masterpiel.com\/wp-content\/uploads\/2026\/05\/clear-decorat-amb-un-stressless-1-680x544.webp 680w, https:\/\/masterpiel.com\/wp-content\/uploads\/2026\/05\/clear-decorat-amb-un-stressless-1.webp 1402w\" sizes=\"(max-width: 300px) 100vw, 300px\" title=\"\"><\/div><\/a>\n\t\t\t\t<div class=\"elementor-post__badge\">salones<\/div>\n\t\t\t\t<div class=\"elementor-post__text\">\n\t\t\t\t<h3 class=\"elementor-post__title\">\n\t\t\t<a href=\"https:\/\/masterpiel.com\/cat\/2026\/05\/05\/salon-masterpiel-mobenia-stressless\/\" target=\"&quot;_blank&quot;\">\n\t\t\t\tSal\u00f3n comedor Masterpiel &#8211; Mobenia &#8211; Stressless\t\t\t<\/a>\n\t\t<\/h3>\n\t\t\t\t<div class=\"elementor-post__excerpt\">\n\t\t\t<p>Sal\u00f3n Masterpiel +Mobenia + Stressless Este sal\u00f3n transmite equilibrio, calidez y sofisticaci\u00f3n a trav\u00e9s de una cuidada selecci\u00f3n de piezas y materiales naturales. El protagonista<\/p>\n\t\t<\/div>\n\t\t\n\t\t<a class=\"elementor-post__read-more\" href=\"https:\/\/masterpiel.com\/cat\/2026\/05\/05\/salon-masterpiel-mobenia-stressless\/\" aria-label=\"Read more about Sal\u00f3n comedor Masterpiel &#8211; Mobenia &#8211; Stressless\" tabindex=\"-1\" target=\"_blank\">\n\t\t\tLeer m\u00e1s \u00bb\t\t<\/a>\n\n\t\t\t\t<\/div>\n\t\t\t\t<div class=\"elementor-post__meta-data\">\n\t\t\t\t\t<span class=\"elementor-post-date\">\n\t\t\tmaig 5, 2026\t\t<\/span>\n\t\t\t\t<\/div>\n\t\t\t\t\t<\/div>\n\t\t<\/article>\n\t\t\t\t<\/div>\n\t\t\n\t\t\t\t\t\t<\/div>\n\t\t\t\t<\/div>\n\t\t\t\t\t<\/div>\n\t\t<\/div>\n\t\t\t\t\t<\/div>\n\t\t<\/section>\n\t\t\t\t<\/div>","protected":false},"excerpt":{"rendered":"<p>Novedades Masterpiel Bienvenido a nuestro espacio de inspiraci\u00f3n MASTERPIEL. Aqu\u00ed, el dise\u00f1o se encuentra con la funcionalidad para transformar tus ambientes en lugares \u00fanicos. Hemos curado cuidadosamente nuestras \u00faltimas incorporaciones, pensando en quienes buscan elevar la est\u00e9tica de su hogar sin sacrificar la comodidad.<\/p>","protected":false},"author":1,"featured_media":0,"parent":0,"menu_order":0,"comment_status":"closed","ping_status":"closed","template":"","meta":{"_acf_changed":false,"footnotes":""},"class_list":["post-8212","page","type-page","status-publish","hentry"],"acf":[],"_links":{"self":[{"href":"https:\/\/masterpiel.com\/cat\/wp-json\/wp\/v2\/pages\/8212","targetHints":{"allow":["GET"]}}],"collection":[{"href":"https:\/\/masterpiel.com\/cat\/wp-json\/wp\/v2\/pages"}],"about":[{"href":"https:\/\/masterpiel.com\/cat\/wp-json\/wp\/v2\/types\/page"}],"author":[{"embeddable":true,"href":"https:\/\/masterpiel.com\/cat\/wp-json\/wp\/v2\/users\/1"}],"replies":[{"embeddable":true,"href":"https:\/\/masterpiel.com\/cat\/wp-json\/wp\/v2\/comments?post=8212"}],"version-history":[{"count":19,"href":"https:\/\/masterpiel.com\/cat\/wp-json\/wp\/v2\/pages\/8212\/revisions"}],"predecessor-version":[{"id":8248,"href":"https:\/\/masterpiel.com\/cat\/wp-json\/wp\/v2\/pages\/8212\/revisions\/8248"}],"wp:attachment":[{"href":"https:\/\/masterpiel.com\/cat\/wp-json\/wp\/v2\/media?parent=8212"}],"curies":[{"name":"wp","href":"https:\/\/api.w.org\/{rel}","templated":true}]}}