{"id":2850,"date":"2023-10-05T10:30:24","date_gmt":"2023-10-05T10:30:24","guid":{"rendered":"https:\/\/dreamy-chatterjee.217-160-225-155.plesk.page\/product\/laurel\/"},"modified":"2025-07-24T08:20:24","modified_gmt":"2025-07-24T08:20:24","slug":"silla-laurel-stressless","status":"publish","type":"product","link":"https:\/\/masterpiel.com\/cat\/sillas\/silla-laurel-stressless\/","title":{"rendered":"Silla Laurel STRESSLESS"},"content":{"rendered":"<p>A\u00f1ada sabor al comedor. El dise\u00f1o escandinavo de l\u00edneas limpias que presenta la silla Stressless Laurel lleva a la mesa toda la comodidad por la que la marca Stressless es reconocida en todo el mundo. El exclusivo sistema BalanceAdapt combinado con el sistema Glide hacen que la silla se mueva con el cuerpo, para que todos los comensales puedan sentarse como reyes y reinas. La expresi\u00f3n \u00abequilibrio perfecto\u00bb\u2019 representa la mejor manera de describir a nuestras sillas Stressless Dining. El equilibrio perfecto entre comidas y bebidas deliciosas, una risa contagiosa, una gran conversaci\u00f3n y, no menos importante, sillas c\u00f3modas creadas para que los momentos memorables perduren.<\/p>","protected":false},"excerpt":{"rendered":"<p>A\u00f1ada sabor al comedor. El dise\u00f1o escandinavo de l\u00edneas limpias que presenta la silla Stressless Laurel lleva a la mesa toda la comodidad por la que la marca Stressless es reconocida en todo el mundo. El exclusivo sistema BalanceAdapt combinado con el sistema Glide hacen que la silla se mueva con el cuerpo, para que todos los comensales puedan sentarse como reyes y reinas. La expresi\u00f3n \u00abequilibrio perfecto\u00bb\u2019 representa la mejor manera de describir a nuestras sillas Stressless Dining. El equilibrio perfecto entre comidas y bebidas deliciosas, una risa contagiosa, una gran conversaci\u00f3n y, no menos importante, sillas c\u00f3modas creadas para que los momentos memorables perduren.<\/p>","protected":false},"featured_media":3888,"comment_status":"open","ping_status":"closed","template":"","meta":{"_acf_changed":false},"product_brand":[124],"product_cat":[59],"product_tag":[109],"class_list":{"0":"post-2850","1":"product","2":"type-product","3":"status-publish","4":"has-post-thumbnail","6":"product_brand-stressless","7":"product_cat-sillas","8":"product_tag-silla-stressless","10":"first","11":"instock","12":"shipping-taxable","13":"product-type-simple"},"acf":[],"_links":{"self":[{"href":"https:\/\/masterpiel.com\/cat\/wp-json\/wp\/v2\/product\/2850","targetHints":{"allow":["GET"]}}],"collection":[{"href":"https:\/\/masterpiel.com\/cat\/wp-json\/wp\/v2\/product"}],"about":[{"href":"https:\/\/masterpiel.com\/cat\/wp-json\/wp\/v2\/types\/product"}],"replies":[{"embeddable":true,"href":"https:\/\/masterpiel.com\/cat\/wp-json\/wp\/v2\/comments?post=2850"}],"version-history":[{"count":0,"href":"https:\/\/masterpiel.com\/cat\/wp-json\/wp\/v2\/product\/2850\/revisions"}],"wp:featuredmedia":[{"embeddable":true,"href":"https:\/\/masterpiel.com\/cat\/wp-json\/wp\/v2\/media\/3888"}],"wp:attachment":[{"href":"https:\/\/masterpiel.com\/cat\/wp-json\/wp\/v2\/media?parent=2850"}],"wp:term":[{"taxonomy":"product_brand","embeddable":true,"href":"https:\/\/masterpiel.com\/cat\/wp-json\/wp\/v2\/product_brand?post=2850"},{"taxonomy":"product_cat","embeddable":true,"href":"https:\/\/masterpiel.com\/cat\/wp-json\/wp\/v2\/product_cat?post=2850"},{"taxonomy":"product_tag","embeddable":true,"href":"https:\/\/masterpiel.com\/cat\/wp-json\/wp\/v2\/product_tag?post=2850"}],"curies":[{"name":"wp","href":"https:\/\/api.w.org\/{rel}","templated":true}]}}