{"id":2855,"date":"2023-10-05T10:30:25","date_gmt":"2023-10-05T10:30:25","guid":{"rendered":"https:\/\/dreamy-chatterjee.217-160-225-155.plesk.page\/product\/scott\/"},"modified":"2025-07-24T08:19:55","modified_gmt":"2025-07-24T08:19:55","slug":"sillon-stressless-scott","status":"publish","type":"product","link":"https:\/\/masterpiel.com\/cat\/sillones-relax-electrico\/sillon-stressless-scott\/","title":{"rendered":"Cadira Scott STRESSLESS"},"content":{"rendered":"<p>Con su dise\u00f1o moderno y elegante, el Stressless\u00ae Scott se adapta a la perfecci\u00f3n a cualquier espacio interior. El asiento y el respaldo est\u00e1n ligeramente curvados para ofrecer la m\u00e1xima comodidad para relajarse. El soporte para el cuello que puede regularse a distintas alturas. Todas las funciones de confort y los movimientos est\u00e1n motorizados, sincronizados y es posible ajustarlos individualmente. Personaliza tu sill\u00f3n eligiendo entre dos bases distintas y entre toda la gama de calidades y colores de pieles y telas.<\/p>","protected":false},"excerpt":{"rendered":"<p>Con su dise\u00f1o moderno y elegante, el Stressless\u00ae Scott se adapta a la perfecci\u00f3n a cualquier espacio interior. El asiento y el respaldo est\u00e1n ligeramente curvados para ofrecer la m\u00e1xima comodidad para relajarse. El soporte para el cuello que puede regularse a distintas alturas. Todas las funciones de confort y los movimientos est\u00e1n motorizados, sincronizados y es posible ajustarlos individualmente. Personaliza tu sill\u00f3n eligiendo entre dos bases distintas y entre toda la gama de calidades y colores de pieles y telas.<\/p>","protected":false},"featured_media":3885,"comment_status":"open","ping_status":"closed","template":"","meta":{"_acf_changed":false},"product_brand":[124],"product_cat":[95,60],"product_tag":[113,97,63],"class_list":{"0":"post-2855","1":"product","2":"type-product","3":"status-publish","4":"has-post-thumbnail","6":"product_brand-stressless","7":"product_cat-sillones-relax-electrico","8":"product_cat-sillones","9":"product_tag-sillon-stressless","10":"product_tag-sillones-relax-electrico","11":"product_tag-stressless","13":"first","14":"instock","15":"shipping-taxable","16":"product-type-simple"},"acf":[],"_links":{"self":[{"href":"https:\/\/masterpiel.com\/cat\/wp-json\/wp\/v2\/product\/2855","targetHints":{"allow":["GET"]}}],"collection":[{"href":"https:\/\/masterpiel.com\/cat\/wp-json\/wp\/v2\/product"}],"about":[{"href":"https:\/\/masterpiel.com\/cat\/wp-json\/wp\/v2\/types\/product"}],"replies":[{"embeddable":true,"href":"https:\/\/masterpiel.com\/cat\/wp-json\/wp\/v2\/comments?post=2855"}],"version-history":[{"count":0,"href":"https:\/\/masterpiel.com\/cat\/wp-json\/wp\/v2\/product\/2855\/revisions"}],"wp:featuredmedia":[{"embeddable":true,"href":"https:\/\/masterpiel.com\/cat\/wp-json\/wp\/v2\/media\/3885"}],"wp:attachment":[{"href":"https:\/\/masterpiel.com\/cat\/wp-json\/wp\/v2\/media?parent=2855"}],"wp:term":[{"taxonomy":"product_brand","embeddable":true,"href":"https:\/\/masterpiel.com\/cat\/wp-json\/wp\/v2\/product_brand?post=2855"},{"taxonomy":"product_cat","embeddable":true,"href":"https:\/\/masterpiel.com\/cat\/wp-json\/wp\/v2\/product_cat?post=2855"},{"taxonomy":"product_tag","embeddable":true,"href":"https:\/\/masterpiel.com\/cat\/wp-json\/wp\/v2\/product_tag?post=2855"}],"curies":[{"name":"wp","href":"https:\/\/api.w.org\/{rel}","templated":true}]}}