{"id":2857,"date":"2023-10-05T10:30:26","date_gmt":"2023-10-05T10:30:26","guid":{"rendered":"https:\/\/dreamy-chatterjee.217-160-225-155.plesk.page\/product\/view\/"},"modified":"2025-07-24T08:19:28","modified_gmt":"2025-07-24T08:19:28","slug":"sillon-stressless-view","status":"publish","type":"product","link":"https:\/\/masterpiel.com\/cat\/sillones-relax-electrico\/sillon-stressless-view\/","title":{"rendered":"Butaca Vista STRESSLESS"},"content":{"rendered":"<p>Confortable y atemporal.\u00a0El Stressless View es un sill\u00f3n que presenta un dise\u00f1o de l\u00edneas amplias, sin dejar de ser moderno y atemporal, as\u00ed como un elegante contorno.\u00a0El soporte de este sill\u00f3n es m\u00e1s largo y fin, es decir, perfecto para aquellos de nosotros que somos m\u00e1s altos que la media.\u00a0Tambi\u00e9n se presenta con un elegante y c\u00f3modo soporte para el cuello que puede regularse a distintas alturas.<\/p>","protected":false},"excerpt":{"rendered":"<p>Confortable y atemporal.\u00a0El Stressless View es un sill\u00f3n que presenta un dise\u00f1o de l\u00edneas amplias, sin dejar de ser moderno y atemporal, as\u00ed como un elegante contorno.\u00a0El soporte de este sill\u00f3n es m\u00e1s largo y fin, es decir, perfecto para aquellos de nosotros que somos m\u00e1s altos que la media.\u00a0Tambi\u00e9n se presenta con un elegante y c\u00f3modo soporte para el cuello que puede regularse a distintas alturas.<\/p>","protected":false},"featured_media":3413,"comment_status":"open","ping_status":"closed","template":"","meta":{"_acf_changed":false},"product_brand":[124],"product_cat":[94,95,60],"product_tag":[113,96,97,63],"class_list":{"0":"post-2857","1":"product","2":"type-product","3":"status-publish","4":"has-post-thumbnail","6":"product_brand-stressless","7":"product_cat-sillones-relax","8":"product_cat-sillones-relax-electrico","9":"product_cat-sillones","10":"product_tag-sillon-stressless","11":"product_tag-sillones-relax","12":"product_tag-sillones-relax-electrico","13":"product_tag-stressless","15":"first","16":"instock","17":"shipping-taxable","18":"product-type-simple"},"acf":[],"_links":{"self":[{"href":"https:\/\/masterpiel.com\/cat\/wp-json\/wp\/v2\/product\/2857","targetHints":{"allow":["GET"]}}],"collection":[{"href":"https:\/\/masterpiel.com\/cat\/wp-json\/wp\/v2\/product"}],"about":[{"href":"https:\/\/masterpiel.com\/cat\/wp-json\/wp\/v2\/types\/product"}],"replies":[{"embeddable":true,"href":"https:\/\/masterpiel.com\/cat\/wp-json\/wp\/v2\/comments?post=2857"}],"version-history":[{"count":0,"href":"https:\/\/masterpiel.com\/cat\/wp-json\/wp\/v2\/product\/2857\/revisions"}],"wp:featuredmedia":[{"embeddable":true,"href":"https:\/\/masterpiel.com\/cat\/wp-json\/wp\/v2\/media\/3413"}],"wp:attachment":[{"href":"https:\/\/masterpiel.com\/cat\/wp-json\/wp\/v2\/media?parent=2857"}],"wp:term":[{"taxonomy":"product_brand","embeddable":true,"href":"https:\/\/masterpiel.com\/cat\/wp-json\/wp\/v2\/product_brand?post=2857"},{"taxonomy":"product_cat","embeddable":true,"href":"https:\/\/masterpiel.com\/cat\/wp-json\/wp\/v2\/product_cat?post=2857"},{"taxonomy":"product_tag","embeddable":true,"href":"https:\/\/masterpiel.com\/cat\/wp-json\/wp\/v2\/product_tag?post=2857"}],"curies":[{"name":"wp","href":"https:\/\/api.w.org\/{rel}","templated":true}]}}