{"id":2862,"date":"2023-10-05T10:30:26","date_gmt":"2023-10-05T10:30:26","guid":{"rendered":"https:\/\/dreamy-chatterjee.217-160-225-155.plesk.page\/product\/eco\/"},"modified":"2025-05-14T11:46:41","modified_gmt":"2025-05-14T11:46:41","slug":"mesa-eco-indesan","status":"publish","type":"product","link":"https:\/\/masterpiel.com\/cat\/mesas\/mesa-eco-indesan\/","title":{"rendered":"Mesa Eco INDESAN"},"content":{"rendered":"<p>De l\u00edneas suaves y sencilla geometr\u00eda, esta colecci\u00f3n se fusiona a la perfecci\u00f3n con sus materiales y acabados y facilita su adaptabilidad a distintos espacios y ambientes.<\/p>","protected":false},"excerpt":{"rendered":"<p>De l\u00edneas suaves y sencilla geometr\u00eda, esta colecci\u00f3n se fusiona a la perfecci\u00f3n con sus materiales y acabados y facilita su adaptabilidad a distintos espacios y ambientes.<\/p>","protected":false},"featured_media":3282,"comment_status":"open","ping_status":"closed","template":"","meta":{"_acf_changed":false},"product_brand":[],"product_cat":[56],"product_tag":[68],"class_list":{"0":"post-2862","1":"product","2":"type-product","3":"status-publish","4":"has-post-thumbnail","6":"product_cat-mesas","7":"product_tag-indesan","9":"first","10":"instock","11":"shipping-taxable","12":"product-type-simple"},"acf":[],"_links":{"self":[{"href":"https:\/\/masterpiel.com\/cat\/wp-json\/wp\/v2\/product\/2862","targetHints":{"allow":["GET"]}}],"collection":[{"href":"https:\/\/masterpiel.com\/cat\/wp-json\/wp\/v2\/product"}],"about":[{"href":"https:\/\/masterpiel.com\/cat\/wp-json\/wp\/v2\/types\/product"}],"replies":[{"embeddable":true,"href":"https:\/\/masterpiel.com\/cat\/wp-json\/wp\/v2\/comments?post=2862"}],"version-history":[{"count":0,"href":"https:\/\/masterpiel.com\/cat\/wp-json\/wp\/v2\/product\/2862\/revisions"}],"wp:featuredmedia":[{"embeddable":true,"href":"https:\/\/masterpiel.com\/cat\/wp-json\/wp\/v2\/media\/3282"}],"wp:attachment":[{"href":"https:\/\/masterpiel.com\/cat\/wp-json\/wp\/v2\/media?parent=2862"}],"wp:term":[{"taxonomy":"product_brand","embeddable":true,"href":"https:\/\/masterpiel.com\/cat\/wp-json\/wp\/v2\/product_brand?post=2862"},{"taxonomy":"product_cat","embeddable":true,"href":"https:\/\/masterpiel.com\/cat\/wp-json\/wp\/v2\/product_cat?post=2862"},{"taxonomy":"product_tag","embeddable":true,"href":"https:\/\/masterpiel.com\/cat\/wp-json\/wp\/v2\/product_tag?post=2862"}],"curies":[{"name":"wp","href":"https:\/\/api.w.org\/{rel}","templated":true}]}}