{"id":2868,"date":"2023-10-05T10:30:27","date_gmt":"2023-10-05T10:30:27","guid":{"rendered":"https:\/\/dreamy-chatterjee.217-160-225-155.plesk.page\/product\/brown\/"},"modified":"2026-01-28T10:57:05","modified_gmt":"2026-01-28T10:57:05","slug":"sofa-brown-masterpiel","status":"publish","type":"product","link":"https:\/\/masterpiel.com\/cat\/sofas-relax-electrico\/sofa-brown-masterpiel\/","title":{"rendered":"Sof\u00e0 Brown MASTERPIEL"},"content":{"rendered":"<p>El modelo Brown de Polo Divani es un sof\u00e1 extremadamente vers\u00e1til que ofrece numerosas posibilidades de configuraci\u00f3n para satisfacer cualquier tipo de requisito de espacio.\u00a0Su aspecto riguroso pero suave est\u00e1 subrayado por la l\u00ednea continua entre el respaldo y el reposapi\u00e9s que, con la adici\u00f3n de una almohada suave, delinea la forma particular de los reposa brazos, un extraordinario ejemplo de artesan\u00eda.\u00a0Los c\u00f3modos asientos, y respaldos altos, le permiten obtener un soporte seguro para toda la columna vertebral.<\/p>","protected":false},"excerpt":{"rendered":"<p>Sof\u00e1 3 plazas &#8211; 2 relax el\u00e9ctricos en piel. Consultar otras configuraciones y tejidos.<\/p>\n<p>El modelo Brown de Polo Divani es un sof\u00e1 extremadamente vers\u00e1til que ofrece numerosas posibilidades de configuraci\u00f3n para satisfacer cualquier tipo de requisito de espacio.\u00a0Su aspecto riguroso pero suave est\u00e1 subrayado por la l\u00ednea continua entre el respaldo y el reposapi\u00e9s que, con la adici\u00f3n de una almohada suave, delinea la forma particular de los reposa brazos, un extraordinario ejemplo de artesan\u00eda.\u00a0Los c\u00f3modos asientos, y respaldos altos, le permiten obtener un soporte seguro para toda la columna vertebral.<\/p>","protected":false},"featured_media":3026,"comment_status":"open","ping_status":"closed","template":"","meta":{"_acf_changed":false},"product_brand":[],"product_cat":[54,62],"product_tag":[148,101],"class_list":{"0":"post-2868","1":"product","2":"type-product","3":"status-publish","4":"has-post-thumbnail","6":"product_cat-sofas","7":"product_cat-sofas-relax-electrico","8":"product_tag-master","9":"product_tag-sofa-relax-electrico","11":"first","12":"instock","13":"shipping-taxable","14":"product-type-simple"},"acf":[],"_links":{"self":[{"href":"https:\/\/masterpiel.com\/cat\/wp-json\/wp\/v2\/product\/2868","targetHints":{"allow":["GET"]}}],"collection":[{"href":"https:\/\/masterpiel.com\/cat\/wp-json\/wp\/v2\/product"}],"about":[{"href":"https:\/\/masterpiel.com\/cat\/wp-json\/wp\/v2\/types\/product"}],"replies":[{"embeddable":true,"href":"https:\/\/masterpiel.com\/cat\/wp-json\/wp\/v2\/comments?post=2868"}],"version-history":[{"count":0,"href":"https:\/\/masterpiel.com\/cat\/wp-json\/wp\/v2\/product\/2868\/revisions"}],"wp:featuredmedia":[{"embeddable":true,"href":"https:\/\/masterpiel.com\/cat\/wp-json\/wp\/v2\/media\/3026"}],"wp:attachment":[{"href":"https:\/\/masterpiel.com\/cat\/wp-json\/wp\/v2\/media?parent=2868"}],"wp:term":[{"taxonomy":"product_brand","embeddable":true,"href":"https:\/\/masterpiel.com\/cat\/wp-json\/wp\/v2\/product_brand?post=2868"},{"taxonomy":"product_cat","embeddable":true,"href":"https:\/\/masterpiel.com\/cat\/wp-json\/wp\/v2\/product_cat?post=2868"},{"taxonomy":"product_tag","embeddable":true,"href":"https:\/\/masterpiel.com\/cat\/wp-json\/wp\/v2\/product_tag?post=2868"}],"curies":[{"name":"wp","href":"https:\/\/api.w.org\/{rel}","templated":true}]}}