{"id":2872,"date":"2023-10-05T10:30:27","date_gmt":"2023-10-05T10:30:27","guid":{"rendered":"https:\/\/dreamy-chatterjee.217-160-225-155.plesk.page\/product\/reno\/"},"modified":"2025-07-24T08:18:41","modified_gmt":"2025-07-24T08:18:41","slug":"sillon-stressless-reno","status":"publish","type":"product","link":"https:\/\/masterpiel.com\/cat\/sillones-relax-electrico\/sillon-stressless-reno\/","title":{"rendered":"Butaca Reno STRESSLESS"},"content":{"rendered":"<p>El reposacabezas con relleno adicional de suave espuma y el soporte para el cuello regulable convierten al Stressless Reno en uno de nuestros sillones cl\u00e1sico favoritos.\u00a0\u00c9ste se ha convertido en el s\u00edmbolo de lo que deber\u00eda ser un gran sill\u00f3n: un mueble c\u00f3modo y duradero de cuidado dise\u00f1o que le ofrecer\u00e1 a\u00f1o tras a\u00f1o la extraordinaria experiencia que distingue Stressless.\u00a0El c\u00f3modo soporte para el cuello puede ajustar hasta 10 cm para adaptarlo a usuarios que necesitan esa longitud adicional por su altura.<\/p>","protected":false},"excerpt":{"rendered":"<p>El reposacabezas con relleno adicional de suave espuma y el soporte para el cuello regulable convierten al Stressless Reno en uno de nuestros sillones cl\u00e1sico favoritos.\u00a0\u00c9ste se ha convertido en el s\u00edmbolo de lo que deber\u00eda ser un gran sill\u00f3n: un mueble c\u00f3modo y duradero de cuidado dise\u00f1o que le ofrecer\u00e1 a\u00f1o tras a\u00f1o la extraordinaria experiencia que distingue Stressless.\u00a0El c\u00f3modo soporte para el cuello puede ajustar hasta 10 cm para adaptarlo a usuarios que necesitan esa longitud adicional por su altura.<\/p>","protected":false},"featured_media":3394,"comment_status":"open","ping_status":"closed","template":"","meta":{"_acf_changed":false},"product_brand":[124],"product_cat":[94,95,60],"product_tag":[113,96,97,63],"class_list":{"0":"post-2872","1":"product","2":"type-product","3":"status-publish","4":"has-post-thumbnail","6":"product_brand-stressless","7":"product_cat-sillones-relax","8":"product_cat-sillones-relax-electrico","9":"product_cat-sillones","10":"product_tag-sillon-stressless","11":"product_tag-sillones-relax","12":"product_tag-sillones-relax-electrico","13":"product_tag-stressless","15":"first","16":"instock","17":"shipping-taxable","18":"product-type-simple"},"acf":[],"_links":{"self":[{"href":"https:\/\/masterpiel.com\/cat\/wp-json\/wp\/v2\/product\/2872","targetHints":{"allow":["GET"]}}],"collection":[{"href":"https:\/\/masterpiel.com\/cat\/wp-json\/wp\/v2\/product"}],"about":[{"href":"https:\/\/masterpiel.com\/cat\/wp-json\/wp\/v2\/types\/product"}],"replies":[{"embeddable":true,"href":"https:\/\/masterpiel.com\/cat\/wp-json\/wp\/v2\/comments?post=2872"}],"version-history":[{"count":0,"href":"https:\/\/masterpiel.com\/cat\/wp-json\/wp\/v2\/product\/2872\/revisions"}],"wp:featuredmedia":[{"embeddable":true,"href":"https:\/\/masterpiel.com\/cat\/wp-json\/wp\/v2\/media\/3394"}],"wp:attachment":[{"href":"https:\/\/masterpiel.com\/cat\/wp-json\/wp\/v2\/media?parent=2872"}],"wp:term":[{"taxonomy":"product_brand","embeddable":true,"href":"https:\/\/masterpiel.com\/cat\/wp-json\/wp\/v2\/product_brand?post=2872"},{"taxonomy":"product_cat","embeddable":true,"href":"https:\/\/masterpiel.com\/cat\/wp-json\/wp\/v2\/product_cat?post=2872"},{"taxonomy":"product_tag","embeddable":true,"href":"https:\/\/masterpiel.com\/cat\/wp-json\/wp\/v2\/product_tag?post=2872"}],"curies":[{"name":"wp","href":"https:\/\/api.w.org\/{rel}","templated":true}]}}