{"id":2876,"date":"2023-10-05T10:30:27","date_gmt":"2023-10-05T10:30:27","guid":{"rendered":"https:\/\/dreamy-chatterjee.217-160-225-155.plesk.page\/product\/degano\/"},"modified":"2026-01-28T11:00:15","modified_gmt":"2026-01-28T11:00:15","slug":"sofa-degano-masterpiel","status":"publish","type":"product","link":"https:\/\/masterpiel.com\/cat\/sofas\/sofa-degano-masterpiel\/","title":{"rendered":"Sof\u00e0 Silvano MASTERPIEL"},"content":{"rendered":"<p>Es un sof\u00e1 de generosas dimensiones donde, en combinaci\u00f3n entre el asiento y las almohadas del respaldo, confiere una comodidad tan acogedora que es agradable abandonarse a sus formas suaves.\u00a0Las almohadas del apoyo y los respaldos, resaltados por las costuras, se unen con el asiento, lo que brinda la posibilidad de acostarse.\u00a0Gracias al sistema reclinable el\u00e9ctrico integrado, de hecho, tambi\u00e9n puede tomar varias posiciones que pueden personalizarse seg\u00fan sus necesidades.<\/p>","protected":false},"excerpt":{"rendered":"<p>Sof\u00e1 3 plazas en piel. Consultar otras configuraciones y tejidos.<\/p>\n<p>Es un sof\u00e1 de generosas dimensiones donde, en combinaci\u00f3n entre el asiento y las almohadas del respaldo, confiere una comodidad tan acogedora que es agradable abandonarse a sus formas suaves.\u00a0Las almohadas del apoyo y los respaldos, resaltados por las costuras, se unen con el asiento, lo que brinda la posibilidad de acostarse.\u00a0Gracias al sistema reclinable el\u00e9ctrico integrado, de hecho, tambi\u00e9n puede tomar varias posiciones que pueden personalizarse seg\u00fan sus necesidades.<\/p>","protected":false},"featured_media":3047,"comment_status":"open","ping_status":"closed","template":"","meta":{"_acf_changed":false},"product_brand":[],"product_cat":[54],"product_tag":[148,101],"class_list":{"0":"post-2876","1":"product","2":"type-product","3":"status-publish","4":"has-post-thumbnail","6":"product_cat-sofas","7":"product_tag-master","8":"product_tag-sofa-relax-electrico","10":"first","11":"instock","12":"shipping-taxable","13":"product-type-simple"},"acf":[],"_links":{"self":[{"href":"https:\/\/masterpiel.com\/cat\/wp-json\/wp\/v2\/product\/2876","targetHints":{"allow":["GET"]}}],"collection":[{"href":"https:\/\/masterpiel.com\/cat\/wp-json\/wp\/v2\/product"}],"about":[{"href":"https:\/\/masterpiel.com\/cat\/wp-json\/wp\/v2\/types\/product"}],"replies":[{"embeddable":true,"href":"https:\/\/masterpiel.com\/cat\/wp-json\/wp\/v2\/comments?post=2876"}],"version-history":[{"count":0,"href":"https:\/\/masterpiel.com\/cat\/wp-json\/wp\/v2\/product\/2876\/revisions"}],"wp:featuredmedia":[{"embeddable":true,"href":"https:\/\/masterpiel.com\/cat\/wp-json\/wp\/v2\/media\/3047"}],"wp:attachment":[{"href":"https:\/\/masterpiel.com\/cat\/wp-json\/wp\/v2\/media?parent=2876"}],"wp:term":[{"taxonomy":"product_brand","embeddable":true,"href":"https:\/\/masterpiel.com\/cat\/wp-json\/wp\/v2\/product_brand?post=2876"},{"taxonomy":"product_cat","embeddable":true,"href":"https:\/\/masterpiel.com\/cat\/wp-json\/wp\/v2\/product_cat?post=2876"},{"taxonomy":"product_tag","embeddable":true,"href":"https:\/\/masterpiel.com\/cat\/wp-json\/wp\/v2\/product_tag?post=2876"}],"curies":[{"name":"wp","href":"https:\/\/api.w.org\/{rel}","templated":true}]}}