{"id":2882,"date":"2023-10-05T10:30:32","date_gmt":"2023-10-05T10:30:32","guid":{"rendered":"https:\/\/dreamy-chatterjee.217-160-225-155.plesk.page\/product\/igloo\/"},"modified":"2025-05-14T11:46:42","modified_gmt":"2025-05-14T11:46:42","slug":"silla-igloo-calligaris","status":"publish","type":"product","link":"https:\/\/masterpiel.com\/cat\/sillas\/silla-igloo-calligaris\/","title":{"rendered":"Silla Igloo CALLIGARIS"},"content":{"rendered":"<p>IGLOO es algo silla y algo butaca, apta para cualquier tipo de reuni\u00f3n.\u00a0Tiene un asiento acolchado c\u00f3modo y envolvente como un sill\u00f3n, pero la estructura con cuatro patas de madera alivia el dise\u00f1o y permite utilizarla como silla, incluso junto a la mesa de comedor.\u00a0Revestimiento disponible en distintos materiales y acabados que permiten personalizar para cualquier exigencia de decoraci\u00f3n.<\/p>","protected":false},"excerpt":{"rendered":"<p>IGLOO es algo silla y algo butaca, apta para cualquier tipo de reuni\u00f3n.\u00a0Tiene un asiento acolchado c\u00f3modo y envolvente como un sill\u00f3n, pero la estructura con cuatro patas de madera alivia el dise\u00f1o y permite utilizarla como silla, incluso junto a la mesa de comedor.\u00a0Revestimiento disponible en distintos materiales y acabados que permiten personalizar para cualquier exigencia de decoraci\u00f3n.<\/p>","protected":false},"featured_media":3509,"comment_status":"open","ping_status":"closed","template":"","meta":{"_acf_changed":false},"product_brand":[],"product_cat":[59],"product_tag":[107],"class_list":{"0":"post-2882","1":"product","2":"type-product","3":"status-publish","4":"has-post-thumbnail","6":"product_cat-sillas","7":"product_tag-silla-calligaris","9":"first","10":"instock","11":"shipping-taxable","12":"product-type-simple"},"acf":[],"_links":{"self":[{"href":"https:\/\/masterpiel.com\/cat\/wp-json\/wp\/v2\/product\/2882","targetHints":{"allow":["GET"]}}],"collection":[{"href":"https:\/\/masterpiel.com\/cat\/wp-json\/wp\/v2\/product"}],"about":[{"href":"https:\/\/masterpiel.com\/cat\/wp-json\/wp\/v2\/types\/product"}],"replies":[{"embeddable":true,"href":"https:\/\/masterpiel.com\/cat\/wp-json\/wp\/v2\/comments?post=2882"}],"version-history":[{"count":0,"href":"https:\/\/masterpiel.com\/cat\/wp-json\/wp\/v2\/product\/2882\/revisions"}],"wp:featuredmedia":[{"embeddable":true,"href":"https:\/\/masterpiel.com\/cat\/wp-json\/wp\/v2\/media\/3509"}],"wp:attachment":[{"href":"https:\/\/masterpiel.com\/cat\/wp-json\/wp\/v2\/media?parent=2882"}],"wp:term":[{"taxonomy":"product_brand","embeddable":true,"href":"https:\/\/masterpiel.com\/cat\/wp-json\/wp\/v2\/product_brand?post=2882"},{"taxonomy":"product_cat","embeddable":true,"href":"https:\/\/masterpiel.com\/cat\/wp-json\/wp\/v2\/product_cat?post=2882"},{"taxonomy":"product_tag","embeddable":true,"href":"https:\/\/masterpiel.com\/cat\/wp-json\/wp\/v2\/product_tag?post=2882"}],"curies":[{"name":"wp","href":"https:\/\/api.w.org\/{rel}","templated":true}]}}