{"id":2889,"date":"2023-10-05T10:30:32","date_gmt":"2023-10-05T10:30:32","guid":{"rendered":"https:\/\/dreamy-chatterjee.217-160-225-155.plesk.page\/product\/kepler\/"},"modified":"2025-05-14T11:46:42","modified_gmt":"2025-05-14T11:46:42","slug":"mesa-kepler-indesan","status":"publish","type":"product","link":"https:\/\/masterpiel.com\/cat\/mesas\/mesa-kepler-indesan\/","title":{"rendered":"Mesa Kepler INDESAN"},"content":{"rendered":"<p>La geometr\u00eda rige el dise\u00f1o de la colecci\u00f3n con formas inusuales que aportan la suavidad de sus curvas.\u00a0El dominio de la mente sobre la materia.<\/p>","protected":false},"excerpt":{"rendered":"<p>La geometr\u00eda rige el dise\u00f1o de la colecci\u00f3n con formas inusuales que aportan la suavidad de sus curvas.\u00a0El dominio de la mente sobre la materia.<\/p>","protected":false},"featured_media":3307,"comment_status":"open","ping_status":"closed","template":"","meta":{"_acf_changed":false},"product_brand":[],"product_cat":[56],"product_tag":[106],"class_list":{"0":"post-2889","1":"product","2":"type-product","3":"status-publish","4":"has-post-thumbnail","6":"product_cat-mesas","7":"product_tag-mesa-indesan","9":"first","10":"instock","11":"shipping-taxable","12":"product-type-simple"},"acf":[],"_links":{"self":[{"href":"https:\/\/masterpiel.com\/cat\/wp-json\/wp\/v2\/product\/2889","targetHints":{"allow":["GET"]}}],"collection":[{"href":"https:\/\/masterpiel.com\/cat\/wp-json\/wp\/v2\/product"}],"about":[{"href":"https:\/\/masterpiel.com\/cat\/wp-json\/wp\/v2\/types\/product"}],"replies":[{"embeddable":true,"href":"https:\/\/masterpiel.com\/cat\/wp-json\/wp\/v2\/comments?post=2889"}],"version-history":[{"count":0,"href":"https:\/\/masterpiel.com\/cat\/wp-json\/wp\/v2\/product\/2889\/revisions"}],"wp:featuredmedia":[{"embeddable":true,"href":"https:\/\/masterpiel.com\/cat\/wp-json\/wp\/v2\/media\/3307"}],"wp:attachment":[{"href":"https:\/\/masterpiel.com\/cat\/wp-json\/wp\/v2\/media?parent=2889"}],"wp:term":[{"taxonomy":"product_brand","embeddable":true,"href":"https:\/\/masterpiel.com\/cat\/wp-json\/wp\/v2\/product_brand?post=2889"},{"taxonomy":"product_cat","embeddable":true,"href":"https:\/\/masterpiel.com\/cat\/wp-json\/wp\/v2\/product_cat?post=2889"},{"taxonomy":"product_tag","embeddable":true,"href":"https:\/\/masterpiel.com\/cat\/wp-json\/wp\/v2\/product_tag?post=2889"}],"curies":[{"name":"wp","href":"https:\/\/api.w.org\/{rel}","templated":true}]}}