{"id":2895,"date":"2023-10-05T10:30:33","date_gmt":"2023-10-05T10:30:33","guid":{"rendered":"https:\/\/dreamy-chatterjee.217-160-225-155.plesk.page\/product\/saint-tropez\/"},"modified":"2025-05-14T11:46:43","modified_gmt":"2025-05-14T11:46:43","slug":"silla-saint-tropez-calligaris","status":"publish","type":"product","link":"https:\/\/masterpiel.com\/cat\/sillas\/silla-saint-tropez-calligaris\/","title":{"rendered":"Cadira Saint Tropez CALLIGARIS"},"content":{"rendered":"<p>La silla SAINT TROPEZ destaca por su creatividad, punto de encuentro entre dise\u00f1o y funci\u00f3n: sus caracter\u00edsticas esenciales son el cuidado de los detalles y el dise\u00f1o refinado y decorativo, y un soporte con un motivo efecto repunte.\u00a0El armaz\u00f3n de policarbonato est\u00e1 fabricado en varias tonalidades transparentes u opacas y est\u00e1 montado sobre una base de 4 patas de madera.\u00a0Elige tu favorita.<\/p>","protected":false},"excerpt":{"rendered":"<p>La silla SAINT TROPEZ destaca por su creatividad, punto de encuentro entre dise\u00f1o y funci\u00f3n: sus caracter\u00edsticas esenciales son el cuidado de los detalles y el dise\u00f1o refinado y decorativo, y un soporte con un motivo efecto repunte.\u00a0El armaz\u00f3n de policarbonato est\u00e1 fabricado en varias tonalidades transparentes u opacas y est\u00e1 montado sobre una base de 4 patas de madera.\u00a0Elige tu favorita.<\/p>","protected":false},"featured_media":3550,"comment_status":"open","ping_status":"closed","template":"","meta":{"_acf_changed":false},"product_brand":[],"product_cat":[59],"product_tag":[107],"class_list":{"0":"post-2895","1":"product","2":"type-product","3":"status-publish","4":"has-post-thumbnail","6":"product_cat-sillas","7":"product_tag-silla-calligaris","9":"first","10":"instock","11":"shipping-taxable","12":"product-type-simple"},"acf":[],"_links":{"self":[{"href":"https:\/\/masterpiel.com\/cat\/wp-json\/wp\/v2\/product\/2895","targetHints":{"allow":["GET"]}}],"collection":[{"href":"https:\/\/masterpiel.com\/cat\/wp-json\/wp\/v2\/product"}],"about":[{"href":"https:\/\/masterpiel.com\/cat\/wp-json\/wp\/v2\/types\/product"}],"replies":[{"embeddable":true,"href":"https:\/\/masterpiel.com\/cat\/wp-json\/wp\/v2\/comments?post=2895"}],"version-history":[{"count":0,"href":"https:\/\/masterpiel.com\/cat\/wp-json\/wp\/v2\/product\/2895\/revisions"}],"wp:featuredmedia":[{"embeddable":true,"href":"https:\/\/masterpiel.com\/cat\/wp-json\/wp\/v2\/media\/3550"}],"wp:attachment":[{"href":"https:\/\/masterpiel.com\/cat\/wp-json\/wp\/v2\/media?parent=2895"}],"wp:term":[{"taxonomy":"product_brand","embeddable":true,"href":"https:\/\/masterpiel.com\/cat\/wp-json\/wp\/v2\/product_brand?post=2895"},{"taxonomy":"product_cat","embeddable":true,"href":"https:\/\/masterpiel.com\/cat\/wp-json\/wp\/v2\/product_cat?post=2895"},{"taxonomy":"product_tag","embeddable":true,"href":"https:\/\/masterpiel.com\/cat\/wp-json\/wp\/v2\/product_tag?post=2895"}],"curies":[{"name":"wp","href":"https:\/\/api.w.org\/{rel}","templated":true}]}}