{"id":2898,"date":"2023-10-05T10:30:33","date_gmt":"2023-10-05T10:30:33","guid":{"rendered":"https:\/\/dreamy-chatterjee.217-160-225-155.plesk.page\/product\/windsor\/"},"modified":"2025-08-07T15:33:00","modified_gmt":"2025-08-07T15:33:00","slug":"windsor","status":"publish","type":"product","link":"https:\/\/masterpiel.com\/cat\/sofas-relax\/windsor\/","title":{"rendered":"Sof\u00e1 Windsor STRESSLESS"},"content":{"rendered":"<p>Las suaves curvas, los apoyabrazos acolchados y el c\u00f3modo asiento de este sof\u00e1 son tan elegantes como su nombre.\u00a0El Stressless Windsor invita a relajarse totalmente con un dise\u00f1o cl\u00e1sico con detalles de madera.\u00a0Ofrece asientos individuales reclinables y est\u00e1 disponible con respaldos altos y bajos para garantizar el m\u00e1ximo soporte para todo el cuerpo.<\/p>","protected":false},"excerpt":{"rendered":"<p>Las suaves curvas, los apoyabrazos acolchados y el c\u00f3modo asiento de este sof\u00e1 son tan elegantes como su nombre.\u00a0El Stressless Windsor invita a relajarse totalmente con un dise\u00f1o cl\u00e1sico con detalles de madera.\u00a0Ofrece asientos individuales reclinables y est\u00e1 disponible con respaldos altos y bajos para garantizar el m\u00e1ximo soporte para todo el cuerpo.<\/p>","protected":false},"featured_media":3097,"comment_status":"open","ping_status":"closed","template":"","meta":{"_acf_changed":false},"product_brand":[124],"product_cat":[54,61],"product_tag":[99,114,63],"class_list":{"0":"post-2898","1":"product","2":"type-product","3":"status-publish","4":"has-post-thumbnail","6":"product_brand-stressless","7":"product_cat-sofas","8":"product_cat-sofas-relax","9":"product_tag-sofa-relax","10":"product_tag-sofa-stressless","11":"product_tag-stressless","13":"first","14":"instock","15":"shipping-taxable","16":"product-type-simple"},"acf":[],"_links":{"self":[{"href":"https:\/\/masterpiel.com\/cat\/wp-json\/wp\/v2\/product\/2898","targetHints":{"allow":["GET"]}}],"collection":[{"href":"https:\/\/masterpiel.com\/cat\/wp-json\/wp\/v2\/product"}],"about":[{"href":"https:\/\/masterpiel.com\/cat\/wp-json\/wp\/v2\/types\/product"}],"replies":[{"embeddable":true,"href":"https:\/\/masterpiel.com\/cat\/wp-json\/wp\/v2\/comments?post=2898"}],"version-history":[{"count":0,"href":"https:\/\/masterpiel.com\/cat\/wp-json\/wp\/v2\/product\/2898\/revisions"}],"wp:featuredmedia":[{"embeddable":true,"href":"https:\/\/masterpiel.com\/cat\/wp-json\/wp\/v2\/media\/3097"}],"wp:attachment":[{"href":"https:\/\/masterpiel.com\/cat\/wp-json\/wp\/v2\/media?parent=2898"}],"wp:term":[{"taxonomy":"product_brand","embeddable":true,"href":"https:\/\/masterpiel.com\/cat\/wp-json\/wp\/v2\/product_brand?post=2898"},{"taxonomy":"product_cat","embeddable":true,"href":"https:\/\/masterpiel.com\/cat\/wp-json\/wp\/v2\/product_cat?post=2898"},{"taxonomy":"product_tag","embeddable":true,"href":"https:\/\/masterpiel.com\/cat\/wp-json\/wp\/v2\/product_tag?post=2898"}],"curies":[{"name":"wp","href":"https:\/\/api.w.org\/{rel}","templated":true}]}}