{"id":2899,"date":"2023-10-05T10:30:33","date_gmt":"2023-10-05T10:30:33","guid":{"rendered":"https:\/\/dreamy-chatterjee.217-160-225-155.plesk.page\/product\/bridge\/"},"modified":"2025-05-14T11:46:43","modified_gmt":"2025-05-14T11:46:43","slug":"mesa-bridgecalligaris","status":"publish","type":"product","link":"https:\/\/masterpiel.com\/cat\/mesas\/mesa-bridgecalligaris\/","title":{"rendered":"Mesa Bridge CALLIGARIS"},"content":{"rendered":"<p>L\u00edneas geom\u00e9tricas y sencillas para la mesa BRIDGE, con laterales de vidrio templado y tapa de cer\u00e1mica-cristal disponible con varios motivos decorativos.\u00a0En esta versi\u00f3n de forma rectangular, Bridge es perfecta para la sala de estar.\u00a0Descubre todos los detalles.<\/p>","protected":false},"excerpt":{"rendered":"<p>L\u00edneas geom\u00e9tricas y sencillas para la mesa BRIDGE, con laterales de vidrio templado y tapa de cer\u00e1mica-cristal disponible con varios motivos decorativos.\u00a0En esta versi\u00f3n de forma rectangular, Bridge es perfecta para la sala de estar.\u00a0Descubre todos los detalles.<\/p>","protected":false},"featured_media":3266,"comment_status":"open","ping_status":"closed","template":"","meta":{"_acf_changed":false},"product_brand":[],"product_cat":[56],"product_tag":[105],"class_list":{"0":"post-2899","1":"product","2":"type-product","3":"status-publish","4":"has-post-thumbnail","6":"product_cat-mesas","7":"product_tag-mesa-calligaris","9":"first","10":"instock","11":"shipping-taxable","12":"product-type-simple"},"acf":[],"_links":{"self":[{"href":"https:\/\/masterpiel.com\/cat\/wp-json\/wp\/v2\/product\/2899","targetHints":{"allow":["GET"]}}],"collection":[{"href":"https:\/\/masterpiel.com\/cat\/wp-json\/wp\/v2\/product"}],"about":[{"href":"https:\/\/masterpiel.com\/cat\/wp-json\/wp\/v2\/types\/product"}],"replies":[{"embeddable":true,"href":"https:\/\/masterpiel.com\/cat\/wp-json\/wp\/v2\/comments?post=2899"}],"version-history":[{"count":0,"href":"https:\/\/masterpiel.com\/cat\/wp-json\/wp\/v2\/product\/2899\/revisions"}],"wp:featuredmedia":[{"embeddable":true,"href":"https:\/\/masterpiel.com\/cat\/wp-json\/wp\/v2\/media\/3266"}],"wp:attachment":[{"href":"https:\/\/masterpiel.com\/cat\/wp-json\/wp\/v2\/media?parent=2899"}],"wp:term":[{"taxonomy":"product_brand","embeddable":true,"href":"https:\/\/masterpiel.com\/cat\/wp-json\/wp\/v2\/product_brand?post=2899"},{"taxonomy":"product_cat","embeddable":true,"href":"https:\/\/masterpiel.com\/cat\/wp-json\/wp\/v2\/product_cat?post=2899"},{"taxonomy":"product_tag","embeddable":true,"href":"https:\/\/masterpiel.com\/cat\/wp-json\/wp\/v2\/product_tag?post=2899"}],"curies":[{"name":"wp","href":"https:\/\/api.w.org\/{rel}","templated":true}]}}