{"id":2913,"date":"2023-10-05T10:30:38","date_gmt":"2023-10-05T10:30:38","guid":{"rendered":"https:\/\/dreamy-chatterjee.217-160-225-155.plesk.page\/product\/etoile\/"},"modified":"2025-05-14T11:46:43","modified_gmt":"2025-05-14T11:46:43","slug":"silla-etoile-calligaris","status":"publish","type":"product","link":"https:\/\/masterpiel.com\/cat\/sillas\/silla-etoile-calligaris\/","title":{"rendered":"Cadira Etoile CALLIGARIS"},"content":{"rendered":"<p>Silla modelo ETOILE, con estructura de madera maciza de haya y asiento\/respaldo acolchados y tapizados.\u00a0El uso de tecnolog\u00edas de vanguardia ha permitido realizar una carcasa perfilada de poliuretano moldeado en fr\u00edo, un material que conserva sus caracter\u00edsticas sin alterarlas a largo plazo.\u00a0El asiento, muy c\u00f3modo y confortable, presenta un perfil fino y redondeado caracterizado por l\u00edneas perfectamente definidas.\u00a0El asiento y el respaldo alto est\u00e1n disponibles tapizados en tejido, incluso con efecto gamuzado, hidr\u00f3fugo y resistente a las manchas o en piel aut\u00e9ntica. Con sus patas de madera es id\u00f3nea para el comedor con una mesa del mismo material.\u00a0Descubre todas las combinaciones crom\u00e1ticas.<\/p>","protected":false},"excerpt":{"rendered":"<p>Silla modelo ETOILE, con estructura de madera maciza de haya y asiento\/respaldo acolchados y tapizados.\u00a0El uso de tecnolog\u00edas de vanguardia ha permitido realizar una carcasa perfilada de poliuretano moldeado en fr\u00edo, un material que conserva sus caracter\u00edsticas sin alterarlas a largo plazo.\u00a0El asiento, muy c\u00f3modo y confortable, presenta un perfil fino y redondeado caracterizado por l\u00edneas perfectamente definidas.\u00a0El asiento y el respaldo alto est\u00e1n disponibles tapizados en tejido, incluso con efecto gamuzado, hidr\u00f3fugo y resistente a las manchas o en piel aut\u00e9ntica. Con sus patas de madera es id\u00f3nea para el comedor con una mesa del mismo material.\u00a0Descubre todas las combinaciones crom\u00e1ticas.<\/p>","protected":false},"featured_media":3487,"comment_status":"open","ping_status":"closed","template":"","meta":{"_acf_changed":false},"product_brand":[],"product_cat":[59],"product_tag":[107],"class_list":{"0":"post-2913","1":"product","2":"type-product","3":"status-publish","4":"has-post-thumbnail","6":"product_cat-sillas","7":"product_tag-silla-calligaris","9":"first","10":"instock","11":"shipping-taxable","12":"product-type-simple"},"acf":[],"_links":{"self":[{"href":"https:\/\/masterpiel.com\/cat\/wp-json\/wp\/v2\/product\/2913","targetHints":{"allow":["GET"]}}],"collection":[{"href":"https:\/\/masterpiel.com\/cat\/wp-json\/wp\/v2\/product"}],"about":[{"href":"https:\/\/masterpiel.com\/cat\/wp-json\/wp\/v2\/types\/product"}],"replies":[{"embeddable":true,"href":"https:\/\/masterpiel.com\/cat\/wp-json\/wp\/v2\/comments?post=2913"}],"version-history":[{"count":0,"href":"https:\/\/masterpiel.com\/cat\/wp-json\/wp\/v2\/product\/2913\/revisions"}],"wp:featuredmedia":[{"embeddable":true,"href":"https:\/\/masterpiel.com\/cat\/wp-json\/wp\/v2\/media\/3487"}],"wp:attachment":[{"href":"https:\/\/masterpiel.com\/cat\/wp-json\/wp\/v2\/media?parent=2913"}],"wp:term":[{"taxonomy":"product_brand","embeddable":true,"href":"https:\/\/masterpiel.com\/cat\/wp-json\/wp\/v2\/product_brand?post=2913"},{"taxonomy":"product_cat","embeddable":true,"href":"https:\/\/masterpiel.com\/cat\/wp-json\/wp\/v2\/product_cat?post=2913"},{"taxonomy":"product_tag","embeddable":true,"href":"https:\/\/masterpiel.com\/cat\/wp-json\/wp\/v2\/product_tag?post=2913"}],"curies":[{"name":"wp","href":"https:\/\/api.w.org\/{rel}","templated":true}]}}