{"id":2915,"date":"2023-10-05T10:30:38","date_gmt":"2023-10-05T10:30:38","guid":{"rendered":"https:\/\/dreamy-chatterjee.217-160-225-155.plesk.page\/product\/tosca\/"},"modified":"2025-05-14T11:46:43","modified_gmt":"2025-05-14T11:46:43","slug":"silla-calligaris-tosca","status":"publish","type":"product","link":"https:\/\/masterpiel.com\/cat\/sillas\/silla-calligaris-tosca\/","title":{"rendered":"Cadira Tosca CALLIGARIS"},"content":{"rendered":"<p>Silla modelo TOSCA con estructura de madera maciza.\u00a0Asiento con acolchado extra blando y confortable.\u00a0Tapizado en tejido.\u00a0Las patas con secci\u00f3n triangular son de madera maciza y el asiento est\u00e1 realizado con riscos el\u00e1sticos.\u00a0TOSCA es c\u00f3moda como un sof\u00e1: todo su asiento es acolchado y super blando y el tapizado es en tejido tweed con un look masculino y un dise\u00f1o Chevron.\u00a0TOSCA, id\u00f3nea para decorar comedores en casas o restaurantes, asegura un confort de m\u00e1ximo nivel.\u00a0\u00a1Descubre todas las combinaciones posibles!<\/p>","protected":false},"excerpt":{"rendered":"<p>Silla modelo TOSCA con estructura de madera maciza.\u00a0Asiento con acolchado extra blando y confortable.\u00a0Tapizado en tejido.\u00a0Las patas con secci\u00f3n triangular son de madera maciza y el asiento est\u00e1 realizado con riscos el\u00e1sticos.\u00a0TOSCA es c\u00f3moda como un sof\u00e1: todo su asiento es acolchado y super blando y el tapizado es en tejido tweed con un look masculino y un dise\u00f1o Chevron.\u00a0TOSCA, id\u00f3nea para decorar comedores en casas o restaurantes, asegura un confort de m\u00e1ximo nivel.\u00a0\u00a1Descubre todas las combinaciones posibles!<\/p>","protected":false},"featured_media":3562,"comment_status":"open","ping_status":"closed","template":"","meta":{"_acf_changed":false},"product_brand":[],"product_cat":[59],"product_tag":[107],"class_list":{"0":"post-2915","1":"product","2":"type-product","3":"status-publish","4":"has-post-thumbnail","6":"product_cat-sillas","7":"product_tag-silla-calligaris","9":"first","10":"instock","11":"shipping-taxable","12":"product-type-simple"},"acf":[],"_links":{"self":[{"href":"https:\/\/masterpiel.com\/cat\/wp-json\/wp\/v2\/product\/2915","targetHints":{"allow":["GET"]}}],"collection":[{"href":"https:\/\/masterpiel.com\/cat\/wp-json\/wp\/v2\/product"}],"about":[{"href":"https:\/\/masterpiel.com\/cat\/wp-json\/wp\/v2\/types\/product"}],"replies":[{"embeddable":true,"href":"https:\/\/masterpiel.com\/cat\/wp-json\/wp\/v2\/comments?post=2915"}],"version-history":[{"count":0,"href":"https:\/\/masterpiel.com\/cat\/wp-json\/wp\/v2\/product\/2915\/revisions"}],"wp:featuredmedia":[{"embeddable":true,"href":"https:\/\/masterpiel.com\/cat\/wp-json\/wp\/v2\/media\/3562"}],"wp:attachment":[{"href":"https:\/\/masterpiel.com\/cat\/wp-json\/wp\/v2\/media?parent=2915"}],"wp:term":[{"taxonomy":"product_brand","embeddable":true,"href":"https:\/\/masterpiel.com\/cat\/wp-json\/wp\/v2\/product_brand?post=2915"},{"taxonomy":"product_cat","embeddable":true,"href":"https:\/\/masterpiel.com\/cat\/wp-json\/wp\/v2\/product_cat?post=2915"},{"taxonomy":"product_tag","embeddable":true,"href":"https:\/\/masterpiel.com\/cat\/wp-json\/wp\/v2\/product_tag?post=2915"}],"curies":[{"name":"wp","href":"https:\/\/api.w.org\/{rel}","templated":true}]}}