{"id":2916,"date":"2023-10-05T10:30:38","date_gmt":"2023-10-05T10:30:38","guid":{"rendered":"https:\/\/dreamy-chatterjee.217-160-225-155.plesk.page\/product\/parisienne\/"},"modified":"2025-05-14T11:46:43","modified_gmt":"2025-05-14T11:46:43","slug":"silla-parisienne-calligaris","status":"publish","type":"product","link":"https:\/\/masterpiel.com\/cat\/sillas\/silla-parisienne-calligaris\/","title":{"rendered":"Cadira Parisienne CALLIGARIS"},"content":{"rendered":"<p>Silla monocarcasa modelo PARISIENNE, realizada totalmente en policarbonato.\u00a0N\u00famero m\u00e1ximo de sillas apilables: 4. Id\u00f3nea tambi\u00e9n para su uso externo.\u00a0Silla caracterizada por formas redondas y sin cantos, que recuerda al estilo suave de las cl\u00e1sicas sillas francesas de los bistrots de principios de siglo XX.\u00a0Est\u00e1 realizada en policarbonato, un material que asegura una excelente resistencia a los impactos ya la intemperie, y es muy ligera y f\u00e1cil de correr.\u00a0Esta silla, extremadamente funcional, con su inconfundible dise\u00f1o, es ideal para decorar la cocina, los bares o los espacios comunes al aire libre.\u00a0Disponible en distintos acabados, transparentes o brillantes.<\/p>","protected":false},"excerpt":{"rendered":"<p>Silla monocarcasa modelo PARISIENNE, realizada totalmente en policarbonato.\u00a0N\u00famero m\u00e1ximo de sillas apilables: 4. Id\u00f3nea tambi\u00e9n para su uso externo.\u00a0Silla caracterizada por formas redondas y sin cantos, que recuerda al estilo suave de las cl\u00e1sicas sillas francesas de los bistrots de principios de siglo XX.\u00a0Est\u00e1 realizada en policarbonato, un material que asegura una excelente resistencia a los impactos ya la intemperie, y es muy ligera y f\u00e1cil de correr.\u00a0Esta silla, extremadamente funcional, con su inconfundible dise\u00f1o, es ideal para decorar la cocina, los bares o los espacios comunes al aire libre.\u00a0Disponible en distintos acabados, transparentes o brillantes.<\/p>","protected":false},"featured_media":3548,"comment_status":"open","ping_status":"closed","template":"","meta":{"_acf_changed":false},"product_brand":[],"product_cat":[59],"product_tag":[107],"class_list":{"0":"post-2916","1":"product","2":"type-product","3":"status-publish","4":"has-post-thumbnail","6":"product_cat-sillas","7":"product_tag-silla-calligaris","9":"first","10":"instock","11":"shipping-taxable","12":"product-type-simple"},"acf":[],"_links":{"self":[{"href":"https:\/\/masterpiel.com\/cat\/wp-json\/wp\/v2\/product\/2916","targetHints":{"allow":["GET"]}}],"collection":[{"href":"https:\/\/masterpiel.com\/cat\/wp-json\/wp\/v2\/product"}],"about":[{"href":"https:\/\/masterpiel.com\/cat\/wp-json\/wp\/v2\/types\/product"}],"replies":[{"embeddable":true,"href":"https:\/\/masterpiel.com\/cat\/wp-json\/wp\/v2\/comments?post=2916"}],"version-history":[{"count":0,"href":"https:\/\/masterpiel.com\/cat\/wp-json\/wp\/v2\/product\/2916\/revisions"}],"wp:featuredmedia":[{"embeddable":true,"href":"https:\/\/masterpiel.com\/cat\/wp-json\/wp\/v2\/media\/3548"}],"wp:attachment":[{"href":"https:\/\/masterpiel.com\/cat\/wp-json\/wp\/v2\/media?parent=2916"}],"wp:term":[{"taxonomy":"product_brand","embeddable":true,"href":"https:\/\/masterpiel.com\/cat\/wp-json\/wp\/v2\/product_brand?post=2916"},{"taxonomy":"product_cat","embeddable":true,"href":"https:\/\/masterpiel.com\/cat\/wp-json\/wp\/v2\/product_cat?post=2916"},{"taxonomy":"product_tag","embeddable":true,"href":"https:\/\/masterpiel.com\/cat\/wp-json\/wp\/v2\/product_tag?post=2916"}],"curies":[{"name":"wp","href":"https:\/\/api.w.org\/{rel}","templated":true}]}}