{"id":2922,"date":"2023-10-05T10:30:39","date_gmt":"2023-10-05T10:30:39","guid":{"rendered":"https:\/\/dreamy-chatterjee.217-160-225-155.plesk.page\/product\/jam\/"},"modified":"2025-05-14T11:46:43","modified_gmt":"2025-05-14T11:46:43","slug":"silla-jam-conubia","status":"publish","type":"product","link":"https:\/\/masterpiel.com\/cat\/sillas\/silla-jam-conubia\/","title":{"rendered":"Silla Jam CONNUBIA"},"content":{"rendered":"<p>Taburete modelo JAM, estructura de metal y carcasa bicolor de tecnopol\u00edmero.\u00a0Giratorio y regulable en altura.\u00a0La caracter\u00edstica principal del taburete JAM es la carcasa de tecnopol\u00edmero bicolor, con la parte del asentamiento siempre en blanco brillante y la parte trasera en diferentes colores.\u00a0Los orificios el\u00edpticos del soporte completan el dise\u00f1o del producto.\u00a0Taburete t\u00e9cnicamente avanzado y s\u00f3lido con su estructura en tubo de metal y la columna con elevaci\u00f3n a gas pero tambi\u00e9n ligero por la ausencia de peso en la base.\u00a0El asiento giratorio presenta una forma ergon\u00f3mica que asegura un soporte c\u00f3modo.\u00a0Reposapi\u00e9s oval.<\/p>","protected":false},"excerpt":{"rendered":"<p>Taburete modelo JAM, estructura de metal y carcasa bicolor de tecnopol\u00edmero.\u00a0Giratorio y regulable en altura.\u00a0La caracter\u00edstica principal del taburete JAM es la carcasa de tecnopol\u00edmero bicolor, con la parte del asentamiento siempre en blanco brillante y la parte trasera en diferentes colores.\u00a0Los orificios el\u00edpticos del soporte completan el dise\u00f1o del producto.\u00a0Taburete t\u00e9cnicamente avanzado y s\u00f3lido con su estructura en tubo de metal y la columna con elevaci\u00f3n a gas pero tambi\u00e9n ligero por la ausencia de peso en la base.\u00a0El asiento giratorio presenta una forma ergon\u00f3mica que asegura un soporte c\u00f3modo.\u00a0Reposapi\u00e9s oval.<\/p>","protected":false},"featured_media":3166,"comment_status":"open","ping_status":"closed","template":"","meta":{"_acf_changed":false},"product_brand":[],"product_cat":[59],"product_tag":[108],"class_list":{"0":"post-2922","1":"product","2":"type-product","3":"status-publish","4":"has-post-thumbnail","6":"product_cat-sillas","7":"product_tag-silla-connubia","9":"first","10":"instock","11":"shipping-taxable","12":"product-type-simple"},"acf":[],"_links":{"self":[{"href":"https:\/\/masterpiel.com\/cat\/wp-json\/wp\/v2\/product\/2922","targetHints":{"allow":["GET"]}}],"collection":[{"href":"https:\/\/masterpiel.com\/cat\/wp-json\/wp\/v2\/product"}],"about":[{"href":"https:\/\/masterpiel.com\/cat\/wp-json\/wp\/v2\/types\/product"}],"replies":[{"embeddable":true,"href":"https:\/\/masterpiel.com\/cat\/wp-json\/wp\/v2\/comments?post=2922"}],"version-history":[{"count":0,"href":"https:\/\/masterpiel.com\/cat\/wp-json\/wp\/v2\/product\/2922\/revisions"}],"wp:featuredmedia":[{"embeddable":true,"href":"https:\/\/masterpiel.com\/cat\/wp-json\/wp\/v2\/media\/3166"}],"wp:attachment":[{"href":"https:\/\/masterpiel.com\/cat\/wp-json\/wp\/v2\/media?parent=2922"}],"wp:term":[{"taxonomy":"product_brand","embeddable":true,"href":"https:\/\/masterpiel.com\/cat\/wp-json\/wp\/v2\/product_brand?post=2922"},{"taxonomy":"product_cat","embeddable":true,"href":"https:\/\/masterpiel.com\/cat\/wp-json\/wp\/v2\/product_cat?post=2922"},{"taxonomy":"product_tag","embeddable":true,"href":"https:\/\/masterpiel.com\/cat\/wp-json\/wp\/v2\/product_tag?post=2922"}],"curies":[{"name":"wp","href":"https:\/\/api.w.org\/{rel}","templated":true}]}}