{"id":2925,"date":"2023-10-05T10:30:39","date_gmt":"2023-10-05T10:30:39","guid":{"rendered":"https:\/\/dreamy-chatterjee.217-160-225-155.plesk.page\/product\/consul\/"},"modified":"2025-07-24T08:16:17","modified_gmt":"2025-07-24T08:16:17","slug":"sillon-stressless-consul","status":"publish","type":"product","link":"https:\/\/masterpiel.com\/cat\/sillones-relax-electrico\/sillon-stressless-consul\/","title":{"rendered":"Butaca C\u00f2nsol STRESSLESS"},"content":{"rendered":"<p>Todo el mundo merece disponer de un lugar c\u00f3modo para descansar.\u00a0El sill\u00f3n Stressless Consul es un cl\u00e1sico.\u00a0Se adapta f\u00e1cilmente a cualquier zona de su hogar y siempre le ofrecer\u00e1 una c\u00e1lida bienvenida.\u00a0Al igual que el resto de butacas de Stressless, \u00e9ste le ofrece la caracter\u00edstica que distingue a Stressless en todo el mundo: en un instante sentir\u00e1 c\u00f3mo el sill\u00f3n se adapta a su persona.<\/p>","protected":false},"excerpt":{"rendered":"<p>Todo el mundo merece disponer de un lugar c\u00f3modo para descansar.\u00a0El sill\u00f3n Stressless Consul es un cl\u00e1sico.\u00a0Se adapta f\u00e1cilmente a cualquier zona de su hogar y siempre le ofrecer\u00e1 una c\u00e1lida bienvenida.\u00a0Al igual que el resto de butacas de Stressless, \u00e9ste le ofrece la caracter\u00edstica que distingue a Stressless en todo el mundo: en un instante sentir\u00e1 c\u00f3mo el sill\u00f3n se adapta a su persona.<\/p>","protected":false},"featured_media":3359,"comment_status":"closed","ping_status":"closed","template":"","meta":{"_acf_changed":false},"product_brand":[124],"product_cat":[94,95,60],"product_tag":[113,96,97,63],"class_list":{"0":"post-2925","1":"product","2":"type-product","3":"status-publish","4":"has-post-thumbnail","6":"product_brand-stressless","7":"product_cat-sillones-relax","8":"product_cat-sillones-relax-electrico","9":"product_cat-sillones","10":"product_tag-sillon-stressless","11":"product_tag-sillones-relax","12":"product_tag-sillones-relax-electrico","13":"product_tag-stressless","15":"first","16":"instock","17":"shipping-taxable","18":"product-type-simple"},"acf":[],"_links":{"self":[{"href":"https:\/\/masterpiel.com\/cat\/wp-json\/wp\/v2\/product\/2925","targetHints":{"allow":["GET"]}}],"collection":[{"href":"https:\/\/masterpiel.com\/cat\/wp-json\/wp\/v2\/product"}],"about":[{"href":"https:\/\/masterpiel.com\/cat\/wp-json\/wp\/v2\/types\/product"}],"replies":[{"embeddable":true,"href":"https:\/\/masterpiel.com\/cat\/wp-json\/wp\/v2\/comments?post=2925"}],"version-history":[{"count":0,"href":"https:\/\/masterpiel.com\/cat\/wp-json\/wp\/v2\/product\/2925\/revisions"}],"wp:featuredmedia":[{"embeddable":true,"href":"https:\/\/masterpiel.com\/cat\/wp-json\/wp\/v2\/media\/3359"}],"wp:attachment":[{"href":"https:\/\/masterpiel.com\/cat\/wp-json\/wp\/v2\/media?parent=2925"}],"wp:term":[{"taxonomy":"product_brand","embeddable":true,"href":"https:\/\/masterpiel.com\/cat\/wp-json\/wp\/v2\/product_brand?post=2925"},{"taxonomy":"product_cat","embeddable":true,"href":"https:\/\/masterpiel.com\/cat\/wp-json\/wp\/v2\/product_cat?post=2925"},{"taxonomy":"product_tag","embeddable":true,"href":"https:\/\/masterpiel.com\/cat\/wp-json\/wp\/v2\/product_tag?post=2925"}],"curies":[{"name":"wp","href":"https:\/\/api.w.org\/{rel}","templated":true}]}}