{"id":2927,"date":"2023-10-05T10:30:39","date_gmt":"2023-10-05T10:30:39","guid":{"rendered":"https:\/\/dreamy-chatterjee.217-160-225-155.plesk.page\/product\/igloo-soft\/"},"modified":"2025-05-14T11:46:44","modified_gmt":"2025-05-14T11:46:44","slug":"silla-igloo-soft-calligaris","status":"publish","type":"product","link":"https:\/\/masterpiel.com\/cat\/sillas\/silla-igloo-soft-calligaris\/","title":{"rendered":"Cadira Igl\u00fa Suau CALLIGARIS"},"content":{"rendered":"<p>Un poco silla y un sill\u00f3n, apta para cualquier dimensi\u00f3n de la convivialidad.\u00a0IGLOO SOFT se distingue por una carcasa suave y envolvente.\u00a0La base es de madera, mientras que el revestimiento del armaz\u00f3n est\u00e1 realizado con un nuevo repunte irregular de efecto suave.\u00a0Para quien ama las l\u00edneas retro con un toque de innovaci\u00f3n.\u00a0Elige la perfecta para ti.<\/p>","protected":false},"excerpt":{"rendered":"<p>Un poco silla y un sill\u00f3n, apta para cualquier dimensi\u00f3n de la convivialidad.\u00a0IGLOO SOFT se distingue por una carcasa suave y envolvente.\u00a0La base es de madera, mientras que el revestimiento del armaz\u00f3n est\u00e1 realizado con un nuevo repunte irregular de efecto suave.\u00a0Para quien ama las l\u00edneas retro con un toque de innovaci\u00f3n.\u00a0Elige la perfecta para ti.<\/p>","protected":false},"featured_media":3515,"comment_status":"open","ping_status":"closed","template":"","meta":{"_acf_changed":false},"product_brand":[],"product_cat":[59],"product_tag":[107],"class_list":{"0":"post-2927","1":"product","2":"type-product","3":"status-publish","4":"has-post-thumbnail","6":"product_cat-sillas","7":"product_tag-silla-calligaris","9":"first","10":"instock","11":"shipping-taxable","12":"product-type-simple"},"acf":[],"_links":{"self":[{"href":"https:\/\/masterpiel.com\/cat\/wp-json\/wp\/v2\/product\/2927","targetHints":{"allow":["GET"]}}],"collection":[{"href":"https:\/\/masterpiel.com\/cat\/wp-json\/wp\/v2\/product"}],"about":[{"href":"https:\/\/masterpiel.com\/cat\/wp-json\/wp\/v2\/types\/product"}],"replies":[{"embeddable":true,"href":"https:\/\/masterpiel.com\/cat\/wp-json\/wp\/v2\/comments?post=2927"}],"version-history":[{"count":0,"href":"https:\/\/masterpiel.com\/cat\/wp-json\/wp\/v2\/product\/2927\/revisions"}],"wp:featuredmedia":[{"embeddable":true,"href":"https:\/\/masterpiel.com\/cat\/wp-json\/wp\/v2\/media\/3515"}],"wp:attachment":[{"href":"https:\/\/masterpiel.com\/cat\/wp-json\/wp\/v2\/media?parent=2927"}],"wp:term":[{"taxonomy":"product_brand","embeddable":true,"href":"https:\/\/masterpiel.com\/cat\/wp-json\/wp\/v2\/product_brand?post=2927"},{"taxonomy":"product_cat","embeddable":true,"href":"https:\/\/masterpiel.com\/cat\/wp-json\/wp\/v2\/product_cat?post=2927"},{"taxonomy":"product_tag","embeddable":true,"href":"https:\/\/masterpiel.com\/cat\/wp-json\/wp\/v2\/product_tag?post=2927"}],"curies":[{"name":"wp","href":"https:\/\/api.w.org\/{rel}","templated":true}]}}