{"id":2929,"date":"2023-10-05T10:30:39","date_gmt":"2023-10-05T10:30:39","guid":{"rendered":"https:\/\/dreamy-chatterjee.217-160-225-155.plesk.page\/product\/atrium\/"},"modified":"2026-01-28T10:54:29","modified_gmt":"2026-01-28T10:54:29","slug":"sofa-atrium-masterpiel","status":"publish","type":"product","link":"https:\/\/masterpiel.com\/cat\/sofas-relax-electrico\/sofa-atrium-masterpiel\/","title":{"rendered":"Sof\u00e0 Atrium MASTERPIEL"},"content":{"rendered":"<p>Una esmerada atenci\u00f3n al detalle y la gran modularidad dejan espacio para la imaginaci\u00f3n creativa y la elegancia refinada y c\u00f3moda.\u00a0Atrium utiliza soluciones de cuero y tela y el delgado acolchado interno del brasero que termina como una l\u00ednea continua en el pie da un efecto tridimensional.\u00a0La comodidad est\u00e1 garantizada por un mecanismo de reposacabezas manual adem\u00e1s del mecanismo el\u00e9ctrico de un reposapi\u00e9s extra\u00edble.\u00a0Tiene un sistema ligero y sinuoso, con alta libertad de composici\u00f3n, transform\u00e1ndose de un sof\u00e1 agradable en un sof\u00e1 de relajaci\u00f3n.<\/p>","protected":false},"excerpt":{"rendered":"<p>Sof\u00e1 3 plazas en piel. Consultar otras configuraciones y tejidos.<\/p>\n<p>Una esmerada atenci\u00f3n al detalle y la gran modularidad dejan espacio para la imaginaci\u00f3n creativa y la elegancia refinada y c\u00f3moda.\u00a0Atrium utiliza soluciones de cuero y tela y el delgado acolchado interno del brasero que termina como una l\u00ednea continua en el pie da un efecto tridimensional.\u00a0La comodidad est\u00e1 garantizada por un mecanismo de reposacabezas manual adem\u00e1s del mecanismo el\u00e9ctrico de un reposapi\u00e9s extra\u00edble.\u00a0Tiene un sistema ligero y sinuoso, con alta libertad de composici\u00f3n, transform\u00e1ndose de un sof\u00e1 agradable en un sof\u00e1 de relajaci\u00f3n.<\/p>","protected":false},"featured_media":3002,"comment_status":"open","ping_status":"closed","template":"","meta":{"_acf_changed":false},"product_brand":[],"product_cat":[54,62],"product_tag":[148,101],"class_list":{"0":"post-2929","1":"product","2":"type-product","3":"status-publish","4":"has-post-thumbnail","6":"product_cat-sofas","7":"product_cat-sofas-relax-electrico","8":"product_tag-master","9":"product_tag-sofa-relax-electrico","11":"first","12":"instock","13":"shipping-taxable","14":"product-type-simple"},"acf":[],"_links":{"self":[{"href":"https:\/\/masterpiel.com\/cat\/wp-json\/wp\/v2\/product\/2929","targetHints":{"allow":["GET"]}}],"collection":[{"href":"https:\/\/masterpiel.com\/cat\/wp-json\/wp\/v2\/product"}],"about":[{"href":"https:\/\/masterpiel.com\/cat\/wp-json\/wp\/v2\/types\/product"}],"replies":[{"embeddable":true,"href":"https:\/\/masterpiel.com\/cat\/wp-json\/wp\/v2\/comments?post=2929"}],"version-history":[{"count":0,"href":"https:\/\/masterpiel.com\/cat\/wp-json\/wp\/v2\/product\/2929\/revisions"}],"wp:featuredmedia":[{"embeddable":true,"href":"https:\/\/masterpiel.com\/cat\/wp-json\/wp\/v2\/media\/3002"}],"wp:attachment":[{"href":"https:\/\/masterpiel.com\/cat\/wp-json\/wp\/v2\/media?parent=2929"}],"wp:term":[{"taxonomy":"product_brand","embeddable":true,"href":"https:\/\/masterpiel.com\/cat\/wp-json\/wp\/v2\/product_brand?post=2929"},{"taxonomy":"product_cat","embeddable":true,"href":"https:\/\/masterpiel.com\/cat\/wp-json\/wp\/v2\/product_cat?post=2929"},{"taxonomy":"product_tag","embeddable":true,"href":"https:\/\/masterpiel.com\/cat\/wp-json\/wp\/v2\/product_tag?post=2929"}],"curies":[{"name":"wp","href":"https:\/\/api.w.org\/{rel}","templated":true}]}}