{"id":4459,"date":"2024-01-24T15:33:15","date_gmt":"2024-01-24T15:33:15","guid":{"rendered":"https:\/\/ecstatic-wu.212-227-85-77.plesk.page\/product\/aparador-lake-4-puertas-calligaris\/"},"modified":"2025-05-14T11:46:44","modified_gmt":"2025-05-14T11:46:44","slug":"aparador-lake-4-puertas-calligaris","status":"publish","type":"product","link":"https:\/\/masterpiel.com\/cat\/aparadores\/aparador-lake-4-puertas-calligaris\/","title":{"rendered":"Aparador Lake 4 puertas CALLIGARIS"},"content":{"rendered":"<p>El aparador LAKE de Calligaris es una propuesta para la sala de estar que destaca por sus l\u00edneas suaves y armoniosas. Elevado desde el suelo, tiene una forma ovalada acentuada por una superficie de cer\u00e1mica ligeramente retrasada respecto al per\u00edmetro, dise\u00f1ando as\u00ed un espacio \u00fatil entre la puerta y la superficie para la apertura de las puertas y cajones. Este modelo se puede disfrutar en 360\u00b0 gracias a la madera enchapeada presente en toda la superficie.<\/p>","protected":false},"excerpt":{"rendered":"<p>El aparador LAKE de Calligaris es una propuesta para la sala de estar que destaca por sus l\u00edneas suaves y armoniosas. Elevado desde el suelo, tiene una forma ovalada acentuada por una superficie de cer\u00e1mica ligeramente retrasada respecto al per\u00edmetro, dise\u00f1ando as\u00ed un espacio \u00fatil entre la puerta y la superficie para la apertura de las puertas y cajones. Este modelo se puede disfrutar en 360\u00b0 gracias a la madera enchapeada presente en toda la superficie.<\/p>","protected":false},"featured_media":4476,"comment_status":"closed","ping_status":"closed","template":"","meta":{"_acf_changed":false},"product_brand":[],"product_cat":[70],"product_tag":[103],"class_list":{"0":"post-4459","1":"product","2":"type-product","3":"status-publish","4":"has-post-thumbnail","6":"product_cat-aparadores","7":"product_tag-aparador-calligaris","9":"first","10":"instock","11":"shipping-taxable","12":"product-type-simple"},"acf":[],"_links":{"self":[{"href":"https:\/\/masterpiel.com\/cat\/wp-json\/wp\/v2\/product\/4459","targetHints":{"allow":["GET"]}}],"collection":[{"href":"https:\/\/masterpiel.com\/cat\/wp-json\/wp\/v2\/product"}],"about":[{"href":"https:\/\/masterpiel.com\/cat\/wp-json\/wp\/v2\/types\/product"}],"replies":[{"embeddable":true,"href":"https:\/\/masterpiel.com\/cat\/wp-json\/wp\/v2\/comments?post=4459"}],"version-history":[{"count":0,"href":"https:\/\/masterpiel.com\/cat\/wp-json\/wp\/v2\/product\/4459\/revisions"}],"wp:featuredmedia":[{"embeddable":true,"href":"https:\/\/masterpiel.com\/cat\/wp-json\/wp\/v2\/media\/4476"}],"wp:attachment":[{"href":"https:\/\/masterpiel.com\/cat\/wp-json\/wp\/v2\/media?parent=4459"}],"wp:term":[{"taxonomy":"product_brand","embeddable":true,"href":"https:\/\/masterpiel.com\/cat\/wp-json\/wp\/v2\/product_brand?post=4459"},{"taxonomy":"product_cat","embeddable":true,"href":"https:\/\/masterpiel.com\/cat\/wp-json\/wp\/v2\/product_cat?post=4459"},{"taxonomy":"product_tag","embeddable":true,"href":"https:\/\/masterpiel.com\/cat\/wp-json\/wp\/v2\/product_tag?post=4459"}],"curies":[{"name":"wp","href":"https:\/\/api.w.org\/{rel}","templated":true}]}}