{"id":4461,"date":"2024-01-24T15:33:15","date_gmt":"2024-01-24T15:33:15","guid":{"rendered":"https:\/\/ecstatic-wu.212-227-85-77.plesk.page\/product\/aparador-universal-3-puertas-calligaris\/"},"modified":"2025-05-14T11:46:44","modified_gmt":"2025-05-14T11:46:44","slug":"aparador-universal-3-puertas-calligaris","status":"publish","type":"product","link":"https:\/\/masterpiel.com\/cat\/aparadores\/aparador-universal-3-puertas-calligaris\/","title":{"rendered":"Aparador Universal 3 puertas CALLIGARIS"},"content":{"rendered":"<p>UNIVERSAL es un sistema integrado de aparadores y artesas modulares caracterizado por su extrema versatilidad. Aparadores y muebles para TV que cambian de aspecto al variar sus dimensiones y acabados. Vol\u00famenes compactos con puertas lacadas o de madera, lisas o trabajadas con dise\u00f1os de ondas, rombos y cuadrados que realzan su elegancia y sofisticaci\u00f3n. Combinando estructura, puertas, bases y acabados, hay m\u00faltiples posibilidades de personalizaci\u00f3n. Tapa superfina de gres acoplado a ras de las puertas.<\/p>","protected":false},"excerpt":{"rendered":"<p>UNIVERSAL es un sistema integrado de aparadores y artesas modulares caracterizado por su extrema versatilidad. Aparadores y muebles para TV que cambian de aspecto al variar sus dimensiones y acabados. Vol\u00famenes compactos con puertas lacadas o de madera, lisas o trabajadas con dise\u00f1os de ondas, rombos y cuadrados que realzan su elegancia y sofisticaci\u00f3n. Combinando estructura, puertas, bases y acabados, hay m\u00faltiples posibilidades de personalizaci\u00f3n. Tapa superfina de gres acoplado a ras de las puertas.<\/p>","protected":false},"featured_media":4470,"comment_status":"closed","ping_status":"closed","template":"","meta":{"_acf_changed":false},"product_brand":[],"product_cat":[70],"product_tag":[103],"class_list":{"0":"post-4461","1":"product","2":"type-product","3":"status-publish","4":"has-post-thumbnail","6":"product_cat-aparadores","7":"product_tag-aparador-calligaris","9":"first","10":"instock","11":"shipping-taxable","12":"product-type-simple"},"acf":[],"_links":{"self":[{"href":"https:\/\/masterpiel.com\/cat\/wp-json\/wp\/v2\/product\/4461","targetHints":{"allow":["GET"]}}],"collection":[{"href":"https:\/\/masterpiel.com\/cat\/wp-json\/wp\/v2\/product"}],"about":[{"href":"https:\/\/masterpiel.com\/cat\/wp-json\/wp\/v2\/types\/product"}],"replies":[{"embeddable":true,"href":"https:\/\/masterpiel.com\/cat\/wp-json\/wp\/v2\/comments?post=4461"}],"version-history":[{"count":0,"href":"https:\/\/masterpiel.com\/cat\/wp-json\/wp\/v2\/product\/4461\/revisions"}],"wp:featuredmedia":[{"embeddable":true,"href":"https:\/\/masterpiel.com\/cat\/wp-json\/wp\/v2\/media\/4470"}],"wp:attachment":[{"href":"https:\/\/masterpiel.com\/cat\/wp-json\/wp\/v2\/media?parent=4461"}],"wp:term":[{"taxonomy":"product_brand","embeddable":true,"href":"https:\/\/masterpiel.com\/cat\/wp-json\/wp\/v2\/product_brand?post=4461"},{"taxonomy":"product_cat","embeddable":true,"href":"https:\/\/masterpiel.com\/cat\/wp-json\/wp\/v2\/product_cat?post=4461"},{"taxonomy":"product_tag","embeddable":true,"href":"https:\/\/masterpiel.com\/cat\/wp-json\/wp\/v2\/product_tag?post=4461"}],"curies":[{"name":"wp","href":"https:\/\/api.w.org\/{rel}","templated":true}]}}