{"id":4737,"date":"2024-02-02T09:16:40","date_gmt":"2024-02-02T09:16:40","guid":{"rendered":"https:\/\/ecstatic-wu.212-227-85-77.plesk.page\/?post_type=product&#038;p=4737"},"modified":"2026-01-28T10:52:06","modified_gmt":"2026-01-28T10:52:06","slug":"sofa-modular-calm-masterpiel","status":"publish","type":"product","link":"https:\/\/masterpiel.com\/cat\/sofas\/sofa-modular-calm-masterpiel\/","title":{"rendered":"Sof\u00e1 Calm MASTERPIEL"},"content":{"rendered":"<div data-elementor-type=\"wp-post\" data-elementor-id=\"4737\" class=\"elementor elementor-4737\" data-elementor-post-type=\"product\">\n\t\t\t\t\t\t<section class=\"elementor-section elementor-top-section elementor-element elementor-element-6932e344 elementor-section-boxed elementor-section-height-default elementor-section-height-default\" data-id=\"6932e344\" data-element_type=\"section\" data-e-type=\"section\">\n\t\t\t\t\t\t<div class=\"elementor-container elementor-column-gap-default\">\n\t\t\t\t\t<div class=\"elementor-column elementor-col-100 elementor-top-column elementor-element elementor-element-26308e13\" data-id=\"26308e13\" data-element_type=\"column\" data-e-type=\"column\">\n\t\t\t<div class=\"elementor-widget-wrap elementor-element-populated\">\n\t\t\t\t\t\t<div class=\"elementor-element elementor-element-3623f6ec elementor-widget elementor-widget-text-editor\" data-id=\"3623f6ec\" data-element_type=\"widget\" data-e-type=\"widget\" data-widget_type=\"text-editor.default\">\n\t\t\t\t<div class=\"elementor-widget-container\">\n\t\t\t\t\t\t\t\t\t<h4>Sof\u00e1 modular Calm Masterpiel<\/h4>\r\nLos valores estil\u00edsticos son simples: una gran modularidad, una planificaci\u00f3n infinita y versatilidad para todas las situaciones. El dise\u00f1o se enriquece con sus generosos asientos y con las diferentes posibilidades que ofrecen la multitud de combinaciones y terminales disponibles.\r\n\r\nLos c\u00f3modos asientos brindan inmediatamente una sensaci\u00f3n de familiaridad y relajaci\u00f3n. Dos tipos de respaldos hacen que sea imposible no encontrar el equilibrio perfecto entre dise\u00f1o y confort.\t\t\t\t\t\t\t\t<\/div>\n\t\t\t\t<\/div>\n\t\t\t\t<div class=\"elementor-element elementor-element-f417e37 elementor-widget-divider--view-line elementor-widget elementor-widget-divider\" data-id=\"f417e37\" data-element_type=\"widget\" data-e-type=\"widget\" data-widget_type=\"divider.default\">\n\t\t\t\t<div class=\"elementor-widget-container\">\n\t\t\t\t\t\t\t<div class=\"elementor-divider\">\n\t\t\t<span class=\"elementor-divider-separator\">\n\t\t\t\t\t\t<\/span>\n\t\t<\/div>\n\t\t\t\t\t\t<\/div>\n\t\t\t\t<\/div>\n\t\t\t\t\t<\/div>\n\t\t<\/div>\n\t\t\t\t\t<\/div>\n\t\t<\/section>\n\t\t\t\t<section class=\"elementor-section elementor-top-section elementor-element elementor-element-d8842a0 elementor-section-boxed elementor-section-height-default elementor-section-height-default\" data-id=\"d8842a0\" data-element_type=\"section\" data-e-type=\"section\">\n\t\t\t\t\t\t<div class=\"elementor-container elementor-column-gap-default\">\n\t\t\t\t\t<div class=\"elementor-column elementor-col-100 elementor-top-column elementor-element elementor-element-e90c5e6\" data-id=\"e90c5e6\" data-element_type=\"column\" data-e-type=\"column\">\n\t\t\t<div class=\"elementor-widget-wrap elementor-element-populated\">\n\t\t\t\t\t\t<div class=\"elementor-element elementor-element-665a4ea elementor-widget elementor-widget-text-editor\" data-id=\"665a4ea\" data-element_type=\"widget\" data-e-type=\"widget\" data-widget_type=\"text-editor.default\">\n\t\t\t\t<div class=\"elementor-widget-container\">\n\t\t\t\t\t\t\t\t\t<h4>Medidas\u00a0<\/h4>\t\t\t\t\t\t\t\t<\/div>\n\t\t\t\t<\/div>\n\t\t\t\t<div class=\"elementor-element elementor-element-a2be38e elementor-widget elementor-widget-image\" data-id=\"a2be38e\" data-element_type=\"widget\" data-e-type=\"widget\" data-widget_type=\"image.default\">\n\t\t\t\t<div class=\"elementor-widget-container\">\n\t\t\t\t\t\t\t\t\t\t\t\t\t\t\t<img decoding=\"async\" src=\"https:\/\/masterpiel.com\/wp-content\/uploads\/elementor\/thumbs\/MIDS-CALM-1-copia-r1fxd0cw78pln1g29670xb1xbiymrpk3nyadz1tjxw.webp\" title=\"MIDS CALM (1) copia\" alt=\"MIDS CALM (1) copia\" loading=\"lazy\" \/>\t\t\t\t\t\t\t\t\t\t\t\t\t\t\t<\/div>\n\t\t\t\t<\/div>\n\t\t\t\t\t<\/div>\n\t\t<\/div>\n\t\t\t\t\t<\/div>\n\t\t<\/section>\n\t\t\t\t<\/div>","protected":false},"excerpt":{"rendered":"<p>Los valores estil\u00edsticos del sof\u00e1 Calm son simples: una gran modularidad, una planificaci\u00f3n infinita y versatilidad para todas las situaciones. El dise\u00f1o se enriquece con sus generosos asientos y con las diferentes posibilidades que ofrecen la multitud de combinaciones y terminales disponibles.<\/p>\n<p>Los c\u00f3modos asientos brindan inmediatamente una sensaci\u00f3n de familiaridad y relajaci\u00f3n. Dos tipos de respaldos hacen que sea imposible no encontrar el equilibrio perfecto entre dise\u00f1o y confort.<\/p>","protected":false},"featured_media":4740,"comment_status":"open","ping_status":"closed","template":"","meta":{"_acf_changed":false},"product_brand":[],"product_cat":[54],"product_tag":[148,86],"class_list":{"0":"post-4737","1":"product","2":"type-product","3":"status-publish","4":"has-post-thumbnail","6":"product_cat-sofas","7":"product_tag-master","8":"product_tag-sofa","10":"first","11":"instock","12":"shipping-taxable","13":"product-type-simple"},"acf":[],"_links":{"self":[{"href":"https:\/\/masterpiel.com\/cat\/wp-json\/wp\/v2\/product\/4737","targetHints":{"allow":["GET"]}}],"collection":[{"href":"https:\/\/masterpiel.com\/cat\/wp-json\/wp\/v2\/product"}],"about":[{"href":"https:\/\/masterpiel.com\/cat\/wp-json\/wp\/v2\/types\/product"}],"replies":[{"embeddable":true,"href":"https:\/\/masterpiel.com\/cat\/wp-json\/wp\/v2\/comments?post=4737"}],"version-history":[{"count":0,"href":"https:\/\/masterpiel.com\/cat\/wp-json\/wp\/v2\/product\/4737\/revisions"}],"wp:featuredmedia":[{"embeddable":true,"href":"https:\/\/masterpiel.com\/cat\/wp-json\/wp\/v2\/media\/4740"}],"wp:attachment":[{"href":"https:\/\/masterpiel.com\/cat\/wp-json\/wp\/v2\/media?parent=4737"}],"wp:term":[{"taxonomy":"product_brand","embeddable":true,"href":"https:\/\/masterpiel.com\/cat\/wp-json\/wp\/v2\/product_brand?post=4737"},{"taxonomy":"product_cat","embeddable":true,"href":"https:\/\/masterpiel.com\/cat\/wp-json\/wp\/v2\/product_cat?post=4737"},{"taxonomy":"product_tag","embeddable":true,"href":"https:\/\/masterpiel.com\/cat\/wp-json\/wp\/v2\/product_tag?post=4737"}],"curies":[{"name":"wp","href":"https:\/\/api.w.org\/{rel}","templated":true}]}}