{"id":5007,"date":"2024-04-03T08:13:28","date_gmt":"2024-04-03T08:13:28","guid":{"rendered":"https:\/\/ecstatic-wu.212-227-85-77.plesk.page\/?post_type=product&#038;p=5007"},"modified":"2026-01-28T10:51:22","modified_gmt":"2026-01-28T10:51:22","slug":"sofa-casabona-masterpiel","status":"publish","type":"product","link":"https:\/\/masterpiel.com\/cat\/sofas\/sofa-casabona-masterpiel\/","title":{"rendered":"Sof\u00e1 Casabona MASTERPIEL"},"content":{"rendered":"<div data-elementor-type=\"wp-post\" data-elementor-id=\"5007\" class=\"elementor elementor-5007\" data-elementor-post-type=\"product\">\n\t\t\t\t\t\t<section class=\"elementor-section elementor-top-section elementor-element elementor-element-7f2b1f39 elementor-section-boxed elementor-section-height-default elementor-section-height-default\" data-id=\"7f2b1f39\" data-element_type=\"section\" data-e-type=\"section\">\n\t\t\t\t\t\t<div class=\"elementor-container elementor-column-gap-default\">\n\t\t\t\t\t<div class=\"elementor-column elementor-col-100 elementor-top-column elementor-element elementor-element-30e920d7\" data-id=\"30e920d7\" data-element_type=\"column\" data-e-type=\"column\">\n\t\t\t<div class=\"elementor-widget-wrap elementor-element-populated\">\n\t\t\t\t\t\t<div class=\"elementor-element elementor-element-5f10208c elementor-widget elementor-widget-text-editor\" data-id=\"5f10208c\" data-element_type=\"widget\" data-e-type=\"widget\" data-widget_type=\"text-editor.default\">\n\t\t\t\t<div class=\"elementor-widget-container\">\n\t\t\t\t\t\t\t\t\t<h4>Sof\u00e0 Casabona Masterpiel<\/h4>\r\nFuncionalidad y modularidad son las palabras clave para describir este proyecto. El movimiento reclinable del respaldo y del reposapi\u00e9s es inmediato, basta un toque para garantizar una relajaci\u00f3n absoluta e independiente. La modularidad permite la m\u00e1xima libertad en la elecci\u00f3n de colores y acabados. Es la evoluci\u00f3n del confort a una sentada suave y envolvente.\t\t\t\t\t\t\t\t<\/div>\n\t\t\t\t<\/div>\n\t\t\t\t\t<\/div>\n\t\t<\/div>\n\t\t\t\t\t<\/div>\n\t\t<\/section>\n\t\t\t\t<section class=\"elementor-section elementor-top-section elementor-element elementor-element-8358729 elementor-section-boxed elementor-section-height-default elementor-section-height-default\" data-id=\"8358729\" data-element_type=\"section\" data-e-type=\"section\">\n\t\t\t\t\t\t<div class=\"elementor-container elementor-column-gap-default\">\n\t\t\t\t\t<div class=\"elementor-column elementor-col-100 elementor-top-column elementor-element elementor-element-047ff10\" data-id=\"047ff10\" data-element_type=\"column\" data-e-type=\"column\">\n\t\t\t<div class=\"elementor-widget-wrap elementor-element-populated\">\n\t\t\t\t\t\t<div class=\"elementor-element elementor-element-1c259f3 elementor-widget elementor-widget-text-editor\" data-id=\"1c259f3\" data-element_type=\"widget\" data-e-type=\"widget\" data-widget_type=\"text-editor.default\">\n\t\t\t\t<div class=\"elementor-widget-container\">\n\t\t\t\t\t\t\t\t\t<h4>Medidas<\/h4>\t\t\t\t\t\t\t\t<\/div>\n\t\t\t\t<\/div>\n\t\t\t\t\t<\/div>\n\t\t<\/div>\n\t\t\t\t\t<\/div>\n\t\t<\/section>\n\t\t\t\t<section class=\"elementor-section elementor-top-section elementor-element elementor-element-c97a10e elementor-section-boxed elementor-section-height-default elementor-section-height-default\" data-id=\"c97a10e\" data-element_type=\"section\" data-e-type=\"section\">\n\t\t\t\t\t\t<div class=\"elementor-container elementor-column-gap-default\">\n\t\t\t\t\t<div class=\"elementor-column elementor-col-100 elementor-top-column elementor-element elementor-element-8c6c489\" data-id=\"8c6c489\" data-element_type=\"column\" data-e-type=\"column\">\n\t\t\t<div class=\"elementor-widget-wrap elementor-element-populated\">\n\t\t\t\t\t\t<div class=\"elementor-element elementor-element-c22a054 elementor-widget elementor-widget-image\" data-id=\"c22a054\" data-element_type=\"widget\" data-e-type=\"widget\" data-widget_type=\"image.default\">\n\t\t\t\t<div class=\"elementor-widget-container\">\n\t\t\t\t\t\t\t\t\t\t\t\t\t\t\t<img decoding=\"async\" src=\"https:\/\/masterpiel.com\/wp-content\/uploads\/elementor\/thumbs\/MIDES-CASABONA-r1fxd1anyd4ll5qifo65xvjmvma8h6afqs0y34ia3k.jpg\" title=\"MIDES CASABONA\" alt=\"MIDES CASABONA\" loading=\"lazy\" \/>\t\t\t\t\t\t\t\t\t\t\t\t\t\t\t<\/div>\n\t\t\t\t<\/div>\n\t\t\t\t\t<\/div>\n\t\t<\/div>\n\t\t\t\t\t<\/div>\n\t\t<\/section>\n\t\t\t\t<\/div>","protected":false},"excerpt":{"rendered":"<p>Funcionalidad y modularidad son las palabras clave para describir este proyecto. El movimiento reclinable del respaldo y del reposapi\u00e9s es inmediato, basta un toque para garantizar una relajaci\u00f3n absoluta e independiente. La modularidad permite la m\u00e1xima libertad en la elecci\u00f3n de colores y acabados. Es la evoluci\u00f3n del confort a una sentada suave y envolvente.<\/p>","protected":false},"featured_media":5015,"comment_status":"open","ping_status":"closed","template":"","meta":{"_acf_changed":false},"product_brand":[],"product_cat":[54],"product_tag":[148,86],"class_list":{"0":"post-5007","1":"product","2":"type-product","3":"status-publish","4":"has-post-thumbnail","6":"product_cat-sofas","7":"product_tag-master","8":"product_tag-sofa","10":"first","11":"instock","12":"shipping-taxable","13":"product-type-simple"},"acf":[],"_links":{"self":[{"href":"https:\/\/masterpiel.com\/cat\/wp-json\/wp\/v2\/product\/5007","targetHints":{"allow":["GET"]}}],"collection":[{"href":"https:\/\/masterpiel.com\/cat\/wp-json\/wp\/v2\/product"}],"about":[{"href":"https:\/\/masterpiel.com\/cat\/wp-json\/wp\/v2\/types\/product"}],"replies":[{"embeddable":true,"href":"https:\/\/masterpiel.com\/cat\/wp-json\/wp\/v2\/comments?post=5007"}],"version-history":[{"count":0,"href":"https:\/\/masterpiel.com\/cat\/wp-json\/wp\/v2\/product\/5007\/revisions"}],"wp:featuredmedia":[{"embeddable":true,"href":"https:\/\/masterpiel.com\/cat\/wp-json\/wp\/v2\/media\/5015"}],"wp:attachment":[{"href":"https:\/\/masterpiel.com\/cat\/wp-json\/wp\/v2\/media?parent=5007"}],"wp:term":[{"taxonomy":"product_brand","embeddable":true,"href":"https:\/\/masterpiel.com\/cat\/wp-json\/wp\/v2\/product_brand?post=5007"},{"taxonomy":"product_cat","embeddable":true,"href":"https:\/\/masterpiel.com\/cat\/wp-json\/wp\/v2\/product_cat?post=5007"},{"taxonomy":"product_tag","embeddable":true,"href":"https:\/\/masterpiel.com\/cat\/wp-json\/wp\/v2\/product_tag?post=5007"}],"curies":[{"name":"wp","href":"https:\/\/api.w.org\/{rel}","templated":true}]}}