{"id":6844,"date":"2025-04-15T08:42:39","date_gmt":"2025-04-15T08:42:39","guid":{"rendered":"https:\/\/masterpiel.com\/sin%20categor\u00eda\/estantes-zin\/"},"modified":"2025-05-14T11:46:45","modified_gmt":"2025-05-14T11:46:45","slug":"estantes-zin","status":"publish","type":"product","link":"https:\/\/masterpiel.com\/cat\/estanterias\/estantes-zin\/","title":{"rendered":"Estantes Zin"},"content":{"rendered":"<p>Zin es una colecci\u00f3n de estantes de metal dise\u00f1adas para habitar en todo tipo de espacios. Pueden funcionar tanto de forma aut\u00f3noma como integradas en el universo de cajas de Lauki, colecci\u00f3n con la que son compatibles en medidas y proporciones.<\/p>","protected":false},"excerpt":{"rendered":"<p>Zin es una colecci\u00f3n de estantes de metal dise\u00f1adas para habitar en todo tipo de espacios. Pueden funcionar tanto de forma aut\u00f3noma como integradas en el universo de cajas de Lauki, colecci\u00f3n con la que son compatibles en medidas y proporciones.<\/p>","protected":false},"featured_media":6887,"comment_status":"open","ping_status":"closed","template":"","meta":{"_acf_changed":false},"product_brand":[],"product_cat":[122],"product_tag":[121],"class_list":{"0":"post-6844","1":"product","2":"type-product","3":"status-publish","4":"has-post-thumbnail","6":"product_cat-estanterias","7":"product_tag-treku","9":"first","10":"instock","11":"shipping-taxable","12":"product-type-simple"},"acf":[],"_links":{"self":[{"href":"https:\/\/masterpiel.com\/cat\/wp-json\/wp\/v2\/product\/6844","targetHints":{"allow":["GET"]}}],"collection":[{"href":"https:\/\/masterpiel.com\/cat\/wp-json\/wp\/v2\/product"}],"about":[{"href":"https:\/\/masterpiel.com\/cat\/wp-json\/wp\/v2\/types\/product"}],"replies":[{"embeddable":true,"href":"https:\/\/masterpiel.com\/cat\/wp-json\/wp\/v2\/comments?post=6844"}],"version-history":[{"count":0,"href":"https:\/\/masterpiel.com\/cat\/wp-json\/wp\/v2\/product\/6844\/revisions"}],"wp:featuredmedia":[{"embeddable":true,"href":"https:\/\/masterpiel.com\/cat\/wp-json\/wp\/v2\/media\/6887"}],"wp:attachment":[{"href":"https:\/\/masterpiel.com\/cat\/wp-json\/wp\/v2\/media?parent=6844"}],"wp:term":[{"taxonomy":"product_brand","embeddable":true,"href":"https:\/\/masterpiel.com\/cat\/wp-json\/wp\/v2\/product_brand?post=6844"},{"taxonomy":"product_cat","embeddable":true,"href":"https:\/\/masterpiel.com\/cat\/wp-json\/wp\/v2\/product_cat?post=6844"},{"taxonomy":"product_tag","embeddable":true,"href":"https:\/\/masterpiel.com\/cat\/wp-json\/wp\/v2\/product_tag?post=6844"}],"curies":[{"name":"wp","href":"https:\/\/api.w.org\/{rel}","templated":true}]}}