{"id":6847,"date":"2025-04-15T08:42:42","date_gmt":"2025-04-15T08:42:42","guid":{"rendered":"https:\/\/masterpiel.com\/sin%20categor\u00eda\/mesas-de-centro-gau\/"},"modified":"2025-05-14T11:46:45","modified_gmt":"2025-05-14T11:46:45","slug":"mesas-de-centro-gau","status":"publish","type":"product","link":"https:\/\/masterpiel.com\/cat\/mesas-de-centro\/mesas-de-centro-gau\/","title":{"rendered":"Mesas de centro Gau"},"content":{"rendered":"<p>Gau es una mesa de centro circular, sencilla, pero muy elegante. Una vez m\u00e1s se cumple la c\u00e9lebre frase de Mies Van Der Rohe: menos es m\u00e1s. Se ofrece en varias medidas y acabados que se pueden combinar entre s\u00ed creando cada vez un conjunto diferente y personal. Las patas cil\u00edndricas delgadas contrastan con el robusto aro que rodea la tapa y remata la pieza.<\/p>","protected":false},"excerpt":{"rendered":"<p>Gau es una mesa de centro circular, sencilla, pero muy elegante. Una vez m\u00e1s se cumple la c\u00e9lebre frase de Mies Van Der Rohe: menos es m\u00e1s. Se ofrece en varias medidas y acabados que se pueden combinar entre s\u00ed creando cada vez un conjunto diferente y personal. Las patas cil\u00edndricas delgadas contrastan con el robusto aro que rodea la tapa y remata la pieza.<\/p>","protected":false},"featured_media":6876,"comment_status":"open","ping_status":"closed","template":"","meta":{"_acf_changed":false},"product_brand":[],"product_cat":[123,56],"product_tag":[121],"class_list":{"0":"post-6847","1":"product","2":"type-product","3":"status-publish","4":"has-post-thumbnail","6":"product_cat-mesas-de-centro","7":"product_cat-mesas","8":"product_tag-treku","10":"first","11":"instock","12":"shipping-taxable","13":"product-type-simple"},"acf":[],"_links":{"self":[{"href":"https:\/\/masterpiel.com\/cat\/wp-json\/wp\/v2\/product\/6847","targetHints":{"allow":["GET"]}}],"collection":[{"href":"https:\/\/masterpiel.com\/cat\/wp-json\/wp\/v2\/product"}],"about":[{"href":"https:\/\/masterpiel.com\/cat\/wp-json\/wp\/v2\/types\/product"}],"replies":[{"embeddable":true,"href":"https:\/\/masterpiel.com\/cat\/wp-json\/wp\/v2\/comments?post=6847"}],"version-history":[{"count":0,"href":"https:\/\/masterpiel.com\/cat\/wp-json\/wp\/v2\/product\/6847\/revisions"}],"wp:featuredmedia":[{"embeddable":true,"href":"https:\/\/masterpiel.com\/cat\/wp-json\/wp\/v2\/media\/6876"}],"wp:attachment":[{"href":"https:\/\/masterpiel.com\/cat\/wp-json\/wp\/v2\/media?parent=6847"}],"wp:term":[{"taxonomy":"product_brand","embeddable":true,"href":"https:\/\/masterpiel.com\/cat\/wp-json\/wp\/v2\/product_brand?post=6847"},{"taxonomy":"product_cat","embeddable":true,"href":"https:\/\/masterpiel.com\/cat\/wp-json\/wp\/v2\/product_cat?post=6847"},{"taxonomy":"product_tag","embeddable":true,"href":"https:\/\/masterpiel.com\/cat\/wp-json\/wp\/v2\/product_tag?post=6847"}],"curies":[{"name":"wp","href":"https:\/\/api.w.org\/{rel}","templated":true}]}}