{"id":6848,"date":"2025-04-15T08:42:42","date_gmt":"2025-04-15T08:42:42","guid":{"rendered":"https:\/\/masterpiel.com\/sin%20categor\u00eda\/mesas-de-centro-kabi\/"},"modified":"2025-05-14T11:46:45","modified_gmt":"2025-05-14T11:46:45","slug":"mesas-de-centro-kabi","status":"publish","type":"product","link":"https:\/\/masterpiel.com\/cat\/mesas-de-centro\/mesas-de-centro-kabi\/","title":{"rendered":"Mesas de centro Kabi"},"content":{"rendered":"<p>Kabi es una visi\u00f3n contempor\u00e1nea de las tradicionales mesas nido. Se trata de una colecci\u00f3n de dos mesas de diferentes tama\u00f1os y alturas que permite ocultar la m\u00e1s peque\u00f1as bajo la m\u00e1s altas. Su aplicaci\u00f3n puede ser para diversos espacios, como mesita de centro, de noche o junto al sof\u00e1.<\/p>","protected":false},"excerpt":{"rendered":"<p>Kabi es una visi\u00f3n contempor\u00e1nea de las tradicionales mesas nido. Se trata de una colecci\u00f3n de dos mesas de diferentes tama\u00f1os y alturas que permite ocultar la m\u00e1s peque\u00f1as bajo la m\u00e1s altas. Su aplicaci\u00f3n puede ser para diversos espacios, como mesita de centro, de noche o junto al sof\u00e1.<\/p>","protected":false},"featured_media":6871,"comment_status":"open","ping_status":"closed","template":"","meta":{"_acf_changed":false},"product_brand":[],"product_cat":[123,56],"product_tag":[121],"class_list":{"0":"post-6848","1":"product","2":"type-product","3":"status-publish","4":"has-post-thumbnail","6":"product_cat-mesas-de-centro","7":"product_cat-mesas","8":"product_tag-treku","10":"first","11":"instock","12":"shipping-taxable","13":"product-type-simple"},"acf":[],"_links":{"self":[{"href":"https:\/\/masterpiel.com\/cat\/wp-json\/wp\/v2\/product\/6848","targetHints":{"allow":["GET"]}}],"collection":[{"href":"https:\/\/masterpiel.com\/cat\/wp-json\/wp\/v2\/product"}],"about":[{"href":"https:\/\/masterpiel.com\/cat\/wp-json\/wp\/v2\/types\/product"}],"replies":[{"embeddable":true,"href":"https:\/\/masterpiel.com\/cat\/wp-json\/wp\/v2\/comments?post=6848"}],"version-history":[{"count":0,"href":"https:\/\/masterpiel.com\/cat\/wp-json\/wp\/v2\/product\/6848\/revisions"}],"wp:featuredmedia":[{"embeddable":true,"href":"https:\/\/masterpiel.com\/cat\/wp-json\/wp\/v2\/media\/6871"}],"wp:attachment":[{"href":"https:\/\/masterpiel.com\/cat\/wp-json\/wp\/v2\/media?parent=6848"}],"wp:term":[{"taxonomy":"product_brand","embeddable":true,"href":"https:\/\/masterpiel.com\/cat\/wp-json\/wp\/v2\/product_brand?post=6848"},{"taxonomy":"product_cat","embeddable":true,"href":"https:\/\/masterpiel.com\/cat\/wp-json\/wp\/v2\/product_cat?post=6848"},{"taxonomy":"product_tag","embeddable":true,"href":"https:\/\/masterpiel.com\/cat\/wp-json\/wp\/v2\/product_tag?post=6848"}],"curies":[{"name":"wp","href":"https:\/\/api.w.org\/{rel}","templated":true}]}}