{"id":7019,"date":"2025-08-07T15:08:56","date_gmt":"2025-08-07T15:08:56","guid":{"rendered":"https:\/\/masterpiel.com\/sin%20categor\u00eda\/sofa-mary-stressless\/"},"modified":"2025-08-08T08:19:11","modified_gmt":"2025-08-08T08:19:11","slug":"sofa-mary-stressless","status":"publish","type":"product","link":"https:\/\/masterpiel.com\/cat\/sofas-relax-electrico\/sofa-mary-stressless\/","title":{"rendered":"Sof\u00e1 Mary STRESSLESS"},"content":{"rendered":"<p>Con sus suaves curvas e imagen invitadora, el sof\u00e1 Stressless Mary se ha dise\u00f1ado y construido para ofrecer toda una vida de confort. Su amortiguaci\u00f3n, extra suave y confortable, ofrece una sensaci\u00f3n de extraordinaria comodidad al sentarse despu\u00e9s de un duro d\u00eda de trabajo. Todos los m\u00f3dulos de asientos se pueden entregar con ajuste motorizado del respaldo y el soporte para las piernas. El Stressless Mary combina exquisitamente con el sill\u00f3n Stressless Mayfair, uno de nuestros dise\u00f1os m\u00e1s vendidos desde hace d\u00e9cadas. Elija entre reposabrazos con el cl\u00e1sico tapizado o con detalles de madera que le aportan un toque elegante.<\/p>","protected":false},"excerpt":{"rendered":"<p>Con sus suaves curvas e imagen invitadora, el sof\u00e1 Stressless Mary se ha dise\u00f1ado y construido para ofrecer toda una vida de confort. Su amortiguaci\u00f3n, extra suave y confortable, ofrece una sensaci\u00f3n de extraordinaria comodidad al sentarse despu\u00e9s de un duro d\u00eda de trabajo. Todos los m\u00f3dulos de asientos se pueden entregar con ajuste motorizado &hellip;<\/p>","protected":false},"featured_media":7046,"comment_status":"open","ping_status":"closed","template":"","meta":{"_acf_changed":false},"product_brand":[124],"product_cat":[54,62],"product_tag":[101,114,63],"class_list":{"0":"post-7019","1":"product","2":"type-product","3":"status-publish","4":"has-post-thumbnail","6":"product_brand-stressless","7":"product_cat-sofas","8":"product_cat-sofas-relax-electrico","9":"product_tag-sofa-relax-electrico","10":"product_tag-sofa-stressless","11":"product_tag-stressless","13":"first","14":"instock","15":"shipping-taxable","16":"product-type-simple"},"acf":[],"_links":{"self":[{"href":"https:\/\/masterpiel.com\/cat\/wp-json\/wp\/v2\/product\/7019","targetHints":{"allow":["GET"]}}],"collection":[{"href":"https:\/\/masterpiel.com\/cat\/wp-json\/wp\/v2\/product"}],"about":[{"href":"https:\/\/masterpiel.com\/cat\/wp-json\/wp\/v2\/types\/product"}],"replies":[{"embeddable":true,"href":"https:\/\/masterpiel.com\/cat\/wp-json\/wp\/v2\/comments?post=7019"}],"version-history":[{"count":0,"href":"https:\/\/masterpiel.com\/cat\/wp-json\/wp\/v2\/product\/7019\/revisions"}],"wp:featuredmedia":[{"embeddable":true,"href":"https:\/\/masterpiel.com\/cat\/wp-json\/wp\/v2\/media\/7046"}],"wp:attachment":[{"href":"https:\/\/masterpiel.com\/cat\/wp-json\/wp\/v2\/media?parent=7019"}],"wp:term":[{"taxonomy":"product_brand","embeddable":true,"href":"https:\/\/masterpiel.com\/cat\/wp-json\/wp\/v2\/product_brand?post=7019"},{"taxonomy":"product_cat","embeddable":true,"href":"https:\/\/masterpiel.com\/cat\/wp-json\/wp\/v2\/product_cat?post=7019"},{"taxonomy":"product_tag","embeddable":true,"href":"https:\/\/masterpiel.com\/cat\/wp-json\/wp\/v2\/product_tag?post=7019"}],"curies":[{"name":"wp","href":"https:\/\/api.w.org\/{rel}","templated":true}]}}