{"id":7021,"date":"2025-08-07T15:08:58","date_gmt":"2025-08-07T15:08:58","guid":{"rendered":"https:\/\/masterpiel.com\/sin%20categor\u00eda\/sillon-adam-stressless\/"},"modified":"2025-08-08T09:22:49","modified_gmt":"2025-08-08T09:22:49","slug":"sillon-adam-stressless","status":"publish","type":"product","link":"https:\/\/masterpiel.com\/cat\/sillones-relax-electrico\/sillon-adam-stressless\/","title":{"rendered":"Sill\u00f3n Adam STRESSLESS"},"content":{"rendered":"<p>Haz una pausa de la gravedad con el sill\u00f3n Stressless\u00ae Adam, nuestro \u00faltimo sill\u00f3n reclinable el\u00e9ctrico con funci\u00f3n de inclinaci\u00f3n que te permite elevar las piernas por encima de tu coraz\u00f3n, para la experiencia de bienestar definitiva. Esta posici\u00f3n \u00f3ptima de asiento permite que el cuerpo se sienta casi ingr\u00e1vido y ofrece m\u00faltiples beneficios para la salud, permitiendo que tu cuerpo se recargue. Esto se combina con un coj\u00edn suave y de apoyo, numerosas caracter\u00edsticas de confort y la posibilidad de ajustes personalizados. Si\u00e9ntate en Stressless\u00ae Adam para desconectarte de tu entorno, descansar, recuperarte y recargar completamente tus energ\u00edas.<\/p>","protected":false},"excerpt":{"rendered":"<p>Haz una pausa de la gravedad con el sill\u00f3n Stressless\u00ae Adam, nuestro \u00faltimo sill\u00f3n reclinable el\u00e9ctrico con funci\u00f3n de inclinaci\u00f3n que te permite elevar las piernas por encima de tu coraz\u00f3n, para la experiencia de bienestar definitiva. Esta posici\u00f3n \u00f3ptima de asiento permite que el cuerpo se sienta casi ingr\u00e1vido y ofrece m\u00faltiples beneficios para &hellip;<\/p>","protected":false},"featured_media":7096,"comment_status":"open","ping_status":"closed","template":"","meta":{"_acf_changed":false},"product_brand":[124],"product_cat":[94,95,60],"product_tag":[113,96,97,63],"class_list":{"0":"post-7021","1":"product","2":"type-product","3":"status-publish","4":"has-post-thumbnail","6":"product_brand-stressless","7":"product_cat-sillones-relax","8":"product_cat-sillones-relax-electrico","9":"product_cat-sillones","10":"product_tag-sillon-stressless","11":"product_tag-sillones-relax","12":"product_tag-sillones-relax-electrico","13":"product_tag-stressless","15":"first","16":"instock","17":"shipping-taxable","18":"product-type-simple"},"acf":[],"_links":{"self":[{"href":"https:\/\/masterpiel.com\/cat\/wp-json\/wp\/v2\/product\/7021","targetHints":{"allow":["GET"]}}],"collection":[{"href":"https:\/\/masterpiel.com\/cat\/wp-json\/wp\/v2\/product"}],"about":[{"href":"https:\/\/masterpiel.com\/cat\/wp-json\/wp\/v2\/types\/product"}],"replies":[{"embeddable":true,"href":"https:\/\/masterpiel.com\/cat\/wp-json\/wp\/v2\/comments?post=7021"}],"version-history":[{"count":0,"href":"https:\/\/masterpiel.com\/cat\/wp-json\/wp\/v2\/product\/7021\/revisions"}],"wp:featuredmedia":[{"embeddable":true,"href":"https:\/\/masterpiel.com\/cat\/wp-json\/wp\/v2\/media\/7096"}],"wp:attachment":[{"href":"https:\/\/masterpiel.com\/cat\/wp-json\/wp\/v2\/media?parent=7021"}],"wp:term":[{"taxonomy":"product_brand","embeddable":true,"href":"https:\/\/masterpiel.com\/cat\/wp-json\/wp\/v2\/product_brand?post=7021"},{"taxonomy":"product_cat","embeddable":true,"href":"https:\/\/masterpiel.com\/cat\/wp-json\/wp\/v2\/product_cat?post=7021"},{"taxonomy":"product_tag","embeddable":true,"href":"https:\/\/masterpiel.com\/cat\/wp-json\/wp\/v2\/product_tag?post=7021"}],"curies":[{"name":"wp","href":"https:\/\/api.w.org\/{rel}","templated":true}]}}