{"id":7028,"date":"2025-08-07T15:09:04","date_gmt":"2025-08-07T15:09:04","guid":{"rendered":"https:\/\/masterpiel.com\/sin%20categor\u00eda\/sillon-tokyo-stressless\/"},"modified":"2025-08-08T09:25:27","modified_gmt":"2025-08-08T09:25:27","slug":"sillon-tokyo-stressless","status":"publish","type":"product","link":"https:\/\/masterpiel.com\/cat\/sillones-relax-electrico\/sillon-tokyo-stressless\/","title":{"rendered":"Sill\u00f3n Tokyo STRESSLESS"},"content":{"rendered":"<p>De la bienvenida al confort. El dise\u00f1o del Stressless Tokyo incluye un fino respaldo con un c\u00f3modo y suave coj\u00edn acolchado. Si a esto le a\u00f1adimos todas las caracter\u00edsticas conocidas de Stressless, el resultado es un sill\u00f3n moderno que ofrece una comodidad incomparable. Est\u00e1 disponible tanto con respaldo alto y soporte para el cuello regulable como con respaldo bajo y un c\u00f3modo reposacabezas que puede ajustarse hasta 10 cm. Este modelo est\u00e1 disponible con altura est\u00e1ndar o con una base m\u00e1s alta (+4 cm de altura del asiento y altura total).<\/p>","protected":false},"excerpt":{"rendered":"<p>De la bienvenida al confort. El dise\u00f1o del Stressless Tokyo incluye un fino respaldo con un c\u00f3modo y suave coj\u00edn acolchado. Si a esto le a\u00f1adimos todas las caracter\u00edsticas conocidas de Stressless, el resultado es un sill\u00f3n moderno que ofrece una comodidad incomparable. Est\u00e1 disponible tanto con respaldo alto y soporte para el cuello regulable &hellip;<\/p>","protected":false},"featured_media":7093,"comment_status":"open","ping_status":"closed","template":"","meta":{"_acf_changed":false},"product_brand":[124],"product_cat":[94,95,60],"product_tag":[113,96,97,63],"class_list":{"0":"post-7028","1":"product","2":"type-product","3":"status-publish","4":"has-post-thumbnail","6":"product_brand-stressless","7":"product_cat-sillones-relax","8":"product_cat-sillones-relax-electrico","9":"product_cat-sillones","10":"product_tag-sillon-stressless","11":"product_tag-sillones-relax","12":"product_tag-sillones-relax-electrico","13":"product_tag-stressless","15":"first","16":"instock","17":"shipping-taxable","18":"product-type-simple"},"acf":[],"_links":{"self":[{"href":"https:\/\/masterpiel.com\/cat\/wp-json\/wp\/v2\/product\/7028","targetHints":{"allow":["GET"]}}],"collection":[{"href":"https:\/\/masterpiel.com\/cat\/wp-json\/wp\/v2\/product"}],"about":[{"href":"https:\/\/masterpiel.com\/cat\/wp-json\/wp\/v2\/types\/product"}],"replies":[{"embeddable":true,"href":"https:\/\/masterpiel.com\/cat\/wp-json\/wp\/v2\/comments?post=7028"}],"version-history":[{"count":0,"href":"https:\/\/masterpiel.com\/cat\/wp-json\/wp\/v2\/product\/7028\/revisions"}],"wp:featuredmedia":[{"embeddable":true,"href":"https:\/\/masterpiel.com\/cat\/wp-json\/wp\/v2\/media\/7093"}],"wp:attachment":[{"href":"https:\/\/masterpiel.com\/cat\/wp-json\/wp\/v2\/media?parent=7028"}],"wp:term":[{"taxonomy":"product_brand","embeddable":true,"href":"https:\/\/masterpiel.com\/cat\/wp-json\/wp\/v2\/product_brand?post=7028"},{"taxonomy":"product_cat","embeddable":true,"href":"https:\/\/masterpiel.com\/cat\/wp-json\/wp\/v2\/product_cat?post=7028"},{"taxonomy":"product_tag","embeddable":true,"href":"https:\/\/masterpiel.com\/cat\/wp-json\/wp\/v2\/product_tag?post=7028"}],"curies":[{"name":"wp","href":"https:\/\/api.w.org\/{rel}","templated":true}]}}