{"id":7128,"date":"2025-08-08T13:00:11","date_gmt":"2025-08-08T13:00:11","guid":{"rendered":"https:\/\/masterpiel.com\/sin%20categor\u00eda\/sofa-brezee-natuzzi-editions\/"},"modified":"2025-08-08T13:52:21","modified_gmt":"2025-08-08T13:52:21","slug":"sofa-brezee-natuzzi-editions","status":"publish","type":"product","link":"https:\/\/masterpiel.com\/cat\/sofas\/sofa-brezee-natuzzi-editions\/","title":{"rendered":"Sof\u00e1 BREZEE Natuzzi Editions"},"content":{"rendered":"<p>El equilibrio perfecto entre elegancia y relajaci\u00f3n. Ligero como una brisa de verano, acogedor como un abrazo, el sof\u00e1 Breeze est\u00e1 dise\u00f1ado para quienes buscan el equilibrio perfecto entre elegancia y relajaci\u00f3n. Un verdadero viaje hacia el bienestar, te invita a rendirte a sus l\u00edneas suaves y fluidas y a su espalda alta, que envuelve suavemente el cuerpo, ofreciendo una evasi\u00f3n serena de lo cotidiano. D\u00e9jate llevar por la ligereza del momento, donde cada detalle est\u00e1 pensado para tu comodidad. La tecnolog\u00eda Power Motion le permite deslizarse sin esfuerzo hacia su posici\u00f3n relajante ideal, mientras que el reposacabezas ajustable ofrece un soporte perfecto para su cabeza. El viaje no termina ah\u00ed: el puerto de carga USB incorporado garantiza que puedas permanecer conectado con tu mundo, mientras disfrutas de la m\u00e1xima paz y tranquilidad.<\/p>","protected":false},"excerpt":{"rendered":"<p>El equilibrio perfecto entre elegancia y relajaci\u00f3n. Ligero como una brisa de verano, acogedor como un abrazo, el sof\u00e1 Breeze est\u00e1 dise\u00f1ado para quienes buscan el equilibrio perfecto entre elegancia y relajaci\u00f3n. Un verdadero viaje hacia el bienestar, te invita a rendirte a sus l\u00edneas suaves y fluidas y a su espalda alta, que envuelve &hellip;<\/p>","protected":false},"featured_media":7135,"comment_status":"open","ping_status":"closed","template":"","meta":{"_acf_changed":false},"product_brand":[125],"product_cat":[54],"product_tag":[67,86],"class_list":{"0":"post-7128","1":"product","2":"type-product","3":"status-publish","4":"has-post-thumbnail","6":"product_brand-natuzzi","7":"product_cat-sofas","8":"product_tag-natuzzi-editions","9":"product_tag-sofa","11":"first","12":"instock","13":"shipping-taxable","14":"product-type-simple"},"acf":[],"_links":{"self":[{"href":"https:\/\/masterpiel.com\/cat\/wp-json\/wp\/v2\/product\/7128","targetHints":{"allow":["GET"]}}],"collection":[{"href":"https:\/\/masterpiel.com\/cat\/wp-json\/wp\/v2\/product"}],"about":[{"href":"https:\/\/masterpiel.com\/cat\/wp-json\/wp\/v2\/types\/product"}],"replies":[{"embeddable":true,"href":"https:\/\/masterpiel.com\/cat\/wp-json\/wp\/v2\/comments?post=7128"}],"version-history":[{"count":0,"href":"https:\/\/masterpiel.com\/cat\/wp-json\/wp\/v2\/product\/7128\/revisions"}],"wp:featuredmedia":[{"embeddable":true,"href":"https:\/\/masterpiel.com\/cat\/wp-json\/wp\/v2\/media\/7135"}],"wp:attachment":[{"href":"https:\/\/masterpiel.com\/cat\/wp-json\/wp\/v2\/media?parent=7128"}],"wp:term":[{"taxonomy":"product_brand","embeddable":true,"href":"https:\/\/masterpiel.com\/cat\/wp-json\/wp\/v2\/product_brand?post=7128"},{"taxonomy":"product_cat","embeddable":true,"href":"https:\/\/masterpiel.com\/cat\/wp-json\/wp\/v2\/product_cat?post=7128"},{"taxonomy":"product_tag","embeddable":true,"href":"https:\/\/masterpiel.com\/cat\/wp-json\/wp\/v2\/product_tag?post=7128"}],"curies":[{"name":"wp","href":"https:\/\/api.w.org\/{rel}","templated":true}]}}