{"id":7618,"date":"2025-09-26T06:41:35","date_gmt":"2025-09-26T06:41:35","guid":{"rendered":"https:\/\/masterpiel.com\/?post_type=product&#038;p=7618"},"modified":"2025-09-26T07:01:22","modified_gmt":"2025-09-26T07:01:22","slug":"sillon-andy","status":"publish","type":"product","link":"https:\/\/masterpiel.com\/cat\/imagine-outlet\/sillon-andy\/","title":{"rendered":"Sill\u00f3n Andy"},"content":{"rendered":"<p>M\u00e1xima elegancia y confort. Incorpora relax el\u00e9ctrico. Gran sill\u00f3n para cualquier ambiente pero exigente en el confort. <\/p>","protected":false},"excerpt":{"rendered":"<p>El modelo Peter es un modelo de\u00a0l\u00edneas sencillas y dise\u00f1o cuidado.<\/p>\n<p>Su sencillez no resta ni un \u00e1pice de confort a este modelo. Su\u00a0respaldo ergon\u00f3mico\u00a0se adapta a las l\u00edneas de tu cuerpo, aportando un\u00a0apoyo perfecto\u00a0a la zona lumbar para un mejor apoyo y descanso.<\/p>","protected":false},"featured_media":7620,"comment_status":"open","ping_status":"closed","template":"","meta":{"_acf_changed":false},"product_brand":[133],"product_cat":[131],"product_tag":[110],"class_list":{"0":"post-7618","1":"product","2":"type-product","3":"status-publish","4":"has-post-thumbnail","6":"product_brand-polo-divani","7":"product_cat-imagine-outlet","8":"product_tag-sofa-outlet","10":"first","11":"instock","12":"sale","13":"shipping-taxable","14":"purchasable","15":"product-type-simple"},"acf":[],"_links":{"self":[{"href":"https:\/\/masterpiel.com\/cat\/wp-json\/wp\/v2\/product\/7618","targetHints":{"allow":["GET"]}}],"collection":[{"href":"https:\/\/masterpiel.com\/cat\/wp-json\/wp\/v2\/product"}],"about":[{"href":"https:\/\/masterpiel.com\/cat\/wp-json\/wp\/v2\/types\/product"}],"replies":[{"embeddable":true,"href":"https:\/\/masterpiel.com\/cat\/wp-json\/wp\/v2\/comments?post=7618"}],"version-history":[{"count":0,"href":"https:\/\/masterpiel.com\/cat\/wp-json\/wp\/v2\/product\/7618\/revisions"}],"wp:featuredmedia":[{"embeddable":true,"href":"https:\/\/masterpiel.com\/cat\/wp-json\/wp\/v2\/media\/7620"}],"wp:attachment":[{"href":"https:\/\/masterpiel.com\/cat\/wp-json\/wp\/v2\/media?parent=7618"}],"wp:term":[{"taxonomy":"product_brand","embeddable":true,"href":"https:\/\/masterpiel.com\/cat\/wp-json\/wp\/v2\/product_brand?post=7618"},{"taxonomy":"product_cat","embeddable":true,"href":"https:\/\/masterpiel.com\/cat\/wp-json\/wp\/v2\/product_cat?post=7618"},{"taxonomy":"product_tag","embeddable":true,"href":"https:\/\/masterpiel.com\/cat\/wp-json\/wp\/v2\/product_tag?post=7618"}],"curies":[{"name":"wp","href":"https:\/\/api.w.org\/{rel}","templated":true}]}}