{"id":7983,"date":"2026-01-28T07:00:20","date_gmt":"2026-01-28T07:00:20","guid":{"rendered":"https:\/\/masterpiel.com\/?post_type=product&#038;p=7983"},"modified":"2026-01-28T10:47:02","modified_gmt":"2026-01-28T10:47:02","slug":"sofa-blues-masterpiel-copia","status":"publish","type":"product","link":"https:\/\/masterpiel.com\/cat\/sofas\/sofa-blues-masterpiel-copia\/","title":{"rendered":"Sof\u00e1 Blues MASTERPIEL"},"content":{"rendered":"<p>Nunca un sof\u00e1 tan moderno ha sido tan c\u00f3modo, destacado por su sistema relax \u201cGRAVINITY CERO\u201d, los pies quedan elevados hasta la altura del coraz\u00f3n, consiguiendo una ayuda a la circulaci\u00f3n sangu\u00ednea y al alivio de hinchaz\u00f3n de piernas. El cabezal el\u00e9ctrico independiente permite que puedas regular la posici\u00f3n sin tener la necesidad de abrir el asiento si no lo deseas. Disponibles en diferentes acabados de patas met\u00e1licas o madera con altura 12cms, ideal para facilitar la limpieza. Este modelo es totalmente modular, con lo que facilita el manejo a la hora de transportar.<\/p>","protected":false},"excerpt":{"rendered":"<p>Nunca un sof\u00e1 tan moderno ha sido tan c\u00f3modo, destacado por su sistema relax \u201cGRAVINITY CERO\u201d, los pies quedan elevados hasta la altura del coraz\u00f3n, consiguiendo una ayuda a la circulaci\u00f3n sangu\u00ednea y al alivio de hinchaz\u00f3n de piernas. El cabezal el\u00e9ctrico independiente permite que puedas regular la posici\u00f3n sin tener la necesidad de abrir el asiento si no lo deseas. Disponibles en diferentes acabados de patas met\u00e1licas o madera con altura 12cms, ideal para facilitar la limpieza. Este modelo es totalmente modular, con lo que facilita el manejo a la hora de transportar.<\/p>","protected":false},"featured_media":7987,"comment_status":"open","ping_status":"closed","template":"","meta":{"_acf_changed":false},"product_brand":[],"product_cat":[54],"product_tag":[148,86],"class_list":{"0":"post-7983","1":"product","2":"type-product","3":"status-publish","4":"has-post-thumbnail","6":"product_cat-sofas","7":"product_tag-master","8":"product_tag-sofa","10":"first","11":"instock","12":"shipping-taxable","13":"product-type-simple"},"acf":[],"_links":{"self":[{"href":"https:\/\/masterpiel.com\/cat\/wp-json\/wp\/v2\/product\/7983","targetHints":{"allow":["GET"]}}],"collection":[{"href":"https:\/\/masterpiel.com\/cat\/wp-json\/wp\/v2\/product"}],"about":[{"href":"https:\/\/masterpiel.com\/cat\/wp-json\/wp\/v2\/types\/product"}],"replies":[{"embeddable":true,"href":"https:\/\/masterpiel.com\/cat\/wp-json\/wp\/v2\/comments?post=7983"}],"version-history":[{"count":0,"href":"https:\/\/masterpiel.com\/cat\/wp-json\/wp\/v2\/product\/7983\/revisions"}],"wp:featuredmedia":[{"embeddable":true,"href":"https:\/\/masterpiel.com\/cat\/wp-json\/wp\/v2\/media\/7987"}],"wp:attachment":[{"href":"https:\/\/masterpiel.com\/cat\/wp-json\/wp\/v2\/media?parent=7983"}],"wp:term":[{"taxonomy":"product_brand","embeddable":true,"href":"https:\/\/masterpiel.com\/cat\/wp-json\/wp\/v2\/product_brand?post=7983"},{"taxonomy":"product_cat","embeddable":true,"href":"https:\/\/masterpiel.com\/cat\/wp-json\/wp\/v2\/product_cat?post=7983"},{"taxonomy":"product_tag","embeddable":true,"href":"https:\/\/masterpiel.com\/cat\/wp-json\/wp\/v2\/product_tag?post=7983"}],"curies":[{"name":"wp","href":"https:\/\/api.w.org\/{rel}","templated":true}]}}