{"id":544,"date":"2015-08-12T12:42:39","date_gmt":"2015-08-12T12:42:39","guid":{"rendered":"http:\/\/savoy.nordicmade.com\/?page_id=370"},"modified":"2026-01-29T09:24:44","modified_gmt":"2026-01-29T09:24:44","slug":"contacto","status":"publish","type":"page","link":"https:\/\/masterpiel.com\/esp\/contacto\/","title":{"rendered":"Contacto"},"content":{"rendered":"\t\t<div data-elementor-type=\"wp-page\" data-elementor-id=\"544\" class=\"elementor elementor-544\" data-elementor-post-type=\"page\">\n\t\t\t\t\t\t<section class=\"elementor-section elementor-top-section elementor-element elementor-element-2852ede elementor-section-boxed elementor-section-height-default elementor-section-height-default\" data-id=\"2852ede\" data-element_type=\"section\" data-e-type=\"section\">\n\t\t\t\t\t\t<div class=\"elementor-container elementor-column-gap-extended\">\n\t\t\t\t\t<div class=\"elementor-column elementor-col-100 elementor-top-column elementor-element elementor-element-acdbd75\" data-id=\"acdbd75\" data-element_type=\"column\" data-e-type=\"column\">\n\t\t\t<div class=\"elementor-widget-wrap elementor-element-populated\">\n\t\t\t\t\t\t<div class=\"elementor-element elementor-element-7a672f6 elementor-widget elementor-widget-heading\" data-id=\"7a672f6\" data-element_type=\"widget\" data-e-type=\"widget\" data-widget_type=\"heading.default\">\n\t\t\t\t<div class=\"elementor-widget-container\">\n\t\t\t\t\t<h1 class=\"elementor-heading-title elementor-size-default\">CONTACTO Y TIENDAS GRUPO MASTERPIEL<\/h1>\t\t\t\t<\/div>\n\t\t\t\t<\/div>\n\t\t\t\t\t<\/div>\n\t\t<\/div>\n\t\t\t\t\t<\/div>\n\t\t<\/section>\n\t\t\t\t<section class=\"elementor-section elementor-top-section elementor-element elementor-element-80bab14 elementor-section-boxed elementor-section-height-default elementor-section-height-default\" data-id=\"80bab14\" data-element_type=\"section\" data-e-type=\"section\">\n\t\t\t\t\t\t<div class=\"elementor-container elementor-column-gap-default\">\n\t\t\t\t\t<div class=\"elementor-column elementor-col-100 elementor-top-column elementor-element elementor-element-a215d34\" data-id=\"a215d34\" data-element_type=\"column\" data-e-type=\"column\">\n\t\t\t<div class=\"elementor-widget-wrap elementor-element-populated\">\n\t\t\t\t\t\t<div class=\"elementor-element elementor-element-ebb85f1 elementor-widget elementor-widget-html\" data-id=\"ebb85f1\" data-element_type=\"widget\" data-e-type=\"widget\" data-widget_type=\"html.default\">\n\t\t\t\t<div class=\"elementor-widget-container\">\n\t\t\t\t\t<iframe src=\"https:\/\/www.google.com\/maps\/embed?pb=!1m16!1m12!1m3!1d14340.922351604473!2d2.142356761610708!3d41.39323931698729!2m3!1f0!2f0!3f0!3m2!1i1024!2i768!4f13.1!2m1!1smasterpiel!5e0!3m2!1sca!2ses!4v1686071595154!5m2!1sca!2ses\" width=\"600\" height=\"450\" style=\"border:0;\" allowfullscreen=\"\" loading=\"lazy\" referrerpolicy=\"no-referrer-when-downgrade\"><\/iframe>\t\t\t\t<\/div>\n\t\t\t\t<\/div>\n\t\t\t\t\t<\/div>\n\t\t<\/div>\n\t\t\t\t\t<\/div>\n\t\t<\/section>\n\t\t\t\t<section class=\"elementor-section elementor-top-section elementor-element elementor-element-089834f elementor-section-boxed elementor-section-height-default elementor-section-height-default\" data-id=\"089834f\" data-element_type=\"section\" data-e-type=\"section\">\n\t\t\t\t\t\t<div class=\"elementor-container elementor-column-gap-extended\">\n\t\t\t\t\t<div class=\"elementor-column elementor-col-33 elementor-top-column elementor-element elementor-element-7d6a0ba\" data-id=\"7d6a0ba\" data-element_type=\"column\" data-e-type=\"column\">\n\t\t\t<div class=\"elementor-widget-wrap elementor-element-populated\">\n\t\t\t\t\t\t<div class=\"elementor-element elementor-element-312af3b elementor-widget elementor-widget-nm-feature\" data-id=\"312af3b\" data-element_type=\"widget\" data-e-type=\"widget\" data-widget_type=\"nm-feature.default\">\n\t\t\t\t<div class=\"elementor-widget-container\">\n\t\t\t\t\t\r\n\t\t\t<div class=\"nm-feature layout-icon_left icon-style-simple bottom-spacing-small\"><div class=\"nm-feature-icon\"><i class=\"pe-7s-map-marker\"><\/i><\/div>\r\n\t\t\t\t<div class=\"nm-feature-content\"><h2>MASTER PIEL<\/h2>\r\n\t\t\t\t\t<div class=\"wpb_text_column\"><p>Via Augusta 168, 08006 Barcelona.<br \/>\n+34 682 63 39 08 \/ 932 008 937<br \/>\nviaaugusta@masterpiel.com<\/p>\n<\/div>\r\n\t\t\t\t<\/div>\r\n\t\t\t<\/div>\t\t\t\t<\/div>\n\t\t\t\t<\/div>\n\t\t\t\t\t<\/div>\n\t\t<\/div>\n\t\t\t\t<div class=\"elementor-column elementor-col-33 elementor-top-column elementor-element elementor-element-12e3bbf\" data-id=\"12e3bbf\" data-element_type=\"column\" data-e-type=\"column\">\n\t\t\t<div class=\"elementor-widget-wrap elementor-element-populated\">\n\t\t\t\t\t\t<div class=\"elementor-element elementor-element-da03f8c elementor-widget elementor-widget-nm-feature\" data-id=\"da03f8c\" data-element_type=\"widget\" data-e-type=\"widget\" data-widget_type=\"nm-feature.default\">\n\t\t\t\t<div class=\"elementor-widget-container\">\n\t\t\t\t\t\r\n\t\t\t<div class=\"nm-feature layout-icon_left icon-style-simple bottom-spacing-small\"><div class=\"nm-feature-icon\"><i class=\"pe-7s-map-marker\"><\/i><\/div>\r\n\t\t\t\t<div class=\"nm-feature-content\"><h2>IMAGINE OUTLET \/ ALMAC\u00c9N<\/h2>\r\n\t\t\t\t\t<div class=\"wpb_text_column\"><p>Con cita previa<br \/>\nCarrer de Ramon Vi\u00f1as, 40<br \/>\n08930 Sant Adri\u00e0 de Bes\u00f2s, BCN<\/p>\n<\/div><a href=\"https:\/\/www.famaliving.com\/barcelona\" title=\"\" class=\"vc_btn vc_btn_md vc_btn_link\" target=\"_blank\" rel=\"noopener\"><span class=\"vc_btn_title\"><\/span><\/a>\r\n\t\t\t\t<\/div>\r\n\t\t\t<\/div>\t\t\t\t<\/div>\n\t\t\t\t<\/div>\n\t\t\t\t\t<\/div>\n\t\t<\/div>\n\t\t\t\t<div class=\"elementor-column elementor-col-33 elementor-top-column elementor-element elementor-element-87e6166\" data-id=\"87e6166\" data-element_type=\"column\" data-e-type=\"column\">\n\t\t\t<div class=\"elementor-widget-wrap elementor-element-populated\">\n\t\t\t\t\t\t<div class=\"elementor-element elementor-element-82d61f1 elementor-widget elementor-widget-nm-feature\" data-id=\"82d61f1\" data-element_type=\"widget\" data-e-type=\"widget\" data-widget_type=\"nm-feature.default\">\n\t\t\t\t<div class=\"elementor-widget-container\">\n\t\t\t\t\t\r\n\t\t\t<div class=\"nm-feature layout-icon_left icon-style-simple bottom-spacing-small\"><div class=\"nm-feature-icon\"><i class=\"pe-7s-map-marker\"><\/i><\/div>\r\n\t\t\t\t<div class=\"nm-feature-content\"><h2>MORADILLO STORE BCN<\/h2>\r\n\t\t\t\t\t<div class=\"wpb_text_column\"><p>Comte d\u2019Urgell 41, 08011 Barcelona.<br \/>\n+34 933 250 974<br \/>\nurgell@moradillostore.com<\/p>\n<\/div><a href=\"https:\/\/moradillostore.com\/barcelona-urgell\/\" title=\"\" class=\"vc_btn vc_btn_md vc_btn_link\" target=\"_blank\" rel=\"noopener\"><span class=\"vc_btn_title\"><\/span><\/a>\r\n\t\t\t\t<\/div>\r\n\t\t\t<\/div>\t\t\t\t<\/div>\n\t\t\t\t<\/div>\n\t\t\t\t\t<\/div>\n\t\t<\/div>\n\t\t\t\t\t<\/div>\n\t\t<\/section>\n\t\t\t\t<section class=\"elementor-section elementor-top-section elementor-element elementor-element-a189cf7 elementor-section-boxed elementor-section-height-default elementor-section-height-default\" data-id=\"a189cf7\" data-element_type=\"section\" data-e-type=\"section\">\n\t\t\t\t\t\t<div class=\"elementor-container elementor-column-gap-extended\">\n\t\t\t\t\t<div class=\"elementor-column elementor-col-33 elementor-top-column elementor-element elementor-element-4fdd553\" data-id=\"4fdd553\" data-element_type=\"column\" data-e-type=\"column\">\n\t\t\t<div class=\"elementor-widget-wrap elementor-element-populated\">\n\t\t\t\t\t\t<div class=\"elementor-element elementor-element-1c36afe elementor-widget elementor-widget-nm-feature\" data-id=\"1c36afe\" data-element_type=\"widget\" data-e-type=\"widget\" data-widget_type=\"nm-feature.default\">\n\t\t\t\t<div class=\"elementor-widget-container\">\n\t\t\t\t\t\r\n\t\t\t<div class=\"nm-feature layout-icon_left icon-style-simple bottom-spacing-small\"><div class=\"nm-feature-icon\"><i class=\"pe-7s-map-marker\"><\/i><\/div>\r\n\t\t\t\t<div class=\"nm-feature-content\"><h2>MORADILLO STORE BCN<\/h2>\r\n\t\t\t\t\t<div class=\"wpb_text_column\"><p>Carrer Moi\u00e0 20, 08006 Barcelona<br \/>\n+34 931 722 266<br \/>\ndiagonal@moradillostore.com<\/p>\n<\/div><a href=\"https:\/\/moradillostore.com\/diagonal\/\" title=\"\" class=\"vc_btn vc_btn_md vc_btn_link\" target=\"_blank\" rel=\"noopener\"><span class=\"vc_btn_title\"><\/span><\/a>\r\n\t\t\t\t<\/div>\r\n\t\t\t<\/div>\t\t\t\t<\/div>\n\t\t\t\t<\/div>\n\t\t\t\t\t<\/div>\n\t\t<\/div>\n\t\t\t\t<div class=\"elementor-column elementor-col-33 elementor-top-column elementor-element elementor-element-72b6fc4\" data-id=\"72b6fc4\" data-element_type=\"column\" data-e-type=\"column\">\n\t\t\t<div class=\"elementor-widget-wrap elementor-element-populated\">\n\t\t\t\t\t\t<div class=\"elementor-element elementor-element-4040c48 elementor-widget elementor-widget-nm-feature\" data-id=\"4040c48\" data-element_type=\"widget\" data-e-type=\"widget\" data-widget_type=\"nm-feature.default\">\n\t\t\t\t<div class=\"elementor-widget-container\">\n\t\t\t\t\t\r\n\t\t\t<div class=\"nm-feature layout-icon_left icon-style-simple bottom-spacing-small\"><div class=\"nm-feature-icon\"><i class=\"pe-7s-map-marker\"><\/i><\/div>\r\n\t\t\t\t<div class=\"nm-feature-content\"><h2>FAMALIVING VIA AUGUSTA<\/h2>\r\n\t\t\t\t\t<div class=\"wpb_text_column\"><p>Via Augusta 128, 08006 Barcelona<br \/>\n+34 932 094 971<br \/>\nbcn.viaaugusta@famaliving.com<\/p>\n<\/div><a href=\"https:\/\/www.famaliving.com\/barcelona\" title=\"\" class=\"vc_btn vc_btn_md vc_btn_link\" target=\"_blank\" rel=\"noopener\"><span class=\"vc_btn_title\"><\/span><\/a>\r\n\t\t\t\t<\/div>\r\n\t\t\t<\/div>\t\t\t\t<\/div>\n\t\t\t\t<\/div>\n\t\t\t\t\t<\/div>\n\t\t<\/div>\n\t\t\t\t<div class=\"elementor-column elementor-col-33 elementor-top-column elementor-element elementor-element-5ddf94b\" data-id=\"5ddf94b\" data-element_type=\"column\" data-e-type=\"column\">\n\t\t\t<div class=\"elementor-widget-wrap elementor-element-populated\">\n\t\t\t\t\t\t<div class=\"elementor-element elementor-element-76cba83 elementor-widget elementor-widget-nm-feature\" data-id=\"76cba83\" data-element_type=\"widget\" data-e-type=\"widget\" data-widget_type=\"nm-feature.default\">\n\t\t\t\t<div class=\"elementor-widget-container\">\n\t\t\t\t\t\r\n\t\t\t<div class=\"nm-feature layout-icon_left icon-style-simple bottom-spacing-small\"><div class=\"nm-feature-icon\"><i class=\"pe-7s-map-marker\"><\/i><\/div>\r\n\t\t\t\t<div class=\"nm-feature-content\"><h2>FAMALIVING DIAGONAL<\/h2>\r\n\t\t\t\t\t<div class=\"wpb_text_column\"><p>Avda. Diagonal 331 local 2<br \/>\n08009 Barcelona<br \/>\n+34 931 744 393<br \/>\nbarcelona@famaliving.com<\/p>\n<\/div><a href=\"https:\/\/www.famaliving.com\/barcelona\" title=\"\" class=\"vc_btn vc_btn_md vc_btn_link\" target=\"_blank\" rel=\"noopener\"><span class=\"vc_btn_title\"><\/span><\/a>\r\n\t\t\t\t<\/div>\r\n\t\t\t<\/div>\t\t\t\t<\/div>\n\t\t\t\t<\/div>\n\t\t\t\t\t<\/div>\n\t\t<\/div>\n\t\t\t\t\t<\/div>\n\t\t<\/section>\n\t\t\t\t<section class=\"elementor-section elementor-top-section elementor-element elementor-element-a8312fe elementor-section-boxed elementor-section-height-default elementor-section-height-default\" data-id=\"a8312fe\" data-element_type=\"section\" data-e-type=\"section\">\n\t\t\t\t\t\t<div class=\"elementor-container elementor-column-gap-extended\">\n\t\t\t\t\t<div class=\"elementor-column elementor-col-33 elementor-top-column elementor-element elementor-element-6be544a\" data-id=\"6be544a\" data-element_type=\"column\" data-e-type=\"column\">\n\t\t\t<div class=\"elementor-widget-wrap elementor-element-populated\">\n\t\t\t\t\t\t<div class=\"elementor-element elementor-element-2d55920 elementor-widget elementor-widget-nm-feature\" data-id=\"2d55920\" data-element_type=\"widget\" data-e-type=\"widget\" data-widget_type=\"nm-feature.default\">\n\t\t\t\t<div class=\"elementor-widget-container\">\n\t\t\t\t\t\r\n\t\t\t<div class=\"nm-feature layout-icon_left icon-style-simple bottom-spacing-small\"><div class=\"nm-feature-icon\"><i class=\"pe-7s-map-marker\"><\/i><\/div>\r\n\t\t\t\t<div class=\"nm-feature-content\"><h2>FAMALIVING MALLORCA - MOONAP<\/h2>\r\n\t\t\t\t\t<div class=\"wpb_text_column\"><p>C\/ Mallorca, 156 (Mercat del ninot)<br \/>\n+34 930 057 890<br \/>\nbcn.mallorca@famaliving.com<\/p>\n<\/div><a href=\"https:\/\/www.famaliving.com\/barcelona\" title=\"\" class=\"vc_btn vc_btn_md vc_btn_link\" target=\"_blank\" rel=\"noopener\"><span class=\"vc_btn_title\"><\/span><\/a>\r\n\t\t\t\t<\/div>\r\n\t\t\t<\/div>\t\t\t\t<\/div>\n\t\t\t\t<\/div>\n\t\t\t\t\t<\/div>\n\t\t<\/div>\n\t\t\t\t<div class=\"elementor-column elementor-col-33 elementor-top-column elementor-element elementor-element-9da57c6\" data-id=\"9da57c6\" data-element_type=\"column\" data-e-type=\"column\">\n\t\t\t<div class=\"elementor-widget-wrap elementor-element-populated\">\n\t\t\t\t\t\t<div class=\"elementor-element elementor-element-fb4d7ac elementor-widget elementor-widget-nm-feature\" data-id=\"fb4d7ac\" data-element_type=\"widget\" data-e-type=\"widget\" data-widget_type=\"nm-feature.default\">\n\t\t\t\t<div class=\"elementor-widget-container\">\n\t\t\t\t\t\r\n\t\t\t<div class=\"nm-feature layout-icon_left icon-style-simple bottom-spacing-small\"><div class=\"nm-feature-icon\"><i class=\"pe-7s-map-marker\"><\/i><\/div>\r\n\t\t\t\t<div class=\"nm-feature-content\"><h2>STRESSLESS STORE BARCELONA<\/h2>\r\n\t\t\t\t\t<div class=\"wpb_text_column\"><p>Avda. Riera de Cassoles, 8 bis<br \/>\n08012 Barcelona<br \/>\n+34 640 109 425<\/p>\n<p>* Solo con visitas concertadas<\/p>\n<\/div><a href=\"https:\/\/stresslessstorebarcelona.es\/\" title=\"Web Stressless Store Barcelona\" class=\"vc_btn vc_btn_md vc_btn_link\" target=\"_blank\" rel=\"noopener\"><span class=\"vc_btn_title\">Web Stressless Store Barcelona<\/span><\/a>\r\n\t\t\t\t<\/div>\r\n\t\t\t<\/div>\t\t\t\t<\/div>\n\t\t\t\t<\/div>\n\t\t\t\t\t<\/div>\n\t\t<\/div>\n\t\t\t\t<div class=\"elementor-column elementor-col-33 elementor-top-column elementor-element elementor-element-55f4a58\" data-id=\"55f4a58\" data-element_type=\"column\" data-e-type=\"column\">\n\t\t\t<div class=\"elementor-widget-wrap elementor-element-populated\">\n\t\t\t\t\t\t<div class=\"elementor-element elementor-element-0ff6bea elementor-widget elementor-widget-nm-feature\" data-id=\"0ff6bea\" data-element_type=\"widget\" data-e-type=\"widget\" data-widget_type=\"nm-feature.default\">\n\t\t\t\t<div class=\"elementor-widget-container\">\n\t\t\t\t\t\r\n\t\t\t<div class=\"nm-feature layout-icon_left icon-style-simple bottom-spacing-small\"><div class=\"nm-feature-icon\"><i class=\"pe-7s-map-marker\"><\/i><\/div>\r\n\t\t\t\t<div class=\"nm-feature-content\"><h2>STRESSLESS STORE DIAGONAL BARCELONA<\/h2>\r\n\t\t\t\t\t<div class=\"wpb_text_column\"><p>Avda diagonal 331 local 1<br \/>\n08009 barcelona.<br \/>\nTel 640109639<\/p>\n<\/div><a href=\"https:\/\/stresslessstorebarcelona.es\/\" title=\"Web Stressless Store Barcelona\" class=\"vc_btn vc_btn_md vc_btn_link\" target=\"_blank\" rel=\"noopener\"><span class=\"vc_btn_title\">Web Stressless Store Barcelona<\/span><\/a>\r\n\t\t\t\t<\/div>\r\n\t\t\t<\/div>\t\t\t\t<\/div>\n\t\t\t\t<\/div>\n\t\t\t\t\t<\/div>\n\t\t<\/div>\n\t\t\t\t\t<\/div>\n\t\t<\/section>\n\t\t\t\t<section class=\"elementor-section elementor-top-section elementor-element elementor-element-ca4a0c5 elementor-section-boxed elementor-section-height-default elementor-section-height-default\" data-id=\"ca4a0c5\" data-element_type=\"section\" data-e-type=\"section\">\n\t\t\t\t\t\t<div class=\"elementor-container elementor-column-gap-default\">\n\t\t\t\t\t<div class=\"elementor-column elementor-col-16 elementor-top-column elementor-element elementor-element-9534d79\" data-id=\"9534d79\" data-element_type=\"column\" data-e-type=\"column\">\n\t\t\t<div class=\"elementor-widget-wrap\">\n\t\t\t\t\t\t\t<\/div>\n\t\t<\/div>\n\t\t\t\t<div class=\"elementor-column elementor-col-66 elementor-top-column elementor-element elementor-element-53ca6fa\" data-id=\"53ca6fa\" data-element_type=\"column\" data-e-type=\"column\">\n\t\t\t<div class=\"elementor-widget-wrap elementor-element-populated\">\n\t\t\t\t\t\t<div class=\"elementor-element elementor-element-2e48e5c elementor-widget elementor-widget-nm-cf7\" data-id=\"2e48e5c\" data-element_type=\"widget\" data-e-type=\"widget\" data-widget_type=\"nm-cf7.default\">\n\t\t\t\t<div class=\"elementor-widget-container\">\n\t\t\t\t\t\n<div class=\"wpcf7 no-js\" id=\"wpcf7-f1158-o1\" lang=\"en-US\" dir=\"ltr\" data-wpcf7-id=\"1158\">\n<div class=\"screen-reader-response\"><p role=\"status\" aria-live=\"polite\" aria-atomic=\"true\"><\/p> <ul><\/ul><\/div>\n<form action=\"\/esp\/wp-json\/wp\/v2\/pages\/544#wpcf7-f1158-o1\" method=\"post\" class=\"wpcf7-form init\" aria-label=\"Contact form\" novalidate=\"novalidate\" data-status=\"init\">\n<fieldset class=\"hidden-fields-container\"><input type=\"hidden\" name=\"_wpcf7\" value=\"1158\" \/><input type=\"hidden\" name=\"_wpcf7_version\" value=\"6.1.5\" \/><input type=\"hidden\" name=\"_wpcf7_locale\" value=\"en_US\" \/><input type=\"hidden\" name=\"_wpcf7_unit_tag\" value=\"wpcf7-f1158-o1\" \/><input type=\"hidden\" name=\"_wpcf7_container_post\" value=\"0\" \/><input type=\"hidden\" name=\"_wpcf7_posted_data_hash\" value=\"\" \/>\n<\/fieldset>\n<p class=\"half\"><span class=\"wpcf7-form-control-wrap\" data-name=\"your-name\"><input size=\"40\" maxlength=\"400\" class=\"wpcf7-form-control wpcf7-text wpcf7-validates-as-required\" aria-required=\"true\" aria-invalid=\"false\" placeholder=\"Nombre *\" value=\"\" type=\"text\" name=\"your-name\" \/><\/span>\n<\/p>\n<p class=\"half\"><span class=\"wpcf7-form-control-wrap\" data-name=\"your-email\"><input size=\"40\" maxlength=\"400\" class=\"wpcf7-form-control wpcf7-email wpcf7-validates-as-required wpcf7-text wpcf7-validates-as-email\" aria-required=\"true\" aria-invalid=\"false\" placeholder=\"E-mail *\" value=\"\" type=\"email\" name=\"your-email\" \/><\/span>\n<\/p>\n<p><span class=\"wpcf7-form-control-wrap\" data-name=\"your-message\"><textarea cols=\"40\" rows=\"10\" maxlength=\"2000\" class=\"wpcf7-form-control wpcf7-textarea\" aria-invalid=\"false\" placeholder=\"Mensaje\" name=\"your-message\"><\/textarea><\/span>\n<\/p>\n<p><input class=\"wpcf7-form-control wpcf7-submit has-spinner\" type=\"submit\" value=\"Enviar\" \/>\n<\/p><div class=\"wpcf7-response-output\" aria-hidden=\"true\"><\/div>\n<\/form>\n<\/div>\n\t\t\t\t<\/div>\n\t\t\t\t<\/div>\n\t\t\t\t\t<\/div>\n\t\t<\/div>\n\t\t\t\t<div class=\"elementor-column elementor-col-16 elementor-top-column elementor-element elementor-element-bb38a76\" data-id=\"bb38a76\" data-element_type=\"column\" data-e-type=\"column\">\n\t\t\t<div class=\"elementor-widget-wrap\">\n\t\t\t\t\t\t\t<\/div>\n\t\t<\/div>\n\t\t\t\t\t<\/div>\n\t\t<\/section>\n\t\t\t\t<section class=\"elementor-section elementor-top-section elementor-element elementor-element-7b59081 elementor-section-boxed elementor-section-height-default elementor-section-height-default\" data-id=\"7b59081\" data-element_type=\"section\" data-e-type=\"section\">\n\t\t\t\t\t\t<div class=\"elementor-container elementor-column-gap-default\">\n\t\t\t\t\t<div class=\"elementor-column elementor-col-100 elementor-top-column elementor-element elementor-element-ebb03d6\" data-id=\"ebb03d6\" data-element_type=\"column\" data-e-type=\"column\">\n\t\t\t<div class=\"elementor-widget-wrap elementor-element-populated\">\n\t\t\t\t\t\t<div class=\"elementor-element elementor-element-929dcb6 elementor-widget elementor-widget-spacer\" data-id=\"929dcb6\" data-element_type=\"widget\" data-e-type=\"widget\" data-widget_type=\"spacer.default\">\n\t\t\t\t<div class=\"elementor-widget-container\">\n\t\t\t\t\t\t\t<div class=\"elementor-spacer\">\n\t\t\t<div class=\"elementor-spacer-inner\"><\/div>\n\t\t<\/div>\n\t\t\t\t\t\t<\/div>\n\t\t\t\t<\/div>\n\t\t\t\t\t<\/div>\n\t\t<\/div>\n\t\t\t\t\t<\/div>\n\t\t<\/section>\n\t\t\t\t<\/div>\n\t\t","protected":false},"excerpt":{"rendered":"<p>CONTACTO Y TIENDAS GRUPO MASTERPIEL MASTER PIEL Via Augusta 168, 08006 Barcelona. +34 682 63 39 08 \/ 932 008 937 viaaugusta@masterpiel.com IMAGINE OUTLET \/ ALMAC\u00c9N Con cita previa Carrer de Ramon Vi\u00f1as, 40 08930 Sant Adri\u00e0 de Bes\u00f2s, BCN MORADILLO STORE BCN Comte d\u2019Urgell 41, 08011 Barcelona. +34 933 250 974 urgell@moradillostore.com MORADILLO STORE &hellip;<\/p>\n","protected":false},"author":1,"featured_media":0,"parent":0,"menu_order":0,"comment_status":"closed","ping_status":"closed","template":"","meta":{"_acf_changed":false,"footnotes":""},"class_list":["post-544","page","type-page","status-publish","hentry"],"acf":[],"_links":{"self":[{"href":"https:\/\/masterpiel.com\/esp\/wp-json\/wp\/v2\/pages\/544","targetHints":{"allow":["GET"]}}],"collection":[{"href":"https:\/\/masterpiel.com\/esp\/wp-json\/wp\/v2\/pages"}],"about":[{"href":"https:\/\/masterpiel.com\/esp\/wp-json\/wp\/v2\/types\/page"}],"author":[{"embeddable":true,"href":"https:\/\/masterpiel.com\/esp\/wp-json\/wp\/v2\/users\/1"}],"replies":[{"embeddable":true,"href":"https:\/\/masterpiel.com\/esp\/wp-json\/wp\/v2\/comments?post=544"}],"version-history":[{"count":0,"href":"https:\/\/masterpiel.com\/esp\/wp-json\/wp\/v2\/pages\/544\/revisions"}],"wp:attachment":[{"href":"https:\/\/masterpiel.com\/esp\/wp-json\/wp\/v2\/media?parent=544"}],"curies":[{"name":"wp","href":"https:\/\/api.w.org\/{rel}","templated":true}]}}