{"id":2851,"date":"2023-10-05T10:30:25","date_gmt":"2023-10-05T10:30:25","guid":{"rendered":"https:\/\/dreamy-chatterjee.217-160-225-155.plesk.page\/product\/atollo\/"},"modified":"2025-05-14T11:46:41","modified_gmt":"2025-05-14T11:46:41","slug":"mesa-atollo-calligaris","status":"publish","type":"product","link":"https:\/\/masterpiel.com\/esp\/mesas\/mesa-atollo-calligaris\/","title":{"rendered":"Mesa Atollo CALLIGARIS"},"content":{"rendered":"<p>ATOLLO, una familia de mesas de centro caracterizada por una estructura de varillas de metal delgadas y ligeras a la vista, propuesta en metal pintado opaco o lat\u00f3n.\u00a0Las tapas, por su parte, est\u00e1n disponibles en madera o en cer\u00e1mica-madera.\u00a0Fabricadas en tres alturas, desde el nivel de una mesa baja hasta la mesa est\u00e1ndar, tienen la base y la tapa perfectamente sim\u00e9tricas, con formas redonda y el\u00edptica.\u00a0Por su dise\u00f1o sencillo y sus proporciones, se integran perfectamente con todos los muebles Calligaris y en cualquier sala de estar.\u00a0Elige la ATOLLO perfecta para ti.<\/p>\n","protected":false},"excerpt":{"rendered":"<p>ATOLLO, una familia de mesas de centro caracterizada por una estructura de varillas de metal delgadas y ligeras a la vista, propuesta en metal pintado opaco o lat\u00f3n.\u00a0Las tapas, por su parte, est\u00e1n disponibles en madera o en cer\u00e1mica-madera.\u00a0Fabricadas en tres alturas, desde el nivel de una mesa baja hasta la mesa est\u00e1ndar, tienen la base y la tapa perfectamente sim\u00e9tricas, con formas redonda y el\u00edptica.\u00a0Por su dise\u00f1o sencillo y sus proporciones, se integran perfectamente con todos los muebles Calligaris y en cualquier sala de estar.\u00a0Elige la ATOLLO perfecta para ti.<\/p>\n","protected":false},"featured_media":3179,"comment_status":"open","ping_status":"closed","template":"","meta":{"_acf_changed":false},"product_brand":[],"product_cat":[56],"product_tag":[105],"class_list":{"0":"post-2851","1":"product","2":"type-product","3":"status-publish","4":"has-post-thumbnail","6":"product_cat-mesas","7":"product_tag-mesa-calligaris","9":"first","10":"instock","11":"shipping-taxable","12":"product-type-simple"},"acf":[],"_links":{"self":[{"href":"https:\/\/masterpiel.com\/esp\/wp-json\/wp\/v2\/product\/2851","targetHints":{"allow":["GET"]}}],"collection":[{"href":"https:\/\/masterpiel.com\/esp\/wp-json\/wp\/v2\/product"}],"about":[{"href":"https:\/\/masterpiel.com\/esp\/wp-json\/wp\/v2\/types\/product"}],"replies":[{"embeddable":true,"href":"https:\/\/masterpiel.com\/esp\/wp-json\/wp\/v2\/comments?post=2851"}],"version-history":[{"count":0,"href":"https:\/\/masterpiel.com\/esp\/wp-json\/wp\/v2\/product\/2851\/revisions"}],"wp:featuredmedia":[{"embeddable":true,"href":"https:\/\/masterpiel.com\/esp\/wp-json\/wp\/v2\/media\/3179"}],"wp:attachment":[{"href":"https:\/\/masterpiel.com\/esp\/wp-json\/wp\/v2\/media?parent=2851"}],"wp:term":[{"taxonomy":"product_brand","embeddable":true,"href":"https:\/\/masterpiel.com\/esp\/wp-json\/wp\/v2\/product_brand?post=2851"},{"taxonomy":"product_cat","embeddable":true,"href":"https:\/\/masterpiel.com\/esp\/wp-json\/wp\/v2\/product_cat?post=2851"},{"taxonomy":"product_tag","embeddable":true,"href":"https:\/\/masterpiel.com\/esp\/wp-json\/wp\/v2\/product_tag?post=2851"}],"curies":[{"name":"wp","href":"https:\/\/api.w.org\/{rel}","templated":true}]}}