{"id":2852,"date":"2023-10-05T10:30:25","date_gmt":"2023-10-05T10:30:25","guid":{"rendered":"https:\/\/dreamy-chatterjee.217-160-225-155.plesk.page\/product\/berlin\/"},"modified":"2025-07-24T08:20:08","modified_gmt":"2025-07-24T08:20:08","slug":"sillon-stressless-berlin","status":"publish","type":"product","link":"https:\/\/masterpiel.com\/esp\/sillones-relax-electrico\/sillon-stressless-berlin\/","title":{"rendered":"Sill\u00f3n Berlin STRESSLESS"},"content":{"rendered":"<p>Berlin de Stressless\u00ae tiene un ambiente retro que ha resistido la prueba del tiempo durante d\u00e9cadas, mientras que el contorno elegante le da un toque moderno. En el interior, encontrar\u00e1 toda la cl\u00e1sica tecnolog\u00eda de confort Stressless\u00ae. Este modelo viene en una versi\u00f3n de respaldo alto con almohada ajustable para el cuello, una versi\u00f3n de respaldo bajo y una versi\u00f3n con reposacabezas ajustable en altura.<\/p>\n","protected":false},"excerpt":{"rendered":"<p>Berlin de Stressless\u00ae tiene un ambiente retro que ha resistido la prueba del tiempo durante d\u00e9cadas, mientras que el contorno elegante le da un toque moderno. En el interior, encontrar\u00e1 toda la cl\u00e1sica tecnolog\u00eda de confort Stressless\u00ae. Este modelo viene en una versi\u00f3n de respaldo alto con almohada ajustable para el cuello, una versi\u00f3n de respaldo bajo y una versi\u00f3n con reposacabezas ajustable en altura.<\/p>\n","protected":false},"featured_media":3881,"comment_status":"open","ping_status":"closed","template":"","meta":{"_acf_changed":false},"product_brand":[124],"product_cat":[94,95,60],"product_tag":[113,96,97,63],"class_list":{"0":"post-2852","1":"product","2":"type-product","3":"status-publish","4":"has-post-thumbnail","6":"product_brand-stressless","7":"product_cat-sillones-relax","8":"product_cat-sillones-relax-electrico","9":"product_cat-sillones","10":"product_tag-sillon-stressless","11":"product_tag-sillones-relax","12":"product_tag-sillones-relax-electrico","13":"product_tag-stressless","15":"first","16":"instock","17":"shipping-taxable","18":"product-type-simple"},"acf":[],"_links":{"self":[{"href":"https:\/\/masterpiel.com\/esp\/wp-json\/wp\/v2\/product\/2852","targetHints":{"allow":["GET"]}}],"collection":[{"href":"https:\/\/masterpiel.com\/esp\/wp-json\/wp\/v2\/product"}],"about":[{"href":"https:\/\/masterpiel.com\/esp\/wp-json\/wp\/v2\/types\/product"}],"replies":[{"embeddable":true,"href":"https:\/\/masterpiel.com\/esp\/wp-json\/wp\/v2\/comments?post=2852"}],"version-history":[{"count":0,"href":"https:\/\/masterpiel.com\/esp\/wp-json\/wp\/v2\/product\/2852\/revisions"}],"wp:featuredmedia":[{"embeddable":true,"href":"https:\/\/masterpiel.com\/esp\/wp-json\/wp\/v2\/media\/3881"}],"wp:attachment":[{"href":"https:\/\/masterpiel.com\/esp\/wp-json\/wp\/v2\/media?parent=2852"}],"wp:term":[{"taxonomy":"product_brand","embeddable":true,"href":"https:\/\/masterpiel.com\/esp\/wp-json\/wp\/v2\/product_brand?post=2852"},{"taxonomy":"product_cat","embeddable":true,"href":"https:\/\/masterpiel.com\/esp\/wp-json\/wp\/v2\/product_cat?post=2852"},{"taxonomy":"product_tag","embeddable":true,"href":"https:\/\/masterpiel.com\/esp\/wp-json\/wp\/v2\/product_tag?post=2852"}],"curies":[{"name":"wp","href":"https:\/\/api.w.org\/{rel}","templated":true}]}}