{"id":2867,"date":"2023-10-05T10:30:27","date_gmt":"2023-10-05T10:30:27","guid":{"rendered":"https:\/\/dreamy-chatterjee.217-160-225-155.plesk.page\/product\/bordeaux\/"},"modified":"2025-07-24T08:19:00","modified_gmt":"2025-07-24T08:19:00","slug":"mesa-bordeaux-stressless","status":"publish","type":"product","link":"https:\/\/masterpiel.com\/esp\/mesas\/mesa-bordeaux-stressless\/","title":{"rendered":"Mesa Bordeaux STRESSLESS"},"content":{"rendered":"<p>El dise\u00f1o sencillo de l\u00edneas limpias de la mesa Stressless\u00ae Bordeaux la convierte en el punto natural de encuentro del comedor. Para que disfrutes de la m\u00e1xima comodidad, la mesa posee detalles bien pensados tales como esquinas redondeadas y patas ubicadas inteligentemente que se adaptan a la perfecci\u00f3n a todas las sillas de comedor Stressless\u00ae. Las hojas independientes disponibles para la mesa te permiten ampliarla con facilidad para dar cabida a un mayor n\u00famero de comensales. La tabla est\u00e1 disponible en una versi\u00f3n circular que incluye una hoja independiente m\u00e1s dos tama\u00f1os rectangulares con espacio para dos hojas independientes.<\/p>\n","protected":false},"excerpt":{"rendered":"<p>El dise\u00f1o sencillo de l\u00edneas limpias de la mesa Stressless\u00ae Bordeaux la convierte en el punto natural de encuentro del comedor. Para que disfrutes de la m\u00e1xima comodidad, la mesa posee detalles bien pensados tales como esquinas redondeadas y patas ubicadas inteligentemente que se adaptan a la perfecci\u00f3n a todas las sillas de comedor Stressless\u00ae. Las hojas independientes disponibles para la mesa te permiten ampliarla con facilidad para dar cabida a un mayor n\u00famero de comensales. La tabla est\u00e1 disponible en una versi\u00f3n circular que incluye una hoja independiente m\u00e1s dos tama\u00f1os rectangulares con espacio para dos hojas independientes.<\/p>\n","protected":false},"featured_media":3339,"comment_status":"open","ping_status":"closed","template":"","meta":{"_acf_changed":false},"product_brand":[124],"product_cat":[56],"product_tag":[111,63],"class_list":{"0":"post-2867","1":"product","2":"type-product","3":"status-publish","4":"has-post-thumbnail","6":"product_brand-stressless","7":"product_cat-mesas","8":"product_tag-mesas-stressless","9":"product_tag-stressless","11":"first","12":"instock","13":"shipping-taxable","14":"product-type-simple"},"acf":[],"_links":{"self":[{"href":"https:\/\/masterpiel.com\/esp\/wp-json\/wp\/v2\/product\/2867","targetHints":{"allow":["GET"]}}],"collection":[{"href":"https:\/\/masterpiel.com\/esp\/wp-json\/wp\/v2\/product"}],"about":[{"href":"https:\/\/masterpiel.com\/esp\/wp-json\/wp\/v2\/types\/product"}],"replies":[{"embeddable":true,"href":"https:\/\/masterpiel.com\/esp\/wp-json\/wp\/v2\/comments?post=2867"}],"version-history":[{"count":0,"href":"https:\/\/masterpiel.com\/esp\/wp-json\/wp\/v2\/product\/2867\/revisions"}],"wp:featuredmedia":[{"embeddable":true,"href":"https:\/\/masterpiel.com\/esp\/wp-json\/wp\/v2\/media\/3339"}],"wp:attachment":[{"href":"https:\/\/masterpiel.com\/esp\/wp-json\/wp\/v2\/media?parent=2867"}],"wp:term":[{"taxonomy":"product_brand","embeddable":true,"href":"https:\/\/masterpiel.com\/esp\/wp-json\/wp\/v2\/product_brand?post=2867"},{"taxonomy":"product_cat","embeddable":true,"href":"https:\/\/masterpiel.com\/esp\/wp-json\/wp\/v2\/product_cat?post=2867"},{"taxonomy":"product_tag","embeddable":true,"href":"https:\/\/masterpiel.com\/esp\/wp-json\/wp\/v2\/product_tag?post=2867"}],"curies":[{"name":"wp","href":"https:\/\/api.w.org\/{rel}","templated":true}]}}