{"id":2869,"date":"2023-10-05T10:30:27","date_gmt":"2023-10-05T10:30:27","guid":{"rendered":"https:\/\/dreamy-chatterjee.217-160-225-155.plesk.page\/product\/filippo\/"},"modified":"2026-01-28T10:56:55","modified_gmt":"2026-01-28T10:56:55","slug":"sofa-filippo-masterpiel","status":"publish","type":"product","link":"https:\/\/masterpiel.com\/esp\/sofas\/sofa-filippo-masterpiel\/","title":{"rendered":"Sof\u00e1 Philip MASTERPIEL"},"content":{"rendered":"<p>El modelo Philip, sof\u00e1 fijo de reducido tama\u00f1o y muy estrecho, perfecto para personas de poca altura o sentada recta.\u00a0La base llega al suelo.\u00a0Soporte alto para conseguir un buen confort.\u00a0Estilo de sof\u00e1 contempor\u00e1neo, muy interesante para espacios peque\u00f1os.<\/p>\n","protected":false},"excerpt":{"rendered":"<p>Sof\u00e1 2 plazas en piel. Consultar otras configuraciones y tejidos.<\/p>\n<p>El modelo Philip, sof\u00e1 fijo de reducido tama\u00f1o y muy estrecho, perfecto para personas de poca altura o sentada recta.\u00a0La base llega al suelo.\u00a0Soporte alto para conseguir un buen confort.\u00a0Estilo de sof\u00e1 contempor\u00e1neo, muy interesante para espacios peque\u00f1os.<\/p>\n","protected":false},"featured_media":3054,"comment_status":"open","ping_status":"closed","template":"","meta":{"_acf_changed":false},"product_brand":[],"product_cat":[54],"product_tag":[148,86],"class_list":{"0":"post-2869","1":"product","2":"type-product","3":"status-publish","4":"has-post-thumbnail","6":"product_cat-sofas","7":"product_tag-master","8":"product_tag-sofa","10":"first","11":"instock","12":"shipping-taxable","13":"product-type-simple"},"acf":[],"_links":{"self":[{"href":"https:\/\/masterpiel.com\/esp\/wp-json\/wp\/v2\/product\/2869","targetHints":{"allow":["GET"]}}],"collection":[{"href":"https:\/\/masterpiel.com\/esp\/wp-json\/wp\/v2\/product"}],"about":[{"href":"https:\/\/masterpiel.com\/esp\/wp-json\/wp\/v2\/types\/product"}],"replies":[{"embeddable":true,"href":"https:\/\/masterpiel.com\/esp\/wp-json\/wp\/v2\/comments?post=2869"}],"version-history":[{"count":0,"href":"https:\/\/masterpiel.com\/esp\/wp-json\/wp\/v2\/product\/2869\/revisions"}],"wp:featuredmedia":[{"embeddable":true,"href":"https:\/\/masterpiel.com\/esp\/wp-json\/wp\/v2\/media\/3054"}],"wp:attachment":[{"href":"https:\/\/masterpiel.com\/esp\/wp-json\/wp\/v2\/media?parent=2869"}],"wp:term":[{"taxonomy":"product_brand","embeddable":true,"href":"https:\/\/masterpiel.com\/esp\/wp-json\/wp\/v2\/product_brand?post=2869"},{"taxonomy":"product_cat","embeddable":true,"href":"https:\/\/masterpiel.com\/esp\/wp-json\/wp\/v2\/product_cat?post=2869"},{"taxonomy":"product_tag","embeddable":true,"href":"https:\/\/masterpiel.com\/esp\/wp-json\/wp\/v2\/product_tag?post=2869"}],"curies":[{"name":"wp","href":"https:\/\/api.w.org\/{rel}","templated":true}]}}