{"id":2871,"date":"2023-10-05T10:30:27","date_gmt":"2023-10-05T10:30:27","guid":{"rendered":"https:\/\/dreamy-chatterjee.217-160-225-155.plesk.page\/product\/foyer\/"},"modified":"2025-05-14T11:46:42","modified_gmt":"2025-05-14T11:46:42","slug":"silla-foyer-calligaris","status":"publish","type":"product","link":"https:\/\/masterpiel.com\/esp\/sillas\/silla-foyer-calligaris\/","title":{"rendered":"Silla Foyer CALLIGARIS"},"content":{"rendered":"<p>El nuevo sill\u00f3n acolchado FOYER aporta una sensaci\u00f3n de confort y relajaci\u00f3n a los que se abandonan sobre ella.\u00a0Esto se debe a su envolvente y acolchada carcasa de multi estrato curvado y al blando asiento con estructura de correas el\u00e1sticas soportado por la refinada base de madera con cuatro patas c\u00f3nicas fabricada en tonos que combinan bien con el acabado de la carcasa de tejido o piel aut\u00e9ntica.<\/p>\n","protected":false},"excerpt":{"rendered":"<p>El nuevo sill\u00f3n acolchado FOYER aporta una sensaci\u00f3n de confort y relajaci\u00f3n a los que se abandonan sobre ella.\u00a0Esto se debe a su envolvente y acolchada carcasa de multi estrato curvado y al blando asiento con estructura de correas el\u00e1sticas soportado por la refinada base de madera con cuatro patas c\u00f3nicas fabricada en tonos que combinan bien con el acabado de la carcasa de tejido o piel aut\u00e9ntica.<\/p>\n","protected":false},"featured_media":3506,"comment_status":"open","ping_status":"closed","template":"","meta":{"_acf_changed":false},"product_brand":[],"product_cat":[59],"product_tag":[107],"class_list":{"0":"post-2871","1":"product","2":"type-product","3":"status-publish","4":"has-post-thumbnail","6":"product_cat-sillas","7":"product_tag-silla-calligaris","9":"first","10":"instock","11":"shipping-taxable","12":"product-type-simple"},"acf":[],"_links":{"self":[{"href":"https:\/\/masterpiel.com\/esp\/wp-json\/wp\/v2\/product\/2871","targetHints":{"allow":["GET"]}}],"collection":[{"href":"https:\/\/masterpiel.com\/esp\/wp-json\/wp\/v2\/product"}],"about":[{"href":"https:\/\/masterpiel.com\/esp\/wp-json\/wp\/v2\/types\/product"}],"replies":[{"embeddable":true,"href":"https:\/\/masterpiel.com\/esp\/wp-json\/wp\/v2\/comments?post=2871"}],"version-history":[{"count":0,"href":"https:\/\/masterpiel.com\/esp\/wp-json\/wp\/v2\/product\/2871\/revisions"}],"wp:featuredmedia":[{"embeddable":true,"href":"https:\/\/masterpiel.com\/esp\/wp-json\/wp\/v2\/media\/3506"}],"wp:attachment":[{"href":"https:\/\/masterpiel.com\/esp\/wp-json\/wp\/v2\/media?parent=2871"}],"wp:term":[{"taxonomy":"product_brand","embeddable":true,"href":"https:\/\/masterpiel.com\/esp\/wp-json\/wp\/v2\/product_brand?post=2871"},{"taxonomy":"product_cat","embeddable":true,"href":"https:\/\/masterpiel.com\/esp\/wp-json\/wp\/v2\/product_cat?post=2871"},{"taxonomy":"product_tag","embeddable":true,"href":"https:\/\/masterpiel.com\/esp\/wp-json\/wp\/v2\/product_tag?post=2871"}],"curies":[{"name":"wp","href":"https:\/\/api.w.org\/{rel}","templated":true}]}}