{"id":2879,"date":"2023-10-05T10:30:31","date_gmt":"2023-10-05T10:30:31","guid":{"rendered":"https:\/\/dreamy-chatterjee.217-160-225-155.plesk.page\/product\/fifties\/"},"modified":"2025-05-14T11:46:42","modified_gmt":"2025-05-14T11:46:42","slug":"silla-fifties-calligaris","status":"publish","type":"product","link":"https:\/\/masterpiel.com\/esp\/sillas\/silla-fifties-calligaris\/","title":{"rendered":"Silla Fifties CALLIGARIS"},"content":{"rendered":"<p>Fifties est\u00e1 inspirada en las sillas de los a\u00f1os 50, reinterpretando sus c\u00e1nones estil\u00edsticos y creando un objeto que evoca un agradable recuerdo.\u00a0En l\u00ednea con las tendencias de los a\u00f1os 50, Fifties se caracteriza por una silueta \u00e1gil que combina el metal de la estructura con el cl\u00e1sico y refinado terciopelo, cuero o una piel sint\u00e9tica sedosa y suave.\u00a0La estructura, con 4 patas de tubo de metal, es ligera y elegante, sosteniendo el gracioso asiento y el respaldo envolvente, ambos acolchados, para asegurar el m\u00e1ximo confort.\u00a0Aporta un toque vintage a tu comedor, elige la Fifties perfecta para ti.<\/p>\n","protected":false},"excerpt":{"rendered":"<p>Fifties est\u00e1 inspirada en las sillas de los a\u00f1os 50, reinterpretando sus c\u00e1nones estil\u00edsticos y creando un objeto que evoca un agradable recuerdo.\u00a0En l\u00ednea con las tendencias de los a\u00f1os 50, Fifties se caracteriza por una silueta \u00e1gil que combina el metal de la estructura con el cl\u00e1sico y refinado terciopelo, cuero o una piel sint\u00e9tica sedosa y suave.\u00a0La estructura, con 4 patas de tubo de metal, es ligera y elegante, sosteniendo el gracioso asiento y el respaldo envolvente, ambos acolchados, para asegurar el m\u00e1ximo confort.\u00a0Aporta un toque vintage a tu comedor, elige la Fifties perfecta para ti.<\/p>\n","protected":false},"featured_media":3496,"comment_status":"open","ping_status":"closed","template":"","meta":{"_acf_changed":false},"product_brand":[],"product_cat":[59],"product_tag":[107],"class_list":{"0":"post-2879","1":"product","2":"type-product","3":"status-publish","4":"has-post-thumbnail","6":"product_cat-sillas","7":"product_tag-silla-calligaris","9":"first","10":"instock","11":"shipping-taxable","12":"product-type-simple"},"acf":[],"_links":{"self":[{"href":"https:\/\/masterpiel.com\/esp\/wp-json\/wp\/v2\/product\/2879","targetHints":{"allow":["GET"]}}],"collection":[{"href":"https:\/\/masterpiel.com\/esp\/wp-json\/wp\/v2\/product"}],"about":[{"href":"https:\/\/masterpiel.com\/esp\/wp-json\/wp\/v2\/types\/product"}],"replies":[{"embeddable":true,"href":"https:\/\/masterpiel.com\/esp\/wp-json\/wp\/v2\/comments?post=2879"}],"version-history":[{"count":0,"href":"https:\/\/masterpiel.com\/esp\/wp-json\/wp\/v2\/product\/2879\/revisions"}],"wp:featuredmedia":[{"embeddable":true,"href":"https:\/\/masterpiel.com\/esp\/wp-json\/wp\/v2\/media\/3496"}],"wp:attachment":[{"href":"https:\/\/masterpiel.com\/esp\/wp-json\/wp\/v2\/media?parent=2879"}],"wp:term":[{"taxonomy":"product_brand","embeddable":true,"href":"https:\/\/masterpiel.com\/esp\/wp-json\/wp\/v2\/product_brand?post=2879"},{"taxonomy":"product_cat","embeddable":true,"href":"https:\/\/masterpiel.com\/esp\/wp-json\/wp\/v2\/product_cat?post=2879"},{"taxonomy":"product_tag","embeddable":true,"href":"https:\/\/masterpiel.com\/esp\/wp-json\/wp\/v2\/product_tag?post=2879"}],"curies":[{"name":"wp","href":"https:\/\/api.w.org\/{rel}","templated":true}]}}