{"id":2886,"date":"2023-10-05T10:30:32","date_gmt":"2023-10-05T10:30:32","guid":{"rendered":"https:\/\/dreamy-chatterjee.217-160-225-155.plesk.page\/product\/augusto\/"},"modified":"2026-01-28T10:53:15","modified_gmt":"2026-01-28T10:53:15","slug":"sofa-benicio-masterpiel","status":"publish","type":"product","link":"https:\/\/masterpiel.com\/esp\/sofas-relax-electrico\/sofa-benicio-masterpiel\/","title":{"rendered":"Sof\u00e1 Benicio MASTERPIEL"},"content":{"rendered":"<p>La combinaci\u00f3n de almohadas de asiento, compuestos por m\u00f3dulos simples de proporciones generosas y almohadas de respaldo bajo, pero capaces de satisfacer diferentes necesidades de confort, lo hacen acogedor y sin miedo. Elegantemente descansando sobre un elemento minimalista, se convierte en el sitio para pasar sus momentos relajantes. Flexible y modular, es ideal para posiciones en el centro de la habitaci\u00f3n, pero a la vez c\u00f3modo gracias a un mecanismo f\u00e1cil de utilizar integrado en el reposacabezas. Modular en diferentes soluciones Benicio permite configuraciones libres y vers\u00e1tiles para formar sof\u00e1s lineales, esquina y peninsulares.<\/p>\n","protected":false},"excerpt":{"rendered":"<p>Sof\u00e1 3 plazas en piel. Consultar otras configuraciones y tejidos.<\/p>\n<p>La combinaci\u00f3n de almohadas de asiento, compuestos por m\u00f3dulos simples de proporciones generosas y almohadas de respaldo bajo, pero capaces de satisfacer diferentes necesidades de confort, lo hacen acogedor y sin miedo. Elegantemente descansando sobre un elemento minimalista, se convierte en el sitio para pasar sus momentos relajantes. Flexible y modular, es ideal para posiciones en el centro de la habitaci\u00f3n, pero a la vez c\u00f3modo gracias a un mecanismo f\u00e1cil de utilizar integrado en el reposacabezas. Modular en diferentes soluciones Benicio permite configuraciones libres y vers\u00e1tiles para formar sof\u00e1s lineales, esquina y peninsulares.<\/p>\n","protected":false},"featured_media":3011,"comment_status":"open","ping_status":"closed","template":"","meta":{"_acf_changed":false},"product_brand":[],"product_cat":[54,62],"product_tag":[148,101],"class_list":{"0":"post-2886","1":"product","2":"type-product","3":"status-publish","4":"has-post-thumbnail","6":"product_cat-sofas","7":"product_cat-sofas-relax-electrico","8":"product_tag-master","9":"product_tag-sofa-relax-electrico","11":"first","12":"instock","13":"shipping-taxable","14":"product-type-simple"},"acf":[],"_links":{"self":[{"href":"https:\/\/masterpiel.com\/esp\/wp-json\/wp\/v2\/product\/2886","targetHints":{"allow":["GET"]}}],"collection":[{"href":"https:\/\/masterpiel.com\/esp\/wp-json\/wp\/v2\/product"}],"about":[{"href":"https:\/\/masterpiel.com\/esp\/wp-json\/wp\/v2\/types\/product"}],"replies":[{"embeddable":true,"href":"https:\/\/masterpiel.com\/esp\/wp-json\/wp\/v2\/comments?post=2886"}],"version-history":[{"count":0,"href":"https:\/\/masterpiel.com\/esp\/wp-json\/wp\/v2\/product\/2886\/revisions"}],"wp:featuredmedia":[{"embeddable":true,"href":"https:\/\/masterpiel.com\/esp\/wp-json\/wp\/v2\/media\/3011"}],"wp:attachment":[{"href":"https:\/\/masterpiel.com\/esp\/wp-json\/wp\/v2\/media?parent=2886"}],"wp:term":[{"taxonomy":"product_brand","embeddable":true,"href":"https:\/\/masterpiel.com\/esp\/wp-json\/wp\/v2\/product_brand?post=2886"},{"taxonomy":"product_cat","embeddable":true,"href":"https:\/\/masterpiel.com\/esp\/wp-json\/wp\/v2\/product_cat?post=2886"},{"taxonomy":"product_tag","embeddable":true,"href":"https:\/\/masterpiel.com\/esp\/wp-json\/wp\/v2\/product_tag?post=2886"}],"curies":[{"name":"wp","href":"https:\/\/api.w.org\/{rel}","templated":true}]}}