{"id":2896,"date":"2023-10-05T10:30:33","date_gmt":"2023-10-05T10:30:33","guid":{"rendered":"https:\/\/dreamy-chatterjee.217-160-225-155.plesk.page\/product\/emily\/"},"modified":"2025-07-24T08:17:22","modified_gmt":"2025-07-24T08:17:22","slug":"sofa-emily-stressless","status":"publish","type":"product","link":"https:\/\/masterpiel.com\/esp\/sofas-relax-electrico\/sofa-emily-stressless\/","title":{"rendered":"Sof\u00e1 Emily STRESSLESS"},"content":{"rendered":"<p>Las l\u00edneas elegantes con un aspecto moderno le dan a Stressless Emily una apariencia envolvente. El dise\u00f1o contempor\u00e1neo de los suaves cojines envolventes le invita a sentarse y relajarse. Todos los m\u00f3dulos de asiento vienen con un reposacabezas ajustable, ya sea con respaldo fijo o equipados con motores para el ajuste personal del reposapiernas. Elija entre apoyabrazos delgados con detalles de acero o madera, o un apoyabrazos m\u00e1s ancho. Los sillones reclinables Stressless Tokyo y Stressless View combinan muy bien con el sof\u00e1 Stressless Emily.<\/p>\n","protected":false},"excerpt":{"rendered":"<p>Las elegantes y modernas l\u00edneas aportan al Stressless Emily una imagen muy acogedora.\u00a0Adem\u00e1s, el dise\u00f1o contempor\u00e1neo de sus suaves y c\u00f3modas almohadas le invitan a sentarse y relajarse.\u00a0Todos los m\u00f3dulos de asientos se presentan con reposacabezas ajustable.\u00a0Tambi\u00e9n est\u00e1n disponibles con respaldos fijos o bien, motorizados para que pueda ajustar el respaldo y el soporte para las piernas.\u00a0Elija entre detalles de acero o madera para el reposabrazos.\u00a0Las butacas Stressless Tokyo y Stressless View combinan a la perfecci\u00f3n con el sof\u00e1 Stressless Emily.<\/p>\n","protected":false},"featured_media":3049,"comment_status":"open","ping_status":"closed","template":"","meta":{"_acf_changed":false},"product_brand":[124],"product_cat":[54,62],"product_tag":[101,114,63],"class_list":{"0":"post-2896","1":"product","2":"type-product","3":"status-publish","4":"has-post-thumbnail","6":"product_brand-stressless","7":"product_cat-sofas","8":"product_cat-sofas-relax-electrico","9":"product_tag-sofa-relax-electrico","10":"product_tag-sofa-stressless","11":"product_tag-stressless","13":"first","14":"instock","15":"shipping-taxable","16":"product-type-simple"},"acf":[],"_links":{"self":[{"href":"https:\/\/masterpiel.com\/esp\/wp-json\/wp\/v2\/product\/2896","targetHints":{"allow":["GET"]}}],"collection":[{"href":"https:\/\/masterpiel.com\/esp\/wp-json\/wp\/v2\/product"}],"about":[{"href":"https:\/\/masterpiel.com\/esp\/wp-json\/wp\/v2\/types\/product"}],"replies":[{"embeddable":true,"href":"https:\/\/masterpiel.com\/esp\/wp-json\/wp\/v2\/comments?post=2896"}],"version-history":[{"count":0,"href":"https:\/\/masterpiel.com\/esp\/wp-json\/wp\/v2\/product\/2896\/revisions"}],"wp:featuredmedia":[{"embeddable":true,"href":"https:\/\/masterpiel.com\/esp\/wp-json\/wp\/v2\/media\/3049"}],"wp:attachment":[{"href":"https:\/\/masterpiel.com\/esp\/wp-json\/wp\/v2\/media?parent=2896"}],"wp:term":[{"taxonomy":"product_brand","embeddable":true,"href":"https:\/\/masterpiel.com\/esp\/wp-json\/wp\/v2\/product_brand?post=2896"},{"taxonomy":"product_cat","embeddable":true,"href":"https:\/\/masterpiel.com\/esp\/wp-json\/wp\/v2\/product_cat?post=2896"},{"taxonomy":"product_tag","embeddable":true,"href":"https:\/\/masterpiel.com\/esp\/wp-json\/wp\/v2\/product_tag?post=2896"}],"curies":[{"name":"wp","href":"https:\/\/api.w.org\/{rel}","templated":true}]}}