{"id":2908,"date":"2023-10-05T10:30:38","date_gmt":"2023-10-05T10:30:38","guid":{"rendered":"https:\/\/dreamy-chatterjee.217-160-225-155.plesk.page\/product\/stcokholm\/"},"modified":"2025-05-14T11:46:43","modified_gmt":"2025-05-14T11:46:43","slug":"silla-calligaris-stcokholm","status":"publish","type":"product","link":"https:\/\/masterpiel.com\/esp\/sillas\/silla-calligaris-stcokholm\/","title":{"rendered":"Silla Stcokholm CALLIGARIS"},"content":{"rendered":"<p>Silla de dise\u00f1o n\u00f3rdico, STOCKHOLM tiene una simple estructura de madera que sostiene el asiento y el respaldo aut\u00f3nomos, acolchados y revestidos en tejido.\u00a0Se caracteriza por el perfil de la traves\u00eda y la elaboraci\u00f3n peculiar de las patas que se unen elegantemente con el soporte, como fusion\u00e1ndose en un elemento \u00fanico.\u00a0STOCKHOLM es la silla ideal para compartir momentos con amigos y familia.<\/p>\n","protected":false},"excerpt":{"rendered":"<p>Silla de dise\u00f1o n\u00f3rdico, STOCKHOLM tiene una simple estructura de madera que sostiene el asiento y el respaldo aut\u00f3nomos, acolchados y revestidos en tejido.\u00a0Se caracteriza por el perfil de la traves\u00eda y la elaboraci\u00f3n peculiar de las patas que se unen elegantemente con el soporte, como fusion\u00e1ndose en un elemento \u00fanico.\u00a0STOCKHOLM es la silla ideal para compartir momentos con amigos y familia.<\/p>\n","protected":false},"featured_media":3556,"comment_status":"open","ping_status":"closed","template":"","meta":{"_acf_changed":false},"product_brand":[],"product_cat":[59],"product_tag":[107],"class_list":{"0":"post-2908","1":"product","2":"type-product","3":"status-publish","4":"has-post-thumbnail","6":"product_cat-sillas","7":"product_tag-silla-calligaris","9":"first","10":"instock","11":"shipping-taxable","12":"product-type-simple"},"acf":[],"_links":{"self":[{"href":"https:\/\/masterpiel.com\/esp\/wp-json\/wp\/v2\/product\/2908","targetHints":{"allow":["GET"]}}],"collection":[{"href":"https:\/\/masterpiel.com\/esp\/wp-json\/wp\/v2\/product"}],"about":[{"href":"https:\/\/masterpiel.com\/esp\/wp-json\/wp\/v2\/types\/product"}],"replies":[{"embeddable":true,"href":"https:\/\/masterpiel.com\/esp\/wp-json\/wp\/v2\/comments?post=2908"}],"version-history":[{"count":0,"href":"https:\/\/masterpiel.com\/esp\/wp-json\/wp\/v2\/product\/2908\/revisions"}],"wp:featuredmedia":[{"embeddable":true,"href":"https:\/\/masterpiel.com\/esp\/wp-json\/wp\/v2\/media\/3556"}],"wp:attachment":[{"href":"https:\/\/masterpiel.com\/esp\/wp-json\/wp\/v2\/media?parent=2908"}],"wp:term":[{"taxonomy":"product_brand","embeddable":true,"href":"https:\/\/masterpiel.com\/esp\/wp-json\/wp\/v2\/product_brand?post=2908"},{"taxonomy":"product_cat","embeddable":true,"href":"https:\/\/masterpiel.com\/esp\/wp-json\/wp\/v2\/product_cat?post=2908"},{"taxonomy":"product_tag","embeddable":true,"href":"https:\/\/masterpiel.com\/esp\/wp-json\/wp\/v2\/product_tag?post=2908"}],"curies":[{"name":"wp","href":"https:\/\/api.w.org\/{rel}","templated":true}]}}