{"id":2910,"date":"2023-10-05T10:30:38","date_gmt":"2023-10-05T10:30:38","guid":{"rendered":"https:\/\/dreamy-chatterjee.217-160-225-155.plesk.page\/product\/anais\/"},"modified":"2025-05-14T11:46:43","modified_gmt":"2025-05-14T11:46:43","slug":"silla-anais-calligaris","status":"publish","type":"product","link":"https:\/\/masterpiel.com\/esp\/sillas\/silla-anais-calligaris\/","title":{"rendered":"Silla Ana\u00eds CALLIGARIS"},"content":{"rendered":"<p>Silla modelo ANA\u00cdS, con estructura de madera completamente acolchada y tapizada en tejido o en piel aut\u00e9ntica.\u00a0La estructura de soporte y las patas, de forma ligeramente c\u00f3nica, son de madera maciza y el asiento es de correas el\u00e1sticas.\u00a0Es completamente acolchada para ofrecer una mayor comodidad del asentamiento, est\u00e1 disponible tapizada en tejido y con tratamiento anti-manchas y antibacterias, o bien en piel aut\u00e9ntica.\u00a0Costuras del mismo color.\u00a0El soporte en forma de sable regala a la silla una l\u00ednea muy elegante por lo que es perfecto para decorar un comedor y todos los entornos abiertos.\u00a0\u00a1Descubre todos los acabados!<\/p>\n","protected":false},"excerpt":{"rendered":"<p>Silla modelo ANA\u00cdS, con estructura de madera completamente acolchada y tapizada en tejido o en piel aut\u00e9ntica.\u00a0La estructura de soporte y las patas, de forma ligeramente c\u00f3nica, son de madera maciza y el asiento es de correas el\u00e1sticas.\u00a0Es completamente acolchada para ofrecer una mayor comodidad del asentamiento, est\u00e1 disponible tapizada en tejido y con tratamiento anti-manchas y antibacterias, o bien en piel aut\u00e9ntica.\u00a0Costuras del mismo color.\u00a0El soporte en forma de sable regala a la silla una l\u00ednea muy elegante por lo que es perfecto para decorar un comedor y todos los entornos abiertos.\u00a0\u00a1Descubre todos los acabados!<\/p>\n","protected":false},"featured_media":3463,"comment_status":"open","ping_status":"closed","template":"","meta":{"_acf_changed":false},"product_brand":[],"product_cat":[59],"product_tag":[107],"class_list":{"0":"post-2910","1":"product","2":"type-product","3":"status-publish","4":"has-post-thumbnail","6":"product_cat-sillas","7":"product_tag-silla-calligaris","9":"first","10":"instock","11":"shipping-taxable","12":"product-type-simple"},"acf":[],"_links":{"self":[{"href":"https:\/\/masterpiel.com\/esp\/wp-json\/wp\/v2\/product\/2910","targetHints":{"allow":["GET"]}}],"collection":[{"href":"https:\/\/masterpiel.com\/esp\/wp-json\/wp\/v2\/product"}],"about":[{"href":"https:\/\/masterpiel.com\/esp\/wp-json\/wp\/v2\/types\/product"}],"replies":[{"embeddable":true,"href":"https:\/\/masterpiel.com\/esp\/wp-json\/wp\/v2\/comments?post=2910"}],"version-history":[{"count":0,"href":"https:\/\/masterpiel.com\/esp\/wp-json\/wp\/v2\/product\/2910\/revisions"}],"wp:featuredmedia":[{"embeddable":true,"href":"https:\/\/masterpiel.com\/esp\/wp-json\/wp\/v2\/media\/3463"}],"wp:attachment":[{"href":"https:\/\/masterpiel.com\/esp\/wp-json\/wp\/v2\/media?parent=2910"}],"wp:term":[{"taxonomy":"product_brand","embeddable":true,"href":"https:\/\/masterpiel.com\/esp\/wp-json\/wp\/v2\/product_brand?post=2910"},{"taxonomy":"product_cat","embeddable":true,"href":"https:\/\/masterpiel.com\/esp\/wp-json\/wp\/v2\/product_cat?post=2910"},{"taxonomy":"product_tag","embeddable":true,"href":"https:\/\/masterpiel.com\/esp\/wp-json\/wp\/v2\/product_tag?post=2910"}],"curies":[{"name":"wp","href":"https:\/\/api.w.org\/{rel}","templated":true}]}}