{"id":2911,"date":"2023-10-05T10:30:38","date_gmt":"2023-10-05T10:30:38","guid":{"rendered":"https:\/\/dreamy-chatterjee.217-160-225-155.plesk.page\/product\/basil\/"},"modified":"2025-05-14T11:46:43","modified_gmt":"2025-05-14T11:46:43","slug":"silla-basil-calligaris","status":"publish","type":"product","link":"https:\/\/masterpiel.com\/esp\/sillas\/silla-basil-calligaris\/","title":{"rendered":"Silla Basil CALLIGARIS"},"content":{"rendered":"<p>Silla modelo BASIL de materiales mixtos: asiento de polipropileno con dise\u00f1o en forma de hoja y estructura de metal.\u00a0N\u00famero m\u00e1ximo de sillas apilables: 4. El uso de materiales de vanguardia, tubular de acero para la estructura y las 4 patas y polipropileno \u2013 totalmente reciclable \u2013 para el armaz\u00f3n del asentamiento, ha confluido en la realizaci\u00f3n de una silla resistente, ligera, ergon\u00f3mica y de dise\u00f1o.\u00a0La forma del asiento, que recuerda la morfolog\u00eda de una hoja de albahaca, debido al nervado central se convierte al mismo tiempo en el tema estructural y decorativo de este producto. Por sus caracter\u00edsticas, esta silla no s\u00f3lo es id\u00f3nea para el hogar, sino tambi\u00e9n para bares y restaurantes.\u00a0Disponible en distintos colores y acabados, algunos de ellos id\u00f3neos tambi\u00e9n para su uso externo, elige la silla en la configuraci\u00f3n preferida.<\/p>\n","protected":false},"excerpt":{"rendered":"<p>Silla modelo BASIL de materiales mixtos: asiento de polipropileno con dise\u00f1o en forma de hoja y estructura de metal.\u00a0N\u00famero m\u00e1ximo de sillas apilables: 4. El uso de materiales de vanguardia, tubular de acero para la estructura y las 4 patas y polipropileno \u2013 totalmente reciclable \u2013 para el armaz\u00f3n del asentamiento, ha confluido en la realizaci\u00f3n de una silla resistente, ligera, ergon\u00f3mica y de dise\u00f1o.\u00a0La forma del asiento, que recuerda la morfolog\u00eda de una hoja de albahaca, debido al nervado central se convierte al mismo tiempo en el tema estructural y decorativo de este producto. Por sus caracter\u00edsticas, esta silla no s\u00f3lo es id\u00f3nea para el hogar, sino tambi\u00e9n para bares y restaurantes.\u00a0Disponible en distintos colores y acabados, algunos de ellos id\u00f3neos tambi\u00e9n para su uso externo, elige la silla en la configuraci\u00f3n preferida.<\/p>\n","protected":false},"featured_media":3471,"comment_status":"open","ping_status":"closed","template":"","meta":{"_acf_changed":false},"product_brand":[],"product_cat":[59],"product_tag":[107],"class_list":{"0":"post-2911","1":"product","2":"type-product","3":"status-publish","4":"has-post-thumbnail","6":"product_cat-sillas","7":"product_tag-silla-calligaris","9":"first","10":"instock","11":"shipping-taxable","12":"product-type-simple"},"acf":[],"_links":{"self":[{"href":"https:\/\/masterpiel.com\/esp\/wp-json\/wp\/v2\/product\/2911","targetHints":{"allow":["GET"]}}],"collection":[{"href":"https:\/\/masterpiel.com\/esp\/wp-json\/wp\/v2\/product"}],"about":[{"href":"https:\/\/masterpiel.com\/esp\/wp-json\/wp\/v2\/types\/product"}],"replies":[{"embeddable":true,"href":"https:\/\/masterpiel.com\/esp\/wp-json\/wp\/v2\/comments?post=2911"}],"version-history":[{"count":0,"href":"https:\/\/masterpiel.com\/esp\/wp-json\/wp\/v2\/product\/2911\/revisions"}],"wp:featuredmedia":[{"embeddable":true,"href":"https:\/\/masterpiel.com\/esp\/wp-json\/wp\/v2\/media\/3471"}],"wp:attachment":[{"href":"https:\/\/masterpiel.com\/esp\/wp-json\/wp\/v2\/media?parent=2911"}],"wp:term":[{"taxonomy":"product_brand","embeddable":true,"href":"https:\/\/masterpiel.com\/esp\/wp-json\/wp\/v2\/product_brand?post=2911"},{"taxonomy":"product_cat","embeddable":true,"href":"https:\/\/masterpiel.com\/esp\/wp-json\/wp\/v2\/product_cat?post=2911"},{"taxonomy":"product_tag","embeddable":true,"href":"https:\/\/masterpiel.com\/esp\/wp-json\/wp\/v2\/product_tag?post=2911"}],"curies":[{"name":"wp","href":"https:\/\/api.w.org\/{rel}","templated":true}]}}