{"id":2912,"date":"2023-10-05T10:30:38","date_gmt":"2023-10-05T10:30:38","guid":{"rendered":"https:\/\/dreamy-chatterjee.217-160-225-155.plesk.page\/product\/claire\/"},"modified":"2025-05-14T11:46:43","modified_gmt":"2025-05-14T11:46:43","slug":"silla-claire-calligaris","status":"publish","type":"product","link":"https:\/\/masterpiel.com\/esp\/sillas\/silla-claire-calligaris\/","title":{"rendered":"Silla Claire CALLIGARIS"},"content":{"rendered":"<p>Silla modelo CLAIRE con estructura de madera maciza y asiento acolchado.\u00a0Apoyo amplio.\u00a0Un dise\u00f1o con l\u00edneas que recuerdan la tradici\u00f3n n\u00f3rdica para esta silla con un respaldo amplio, curvado y envolvente.\u00a0La estructura y las 4 patas s\u00f3lidas son de madera maciza de fresno y el asiento, perfilado, y el respaldo est\u00e1n acolchados y tapizados con un tejido anti-manchas y antibacterias.\u00a0Ergonom\u00eda y confort asegurados para el uso diario: \u00a1elige esta silla para la casa o en el restaurante en la configuraci\u00f3n preferida!<\/p>\n","protected":false},"excerpt":{"rendered":"<p>Silla modelo CLAIRE con estructura de madera maciza y asiento acolchado.\u00a0Apoyo amplio.\u00a0Un dise\u00f1o con l\u00edneas que recuerdan la tradici\u00f3n n\u00f3rdica para esta silla con un respaldo amplio, curvado y envolvente.\u00a0La estructura y las 4 patas s\u00f3lidas son de madera maciza de fresno y el asiento, perfilado, y el respaldo est\u00e1n acolchados y tapizados con un tejido anti-manchas y antibacterias.\u00a0Ergonom\u00eda y confort asegurados para el uso diario: \u00a1elige esta silla para la casa o en el restaurante en la configuraci\u00f3n preferida!<\/p>\n","protected":false},"featured_media":3481,"comment_status":"open","ping_status":"closed","template":"","meta":{"_acf_changed":false},"product_brand":[],"product_cat":[59],"product_tag":[107],"class_list":{"0":"post-2912","1":"product","2":"type-product","3":"status-publish","4":"has-post-thumbnail","6":"product_cat-sillas","7":"product_tag-silla-calligaris","9":"first","10":"instock","11":"shipping-taxable","12":"product-type-simple"},"acf":[],"_links":{"self":[{"href":"https:\/\/masterpiel.com\/esp\/wp-json\/wp\/v2\/product\/2912","targetHints":{"allow":["GET"]}}],"collection":[{"href":"https:\/\/masterpiel.com\/esp\/wp-json\/wp\/v2\/product"}],"about":[{"href":"https:\/\/masterpiel.com\/esp\/wp-json\/wp\/v2\/types\/product"}],"replies":[{"embeddable":true,"href":"https:\/\/masterpiel.com\/esp\/wp-json\/wp\/v2\/comments?post=2912"}],"version-history":[{"count":0,"href":"https:\/\/masterpiel.com\/esp\/wp-json\/wp\/v2\/product\/2912\/revisions"}],"wp:featuredmedia":[{"embeddable":true,"href":"https:\/\/masterpiel.com\/esp\/wp-json\/wp\/v2\/media\/3481"}],"wp:attachment":[{"href":"https:\/\/masterpiel.com\/esp\/wp-json\/wp\/v2\/media?parent=2912"}],"wp:term":[{"taxonomy":"product_brand","embeddable":true,"href":"https:\/\/masterpiel.com\/esp\/wp-json\/wp\/v2\/product_brand?post=2912"},{"taxonomy":"product_cat","embeddable":true,"href":"https:\/\/masterpiel.com\/esp\/wp-json\/wp\/v2\/product_cat?post=2912"},{"taxonomy":"product_tag","embeddable":true,"href":"https:\/\/masterpiel.com\/esp\/wp-json\/wp\/v2\/product_tag?post=2912"}],"curies":[{"name":"wp","href":"https:\/\/api.w.org\/{rel}","templated":true}]}}