{"id":2918,"date":"2023-10-05T10:30:39","date_gmt":"2023-10-05T10:30:39","guid":{"rendered":"https:\/\/dreamy-chatterjee.217-160-225-155.plesk.page\/product\/tribeca-prime\/"},"modified":"2025-05-14T11:46:43","modified_gmt":"2025-05-14T11:46:43","slug":"tribeca-prime-navarro-tapicerias","status":"publish","type":"product","link":"https:\/\/masterpiel.com\/esp\/sillones-relax-electrico\/tribeca-prime-navarro-tapicerias\/","title":{"rendered":"Sill\u00f3n Tribeca Prime NAVARRO TAPICERIAS"},"content":{"rendered":"<p>Sill\u00f3n reclinable multifunci\u00f3n el\u00e9ctrico con elevaci\u00f3n doble motor independiente.\u00a0Botonera lux, pies de madera color wengue, revestido en ropa lido 03 piedra, esta nueva tela de textura ligera y tacto suave y agradable incorpora un nuevo tratamiento anti-manchas compuesto de Tefl\u00f3n \u2122 lo que facilita la limpieza en caso de alguna peque\u00f1a mancha . El sill\u00f3n de descanso Tribeca cuenta con medidas ajustadas le permitir\u00e1n pasarlo de estancia en estancia, ya que su ancho de 69 cm pasa por la mayor\u00eda de puertas. El asiento continuo mejora el soporte de las piernas, debido a que los puntos de presi\u00f3n se distribuyen uniformemente.\u00a0Puede desenfundar las almohadas del respaldo y el asiento para su lavado (siga detenidamente las instrucciones de lavado de las tapicer\u00edas).\u00a0Podr\u00e1 elegir entre patas de madera de haya pulida o ruedas giratorias con superficie engomada (2 con freno), lo que evitar\u00e1 da\u00f1ar superficies delicadas como la tarima. El sill\u00f3n Tribeca es un sill\u00f3n reclinable multifunci\u00f3n con reposa piernas a la que podr\u00e1 incorporar, con dos motores.\u00a0Esta opci\u00f3n de dos motores le permite controlar de forma independiente el soporte y lo reposa piernas.\u00a0Tambi\u00e9n incorpora la opci\u00f3n de elevaci\u00f3n, cu\u00e1l facilitar\u00e1 la movilidad a la hora de levantarse.\u00a0Otra caracter\u00edstica de este sill\u00f3n es su cabezal ajustable, de f\u00e1cil accionamiento, que le dar\u00e1 mayor \u00e1ngulo de posici\u00f3n para la cabeza y cervicales, seg\u00fan el tipo de actividad que realizar\u00e1 (lectura, descanso, ver la TV\u2026).<\/p>\n","protected":false},"excerpt":{"rendered":"<p>Sill\u00f3n reclinable multifunci\u00f3n el\u00e9ctrico con elevaci\u00f3n doble motor independiente.\u00a0Botonera lux, pies de madera color wengue, revestido en ropa lido 03 piedra, esta nueva tela de textura ligera y tacto suave y agradable incorpora un nuevo tratamiento anti-manchas compuesto de Tefl\u00f3n \u2122 lo que facilita la limpieza en caso de alguna peque\u00f1a mancha . El sill\u00f3n de descanso Tribeca cuenta con medidas ajustadas le permitir\u00e1n pasarlo de estancia en estancia, ya que su ancho de 69 cm pasa por la mayor\u00eda de puertas. El asiento continuo mejora el soporte de las piernas, debido a que los puntos de presi\u00f3n se distribuyen uniformemente.\u00a0Puede desenfundar las almohadas del respaldo y el asiento para su lavado (siga detenidamente las instrucciones de lavado de las tapicer\u00edas).\u00a0Podr\u00e1 elegir entre patas de madera de haya pulida o ruedas giratorias con superficie engomada (2 con freno), lo que evitar\u00e1 da\u00f1ar superficies delicadas como la tarima. El sill\u00f3n Tribeca es un sill\u00f3n reclinable multifunci\u00f3n con reposa piernas a la que podr\u00e1 incorporar, con dos motores.\u00a0Esta opci\u00f3n de dos motores le permite controlar de forma independiente el soporte y lo reposa piernas.\u00a0Tambi\u00e9n incorpora la opci\u00f3n de elevaci\u00f3n, cu\u00e1l facilitar\u00e1 la movilidad a la hora de levantarse.\u00a0Otra caracter\u00edstica de este sill\u00f3n es su cabezal ajustable, de f\u00e1cil accionamiento, que le dar\u00e1 mayor \u00e1ngulo de posici\u00f3n para la cabeza y cervicales, seg\u00fan el tipo de actividad que realizar\u00e1 (lectura, descanso, ver la TV\u2026).<\/p>\n","protected":false},"featured_media":3402,"comment_status":"open","ping_status":"closed","template":"","meta":{"_acf_changed":false},"product_brand":[],"product_cat":[94,95,60],"product_tag":[69,96,97],"class_list":{"0":"post-2918","1":"product","2":"type-product","3":"status-publish","4":"has-post-thumbnail","6":"product_cat-sillones-relax","7":"product_cat-sillones-relax-electrico","8":"product_cat-sillones","9":"product_tag-navarro-tapicerias","10":"product_tag-sillones-relax","11":"product_tag-sillones-relax-electrico","13":"first","14":"instock","15":"shipping-taxable","16":"product-type-simple"},"acf":[],"_links":{"self":[{"href":"https:\/\/masterpiel.com\/esp\/wp-json\/wp\/v2\/product\/2918","targetHints":{"allow":["GET"]}}],"collection":[{"href":"https:\/\/masterpiel.com\/esp\/wp-json\/wp\/v2\/product"}],"about":[{"href":"https:\/\/masterpiel.com\/esp\/wp-json\/wp\/v2\/types\/product"}],"replies":[{"embeddable":true,"href":"https:\/\/masterpiel.com\/esp\/wp-json\/wp\/v2\/comments?post=2918"}],"version-history":[{"count":0,"href":"https:\/\/masterpiel.com\/esp\/wp-json\/wp\/v2\/product\/2918\/revisions"}],"wp:featuredmedia":[{"embeddable":true,"href":"https:\/\/masterpiel.com\/esp\/wp-json\/wp\/v2\/media\/3402"}],"wp:attachment":[{"href":"https:\/\/masterpiel.com\/esp\/wp-json\/wp\/v2\/media?parent=2918"}],"wp:term":[{"taxonomy":"product_brand","embeddable":true,"href":"https:\/\/masterpiel.com\/esp\/wp-json\/wp\/v2\/product_brand?post=2918"},{"taxonomy":"product_cat","embeddable":true,"href":"https:\/\/masterpiel.com\/esp\/wp-json\/wp\/v2\/product_cat?post=2918"},{"taxonomy":"product_tag","embeddable":true,"href":"https:\/\/masterpiel.com\/esp\/wp-json\/wp\/v2\/product_tag?post=2918"}],"curies":[{"name":"wp","href":"https:\/\/api.w.org\/{rel}","templated":true}]}}