{"id":2921,"date":"2023-10-05T10:30:39","date_gmt":"2023-10-05T10:30:39","guid":{"rendered":"https:\/\/dreamy-chatterjee.217-160-225-155.plesk.page\/product\/bahia-taburete\/"},"modified":"2025-05-14T11:46:43","modified_gmt":"2025-05-14T11:46:43","slug":"silla-taburete-bahia-calligaris","status":"publish","type":"product","link":"https:\/\/masterpiel.com\/esp\/sillas\/silla-taburete-bahia-calligaris\/","title":{"rendered":"Silla Bahia taburete CALLIGARIS"},"content":{"rendered":"<p>Taburete BAHIA, c\u00f3modo, envolvente, colorido.\u00a0Una silla \u00abbioinspirada y de forma org\u00e1nica\u00bb, como la definieron los dise\u00f1adores Dondoli y Pocci.\u00a0La carcasa de pl\u00e1stico polipropileno evoca el encuentro entre dos grandes p\u00e9talos, la ranura realizada en su punto de uni\u00f3n otorga a los taburetes mayor armon\u00eda y ligereza.\u00a0Base giratoria y extensible con muelle de gas, de metal pintado a tono con asiento.<\/p>\n","protected":false},"excerpt":{"rendered":"<p>Taburete BAHIA, c\u00f3modo, envolvente, colorido.\u00a0Una silla \u00abbioinspirada y de forma org\u00e1nica\u00bb, como la definieron los dise\u00f1adores Dondoli y Pocci.\u00a0La carcasa de pl\u00e1stico polipropileno evoca el encuentro entre dos grandes p\u00e9talos, la ranura realizada en su punto de uni\u00f3n otorga a los taburetes mayor armon\u00eda y ligereza.\u00a0Base giratoria y extensible con muelle de gas, de metal pintado a tono con asiento.<\/p>\n","protected":false},"featured_media":3161,"comment_status":"open","ping_status":"closed","template":"","meta":{"_acf_changed":false},"product_brand":[],"product_cat":[59],"product_tag":[107],"class_list":{"0":"post-2921","1":"product","2":"type-product","3":"status-publish","4":"has-post-thumbnail","6":"product_cat-sillas","7":"product_tag-silla-calligaris","9":"first","10":"instock","11":"shipping-taxable","12":"product-type-simple"},"acf":[],"_links":{"self":[{"href":"https:\/\/masterpiel.com\/esp\/wp-json\/wp\/v2\/product\/2921","targetHints":{"allow":["GET"]}}],"collection":[{"href":"https:\/\/masterpiel.com\/esp\/wp-json\/wp\/v2\/product"}],"about":[{"href":"https:\/\/masterpiel.com\/esp\/wp-json\/wp\/v2\/types\/product"}],"replies":[{"embeddable":true,"href":"https:\/\/masterpiel.com\/esp\/wp-json\/wp\/v2\/comments?post=2921"}],"version-history":[{"count":0,"href":"https:\/\/masterpiel.com\/esp\/wp-json\/wp\/v2\/product\/2921\/revisions"}],"wp:featuredmedia":[{"embeddable":true,"href":"https:\/\/masterpiel.com\/esp\/wp-json\/wp\/v2\/media\/3161"}],"wp:attachment":[{"href":"https:\/\/masterpiel.com\/esp\/wp-json\/wp\/v2\/media?parent=2921"}],"wp:term":[{"taxonomy":"product_brand","embeddable":true,"href":"https:\/\/masterpiel.com\/esp\/wp-json\/wp\/v2\/product_brand?post=2921"},{"taxonomy":"product_cat","embeddable":true,"href":"https:\/\/masterpiel.com\/esp\/wp-json\/wp\/v2\/product_cat?post=2921"},{"taxonomy":"product_tag","embeddable":true,"href":"https:\/\/masterpiel.com\/esp\/wp-json\/wp\/v2\/product_tag?post=2921"}],"curies":[{"name":"wp","href":"https:\/\/api.w.org\/{rel}","templated":true}]}}