{"id":2936,"date":"2023-10-05T10:30:40","date_gmt":"2023-10-05T10:30:40","guid":{"rendered":"https:\/\/dreamy-chatterjee.217-160-225-155.plesk.page\/product\/randy\/"},"modified":"2026-01-28T10:54:54","modified_gmt":"2026-01-28T10:54:54","slug":"sofa-randy-masterpiel","status":"publish","type":"product","link":"https:\/\/masterpiel.com\/esp\/sofas-relax-electrico\/sofa-randy-masterpiel\/","title":{"rendered":"Sof\u00e1 Randy MASTERPIEL"},"content":{"rendered":"\t\t<div data-elementor-type=\"wp-post\" data-elementor-id=\"2936\" class=\"elementor elementor-2936\" data-elementor-post-type=\"product\">\n\t\t\t\t\t\t<section class=\"elementor-section elementor-top-section elementor-element elementor-element-fe9bf52 elementor-section-boxed elementor-section-height-default elementor-section-height-default\" data-id=\"fe9bf52\" data-element_type=\"section\" data-e-type=\"section\">\n\t\t\t\t\t\t<div class=\"elementor-container elementor-column-gap-default\">\n\t\t\t\t\t<div class=\"elementor-column elementor-col-100 elementor-top-column elementor-element elementor-element-3da2b240\" data-id=\"3da2b240\" data-element_type=\"column\" data-e-type=\"column\">\n\t\t\t<div class=\"elementor-widget-wrap elementor-element-populated\">\n\t\t\t\t\t\t<div class=\"elementor-element elementor-element-5c67f277 elementor-widget elementor-widget-text-editor\" data-id=\"5c67f277\" data-element_type=\"widget\" data-e-type=\"widget\" data-widget_type=\"text-editor.default\">\n\t\t\t\t<div class=\"elementor-widget-container\">\n\t\t\t\t\t\t\t\t\t<p>El sof\u00e1 Randy tiene un dise\u00f1o de \u00faltima tendencia en decoraci\u00f3n, adem\u00e1s de ser muy confortable y vers\u00e1til.&nbsp;<span style=\"color: var( --e-global-color-text );\">La principal caracter\u00edstica que define el modelo es su brazo estrecho de 15 cm dotado con un innovador mecanismo articulado. Podr\u00e1 ajustarlo como sof\u00e1 de brazo reducido o inclinarlo para conseguir un mejor apoyo cervical, cuando se tumbe en \u00e9l.<\/span><\/p>\n<p>El relleno de sus respaldos, est\u00e1n fabricados en fibra siliconada envolvente y el relleno de sus asientos en goma espuma HR, con extractos de soja y densidad de 40 kg\/m3. Est\u00e1 combinaci\u00f3n de materiales le har\u00e1n sentir como en una nube.&nbsp;<span style=\"color: var( --e-global-color-text );\">Incorpora un mecanismo \u201cPared Cero\u201d de doble motor, regula independientemente la apertura del mecanismo reclinable y el apoyo cervical. El apoyabrazos tambi\u00e9n es regulable.&nbsp;<\/span><span style=\"color: var( --e-global-color-text );\">Randy est\u00e1 en diferentes medidas de ancho. Esto sumado a su reducido fondo, le permitir\u00e1 adaptarlo a cualquier ambiente.<\/span><\/p>\t\t\t\t\t\t\t\t<\/div>\n\t\t\t\t<\/div>\n\t\t\t\t<div class=\"elementor-element elementor-element-a5447c9 elementor-widget elementor-widget-spacer\" data-id=\"a5447c9\" data-element_type=\"widget\" data-e-type=\"widget\" data-widget_type=\"spacer.default\">\n\t\t\t\t<div class=\"elementor-widget-container\">\n\t\t\t\t\t\t\t<div class=\"elementor-spacer\">\n\t\t\t<div class=\"elementor-spacer-inner\"><\/div>\n\t\t<\/div>\n\t\t\t\t\t\t<\/div>\n\t\t\t\t<\/div>\n\t\t\t\t\t<\/div>\n\t\t<\/div>\n\t\t\t\t\t<\/div>\n\t\t<\/section>\n\t\t\t\t<section class=\"elementor-section elementor-top-section elementor-element elementor-element-c0f963b elementor-section-content-middle elementor-section-full_width elementor-section-height-default elementor-section-height-default\" data-id=\"c0f963b\" data-element_type=\"section\" data-e-type=\"section\">\n\t\t\t\t\t\t<div class=\"elementor-container elementor-column-gap-extended\">\n\t\t\t\t\t<div class=\"elementor-column elementor-col-50 elementor-top-column elementor-element elementor-element-cdd5762\" data-id=\"cdd5762\" data-element_type=\"column\" data-e-type=\"column\">\n\t\t\t<div class=\"elementor-widget-wrap elementor-element-populated\">\n\t\t\t\t\t\t<div class=\"elementor-element elementor-element-45b6e09 elementor-widget elementor-widget-heading\" data-id=\"45b6e09\" data-element_type=\"widget\" data-e-type=\"widget\" data-widget_type=\"heading.default\">\n\t\t\t\t<div class=\"elementor-widget-container\">\n\t\t\t\t\t<h2 class=\"elementor-heading-title elementor-size-default\">M\u00f3dulos<\/h2>\t\t\t\t<\/div>\n\t\t\t\t<\/div>\n\t\t\t\t<div class=\"elementor-element elementor-element-166c6e9 elementor-widget elementor-widget-text-editor\" data-id=\"166c6e9\" data-element_type=\"widget\" data-e-type=\"widget\" data-widget_type=\"text-editor.default\">\n\t\t\t\t<div class=\"elementor-widget-container\">\n\t\t\t\t\t\t\t\t\t<div class=\"custom_font_holder\">Fijo + cabezal manual.<br \/>El\u00e9ctrico + cabezal el\u00e9ctrico.<br \/>Chaise Longue (cabezal manual o el\u00e9ctrico).<\/div>\t\t\t\t\t\t\t\t<\/div>\n\t\t\t\t<\/div>\n\t\t\t\t\t<\/div>\n\t\t<\/div>\n\t\t\t\t<div class=\"elementor-column elementor-col-50 elementor-top-column elementor-element elementor-element-c37fa36\" data-id=\"c37fa36\" data-element_type=\"column\" data-e-type=\"column\">\n\t\t\t<div class=\"elementor-widget-wrap elementor-element-populated\">\n\t\t\t\t\t\t<div class=\"elementor-element elementor-element-3f97f5b elementor-arrows-position-inside elementor-pagination-position-outside elementor-widget elementor-widget-image-carousel\" data-id=\"3f97f5b\" data-element_type=\"widget\" data-e-type=\"widget\" data-settings=\"{&quot;slides_to_show&quot;:&quot;1&quot;,&quot;navigation&quot;:&quot;both&quot;,&quot;autoplay&quot;:&quot;yes&quot;,&quot;pause_on_hover&quot;:&quot;yes&quot;,&quot;pause_on_interaction&quot;:&quot;yes&quot;,&quot;autoplay_speed&quot;:5000,&quot;infinite&quot;:&quot;yes&quot;,&quot;effect&quot;:&quot;slide&quot;,&quot;speed&quot;:500}\" data-widget_type=\"image-carousel.default\">\n\t\t\t\t<div class=\"elementor-widget-container\">\n\t\t\t\t\t\t\t<div class=\"elementor-image-carousel-wrapper swiper\" role=\"region\" aria-roledescription=\"carousel\" aria-label=\"Carrusel de im\u00e1genes\" dir=\"ltr\">\n\t\t\t<div class=\"elementor-image-carousel swiper-wrapper\" aria-live=\"off\">\n\t\t\t\t\t\t\t\t<div class=\"swiper-slide\" role=\"group\" aria-roledescription=\"slide\" aria-label=\"1 de 2\"><figure class=\"swiper-slide-inner\"><img decoding=\"async\" class=\"swiper-slide-image\" src=\"https:\/\/masterpiel.com\/wp-content\/uploads\/2023\/10\/randy-c-2.webp\" alt=\"randy-c\" title=\"\"><\/figure><\/div><div class=\"swiper-slide\" role=\"group\" aria-roledescription=\"slide\" aria-label=\"2 de 2\"><figure class=\"swiper-slide-inner\"><img decoding=\"async\" class=\"swiper-slide-image\" src=\"https:\/\/masterpiel.com\/wp-content\/uploads\/2023\/10\/randy-c1.webp\" alt=\"randy-c1\" title=\"\"><\/figure><\/div>\t\t\t<\/div>\n\t\t\t\t\t\t\t\t\t\t\t\t<div class=\"elementor-swiper-button elementor-swiper-button-prev\" role=\"button\" tabindex=\"0\">\n\t\t\t\t\t\t<i aria-hidden=\"true\" class=\"eicon-chevron-left\"><\/i>\t\t\t\t\t<\/div>\n\t\t\t\t\t<div class=\"elementor-swiper-button elementor-swiper-button-next\" role=\"button\" tabindex=\"0\">\n\t\t\t\t\t\t<i aria-hidden=\"true\" class=\"eicon-chevron-right\"><\/i>\t\t\t\t\t<\/div>\n\t\t\t\t\n\t\t\t\t\t\t\t\t\t<div class=\"swiper-pagination\"><\/div>\n\t\t\t\t\t\t\t\t\t<\/div>\n\t\t\t\t\t\t<\/div>\n\t\t\t\t<\/div>\n\t\t\t\t\t<\/div>\n\t\t<\/div>\n\t\t\t\t\t<\/div>\n\t\t<\/section>\n\t\t\t\t<section class=\"elementor-section elementor-top-section elementor-element elementor-element-7565f1d elementor-section-boxed elementor-section-height-default elementor-section-height-default\" data-id=\"7565f1d\" data-element_type=\"section\" data-e-type=\"section\">\n\t\t\t\t\t\t<div class=\"elementor-container elementor-column-gap-default\">\n\t\t\t\t\t<div class=\"elementor-column elementor-col-100 elementor-top-column elementor-element elementor-element-bc4878d\" data-id=\"bc4878d\" data-element_type=\"column\" data-e-type=\"column\">\n\t\t\t<div class=\"elementor-widget-wrap elementor-element-populated\">\n\t\t\t\t\t\t<div class=\"elementor-element elementor-element-755b09f elementor-widget elementor-widget-spacer\" data-id=\"755b09f\" data-element_type=\"widget\" data-e-type=\"widget\" data-widget_type=\"spacer.default\">\n\t\t\t\t<div class=\"elementor-widget-container\">\n\t\t\t\t\t\t\t<div class=\"elementor-spacer\">\n\t\t\t<div class=\"elementor-spacer-inner\"><\/div>\n\t\t<\/div>\n\t\t\t\t\t\t<\/div>\n\t\t\t\t<\/div>\n\t\t\t\t\t<\/div>\n\t\t<\/div>\n\t\t\t\t\t<\/div>\n\t\t<\/section>\n\t\t\t\t<section class=\"elementor-section elementor-top-section elementor-element elementor-element-7568dda elementor-section-content-middle elementor-reverse-mobile elementor-section-boxed elementor-section-height-default elementor-section-height-default\" data-id=\"7568dda\" data-element_type=\"section\" data-e-type=\"section\">\n\t\t\t\t\t\t<div class=\"elementor-container elementor-column-gap-extended\">\n\t\t\t\t\t<div class=\"elementor-column elementor-col-50 elementor-top-column elementor-element elementor-element-64121a7\" data-id=\"64121a7\" data-element_type=\"column\" data-e-type=\"column\">\n\t\t\t<div class=\"elementor-widget-wrap elementor-element-populated\">\n\t\t\t\t\t\t<div class=\"elementor-element elementor-element-a1b0124 elementor-widget elementor-widget-text-editor\" data-id=\"a1b0124\" data-element_type=\"widget\" data-e-type=\"widget\" data-widget_type=\"text-editor.default\">\n\t\t\t\t<div class=\"elementor-widget-container\">\n\t\t\t\t\t\t\t\t\t<p>Sof\u00e1 Pared Cero (separaci\u00f3n 13 cm) o fijo Reposa-piernas sobre elevados.<br \/>Apoya-brazos regulable.<br \/>Cabezal regulable manual o el\u00e9ctrico.<br \/>Botonera oculta.<br \/>Relleno del respaldo en Fibra de poli\u00e9ster siliconada reciclada de espiral hueca.<br \/>Asiento continuo y respaldo desenfundables.<br \/>Estructura del sof\u00e1 en madera de pino y MDF.<\/p>\t\t\t\t\t\t\t\t<\/div>\n\t\t\t\t<\/div>\n\t\t\t\t<div class=\"elementor-element elementor-element-676db64 elementor-widget elementor-widget-text-editor\" data-id=\"676db64\" data-element_type=\"widget\" data-e-type=\"widget\" data-widget_type=\"text-editor.default\">\n\t\t\t\t<div class=\"elementor-widget-container\">\n\t\t\t\t\t\t\t\t\t<p>Espumas:<br \/>Asiento 40 kg\/m\u00b3 HR-Soja.<br \/>Respaldo Fibra de poli\u00e9ster.<br \/>Resto 20-30 kg\/m\u00b3<\/p>\t\t\t\t\t\t\t\t<\/div>\n\t\t\t\t<\/div>\n\t\t\t\t<div class=\"elementor-element elementor-element-45c179e elementor-widget elementor-widget-text-editor\" data-id=\"45c179e\" data-element_type=\"widget\" data-e-type=\"widget\" data-widget_type=\"text-editor.default\">\n\t\t\t\t<div class=\"elementor-widget-container\">\n\t\t\t\t\t\t\t\t\t<p>Suspensi\u00f3n de asiento en muelle Zigzag (nosag) 4 mm \u00d8, de alta resistencia.<br \/>Suspensi\u00f3n de respaldo en cincha el\u00e1stica de 80 mm.<br \/>Patas de 12,5 cm. Met\u00e1licas o de madera.<br \/>Ancho de asiento 70, 80, 90 o 100 cm.<br \/>Cosido reforzado con pesta\u00f1a.<\/p>\t\t\t\t\t\t\t\t<\/div>\n\t\t\t\t<\/div>\n\t\t\t\t\t<\/div>\n\t\t<\/div>\n\t\t\t\t<div class=\"elementor-column elementor-col-50 elementor-top-column elementor-element elementor-element-4314679\" data-id=\"4314679\" data-element_type=\"column\" data-e-type=\"column\">\n\t\t\t<div class=\"elementor-widget-wrap elementor-element-populated\">\n\t\t\t\t\t\t<div class=\"elementor-element elementor-element-67c80ca elementor-widget elementor-widget-heading\" data-id=\"67c80ca\" data-element_type=\"widget\" data-e-type=\"widget\" data-widget_type=\"heading.default\">\n\t\t\t\t<div class=\"elementor-widget-container\">\n\t\t\t\t\t<h2 class=\"elementor-heading-title elementor-size-default\">Caracter\u00edsticas T\u00e9cnicas<\/h2>\t\t\t\t<\/div>\n\t\t\t\t<\/div>\n\t\t\t\t\t<\/div>\n\t\t<\/div>\n\t\t\t\t\t<\/div>\n\t\t<\/section>\n\t\t\t\t<\/div>\n\t\t","protected":false},"excerpt":{"rendered":"<p>Sof\u00e1 3 plazas &#8211; 2 relax &#8211; 2 motores en tela. Consultar otras configuraciones y tejidos.<\/p>\n<p>El sof\u00e1 Randy tiene un dise\u00f1o de \u00faltima tendencia en decoraci\u00f3n, adem\u00e1s de ser muy confortable y vers\u00e1til.\u00a0La principal caracter\u00edstica que define el modelo es su brazo estrecho de 15 cm dotado con un innovador mecanismo articulado. Podr\u00e1 ajustarlo como sof\u00e1 de brazo reducido o inclinarlo para conseguir un mejor apoyo cervical, cuando se tumbe en \u00e9l.<\/p>\n<p>El relleno de sus respaldos, est\u00e1n fabricados en fibra siliconada envolvente y el relleno de sus asientos en goma espuma HR, con extractos de soja y densidad de 40 kg\/m3. Est\u00e1 combinaci\u00f3n de materiales le har\u00e1n sentir como en una nube.\u00a0Incorpora un mecanismo \u201cPared Cero\u201d de doble motor, regula independientemente la apertura del mecanismo reclinable y el apoyo cervical. El apoyabrazos tambi\u00e9n es regulable.<\/p>\n<p>Randy est\u00e1 en diferentes medidas de ancho. Esto sumado a su reducido fondo, le permitir\u00e1 adaptarlo a cualquier ambiente.<\/p>\n","protected":false},"featured_media":3891,"comment_status":"open","ping_status":"closed","template":"","meta":{"_acf_changed":false},"product_brand":[],"product_cat":[54,62],"product_tag":[148,101],"class_list":{"0":"post-2936","1":"product","2":"type-product","3":"status-publish","4":"has-post-thumbnail","6":"product_cat-sofas","7":"product_cat-sofas-relax-electrico","8":"product_tag-master","9":"product_tag-sofa-relax-electrico","11":"first","12":"instock","13":"shipping-taxable","14":"product-type-simple"},"acf":[],"_links":{"self":[{"href":"https:\/\/masterpiel.com\/esp\/wp-json\/wp\/v2\/product\/2936","targetHints":{"allow":["GET"]}}],"collection":[{"href":"https:\/\/masterpiel.com\/esp\/wp-json\/wp\/v2\/product"}],"about":[{"href":"https:\/\/masterpiel.com\/esp\/wp-json\/wp\/v2\/types\/product"}],"replies":[{"embeddable":true,"href":"https:\/\/masterpiel.com\/esp\/wp-json\/wp\/v2\/comments?post=2936"}],"version-history":[{"count":0,"href":"https:\/\/masterpiel.com\/esp\/wp-json\/wp\/v2\/product\/2936\/revisions"}],"wp:featuredmedia":[{"embeddable":true,"href":"https:\/\/masterpiel.com\/esp\/wp-json\/wp\/v2\/media\/3891"}],"wp:attachment":[{"href":"https:\/\/masterpiel.com\/esp\/wp-json\/wp\/v2\/media?parent=2936"}],"wp:term":[{"taxonomy":"product_brand","embeddable":true,"href":"https:\/\/masterpiel.com\/esp\/wp-json\/wp\/v2\/product_brand?post=2936"},{"taxonomy":"product_cat","embeddable":true,"href":"https:\/\/masterpiel.com\/esp\/wp-json\/wp\/v2\/product_cat?post=2936"},{"taxonomy":"product_tag","embeddable":true,"href":"https:\/\/masterpiel.com\/esp\/wp-json\/wp\/v2\/product_tag?post=2936"}],"curies":[{"name":"wp","href":"https:\/\/api.w.org\/{rel}","templated":true}]}}