{"id":3450,"date":"2023-10-09T11:24:02","date_gmt":"2023-10-09T11:24:02","guid":{"rendered":"https:\/\/dreamy-chatterjee.217-160-225-155.plesk.page\/?post_type=product&#038;p=3450"},"modified":"2025-07-24T08:15:57","modified_gmt":"2025-07-24T08:15:57","slug":"sillon-stressless-wing","status":"publish","type":"product","link":"https:\/\/masterpiel.com\/esp\/sillones-relax-electrico\/sillon-stressless-wing\/","title":{"rendered":"Sill\u00f3n Wing STRESSLESS"},"content":{"rendered":"<p>Su imagen es lujosa y moderna, ideal para aquellas personas con un sentido cl\u00e1sico del estilo. El Stressless Wing se present\u00f3 en 1994 y es uno de los dise\u00f1os m\u00e1s populares de nuestra historia. Bajo una superficie de dise\u00f1o atemporal se ocultan componentes mec\u00e1nicos vanguardistas y todas la patentes de la marca para ofrecerle la \u00fanica y verdadera experiencia Stressles.<\/p>\n","protected":false},"excerpt":{"rendered":"<p>Su imagen es lujosa y moderna, ideal para aquellas personas con un sentido cl\u00e1sico del estilo. El Stressless Wing se present\u00f3 en 1994 y es uno de los dise\u00f1os m\u00e1s populares de nuestra historia. Bajo una superficie de dise\u00f1o atemporal se ocultan componentes mec\u00e1nicos vanguardistas y todas la patentes de la marca para ofrecerle la \u00fanica y verdadera experiencia Stressles.<\/p>\n","protected":false},"featured_media":3886,"comment_status":"open","ping_status":"closed","template":"","meta":{"_acf_changed":false},"product_brand":[124],"product_cat":[94,95,60],"product_tag":[113,96,97,63],"class_list":{"0":"post-3450","1":"product","2":"type-product","3":"status-publish","4":"has-post-thumbnail","6":"product_brand-stressless","7":"product_cat-sillones-relax","8":"product_cat-sillones-relax-electrico","9":"product_cat-sillones","10":"product_tag-sillon-stressless","11":"product_tag-sillones-relax","12":"product_tag-sillones-relax-electrico","13":"product_tag-stressless","15":"first","16":"instock","17":"shipping-taxable","18":"product-type-simple"},"acf":[],"_links":{"self":[{"href":"https:\/\/masterpiel.com\/esp\/wp-json\/wp\/v2\/product\/3450","targetHints":{"allow":["GET"]}}],"collection":[{"href":"https:\/\/masterpiel.com\/esp\/wp-json\/wp\/v2\/product"}],"about":[{"href":"https:\/\/masterpiel.com\/esp\/wp-json\/wp\/v2\/types\/product"}],"replies":[{"embeddable":true,"href":"https:\/\/masterpiel.com\/esp\/wp-json\/wp\/v2\/comments?post=3450"}],"version-history":[{"count":0,"href":"https:\/\/masterpiel.com\/esp\/wp-json\/wp\/v2\/product\/3450\/revisions"}],"wp:featuredmedia":[{"embeddable":true,"href":"https:\/\/masterpiel.com\/esp\/wp-json\/wp\/v2\/media\/3886"}],"wp:attachment":[{"href":"https:\/\/masterpiel.com\/esp\/wp-json\/wp\/v2\/media?parent=3450"}],"wp:term":[{"taxonomy":"product_brand","embeddable":true,"href":"https:\/\/masterpiel.com\/esp\/wp-json\/wp\/v2\/product_brand?post=3450"},{"taxonomy":"product_cat","embeddable":true,"href":"https:\/\/masterpiel.com\/esp\/wp-json\/wp\/v2\/product_cat?post=3450"},{"taxonomy":"product_tag","embeddable":true,"href":"https:\/\/masterpiel.com\/esp\/wp-json\/wp\/v2\/product_tag?post=3450"}],"curies":[{"name":"wp","href":"https:\/\/api.w.org\/{rel}","templated":true}]}}